{"id":1030708,"date":"2024-06-27T19:42:36","date_gmt":"2024-06-27T11:42:36","guid":{"rendered":"https:\/\/vimaterial.de\/product\/lega-di-zirconio-e-alluminio-al-silicio\/"},"modified":"2025-02-24T11:05:47","modified_gmt":"2025-02-24T03:05:47","slug":"lega-di-silicio-alluminio-zirconio","status":"publish","type":"product","link":"https:\/\/vimaterial.de\/it\/product\/lega-di-silicio-alluminio-zirconio\/","title":{"rendered":"Lega di silicio alluminio zirconio"},"content":{"rendered":"<p>I bersagli rotanti in lega di silicio e alluminio e zirconio sono bersagli tubolari per sputtering realizzati con materiali in lega composti da tre elementi: silicio, alluminio e zirconio, che sono ampiamente utilizzati nei semiconduttori, nell&#8217;ottica, nell&#8217;elettronica e in altri campi con una buona conduttivit\u00e0 elettrica, conduttivit\u00e0 termica, resistenza alla corrosione e altre propriet\u00e0 prestazionali e possono essere utilizzati per preparare materiali a film sottile di alta qualit\u00e0.<\/p>\n<p>VIMATERIAL fornisce bersagli rotanti in lega di silicio e alluminio zirconio con elevata purezza, composizione uniforme, elevata efficienza di sputtering e supportiamo il servizio di rilegatura del bersaglio. Siamo specializzati in innovazioni di materiali chimici all&#8217;avanguardia e disponiamo di un team tecnico esperto per supportare la personalizzazione e lo sviluppo del prodotto, <span style=\"color: #0000ff;\"><a style=\"color: #0000ff;\" href=\"https:\/\/vimaterial.de\/it\/contatto\/\">contattaci<\/a><\/span> se hai bisogno di maggiori informazioni.<\/p>\n<h2><span style=\"font-size: 14pt;\">Caratteristiche<\/span><\/h2>\n<p>Formula molecolare: SiAlZr<\/p>\n<p>Aspetto: solitamente grigio argento lucido metallizzato<\/p>\n<p>Struttura cristallina: i bersagli del tubo SiAlZr hanno una struttura cristallina complessa, che di solito forma una struttura in soluzione solida.<\/p>\n<h2><span style=\"font-size: 14pt;\">Applicazioni<\/span><\/h2>\n<p>Industria elettronica: il bersaglio del tubo SiAlZr viene utilizzato nella produzione di chip semiconduttori, che possono formare uno specifico film funzionale sulla superficie del chip attraverso la deposizione fisica di vapore per migliorare le prestazioni e la stabilit\u00e0 del chip.<\/p>\n<p>Campo ottico: Nella produzione di componenti ottici, i bersagli del tubo SiAlZr vengono utilizzati per la preparazione di pellicole di miglioramento della trasmittanza, pellicole riflettenti, ecc. per migliorare le prestazioni ottiche dei componenti ottici.<\/p>\n<p>Lavorazione meccanica: nel campo della lavorazione meccanica, il bersaglio del tubo SiAlZr pu\u00f2 essere utilizzato per il rivestimento superficiale di utensili da taglio, stampi, ecc., Per migliorarne la durezza, la resistenza all&#8217;usura e la resistenza alla corrosione e prolungare la durata.<\/p>\n<h2><span style=\"font-size: 14pt;\">Controllo qualit\u00e0<\/span><\/h2>\n<p><span style=\"color: #0000ff;\"><a style=\"color: #0000ff;\" href=\"https:\/\/vimaterial.de\/it\/controllo-qualita\/\">I nostri prodotti<\/a> <span style=\"color: #000000;\">sono prodotti secondo un rigoroso sistema di qualit\u00e0, con obiettivi di qualit\u00e0 controllati lungo l&#8217;intera catena di produzione. I prodotti vengono ispezionati e testati pi\u00f9 volte durante il processo di produzione e vengono spediti solo dopo test dettagliati delle specifiche. I registri dei test dei prodotti sono mantenuti completi e tracciabili e i nostri prodotti sono conformi a tutti gli standard ASTM e specifici del settore e le ispezioni di terze parti sono disponibili su richiesta. <\/span><\/span><\/p>\n<h2><span style=\"font-size: 14pt;\">Imballaggio e stoccaggio<\/span><\/h2>\n<p>I bersagli rotanti in lega di silicio e alluminio e zirconio sono confezionati sottovuoto e collocati in casse di legno personalizzate per il rinforzo per garantire un trasporto sicuro.<\/p>\n<p>I bersagli rotanti in lega di silicio e alluminio zirconio devono essere conservati in un ambiente asciutto e ben ventilato a una temperatura adeguata per evitare umidit\u00e0, ossidazione e impatto meccanico.<\/p>\n","protected":false},"excerpt":{"rendered":"<p>I bersagli rotanti in lega di silicio alluminio zirconio sono bersagli tubolari per sputtering realizzati con materiali in lega composti da tre elementi: silicio, alluminio e zirconio, che sono ampiamente utilizzati nei semiconduttori, nell&#8217;ottica, nell&#8217;elettronica e in altri campi con una buona conduttivit\u00e0 elettrica, conduttivit\u00e0 termica, resistenza alla corrosione e altre propriet\u00e0 prestazionali e possono essere utilizzati per preparare materiali a film sottile di alta qualit\u00e0.<\/p>\n","protected":false},"featured_media":1034773,"comment_status":"open","ping_status":"closed","template":"","meta":{"_acf_changed":false},"product_brand":[],"product_cat":[209],"product_tag":[],"class_list":{"0":"post-1030708","1":"product","2":"type-product","3":"status-publish","4":"has-post-thumbnail","6":"product_cat-obiettivi-di-sputtering-rotanti","8":"first","9":"instock","10":"shipping-taxable","11":"product-type-variable"},"acf":[],"_links":{"self":[{"href":"https:\/\/vimaterial.de\/it\/wp-json\/wp\/v2\/product\/1030708","targetHints":{"allow":["GET"]}}],"collection":[{"href":"https:\/\/vimaterial.de\/it\/wp-json\/wp\/v2\/product"}],"about":[{"href":"https:\/\/vimaterial.de\/it\/wp-json\/wp\/v2\/types\/product"}],"replies":[{"embeddable":true,"href":"https:\/\/vimaterial.de\/it\/wp-json\/wp\/v2\/comments?post=1030708"}],"wp:featuredmedia":[{"embeddable":true,"href":"https:\/\/vimaterial.de\/it\/wp-json\/wp\/v2\/media\/1034773"}],"wp:attachment":[{"href":"https:\/\/vimaterial.de\/it\/wp-json\/wp\/v2\/media?parent=1030708"}],"wp:term":[{"taxonomy":"product_brand","embeddable":true,"href":"https:\/\/vimaterial.de\/it\/wp-json\/wp\/v2\/product_brand?post=1030708"},{"taxonomy":"product_cat","embeddable":true,"href":"https:\/\/vimaterial.de\/it\/wp-json\/wp\/v2\/product_cat?post=1030708"},{"taxonomy":"product_tag","embeddable":true,"href":"https:\/\/vimaterial.de\/it\/wp-json\/wp\/v2\/product_tag?post=1030708"}],"curies":[{"name":"wp","href":"https:\/\/api.w.org\/{rel}","templated":true}]}}