{"id":1030693,"date":"2024-06-27T19:42:13","date_gmt":"2024-06-27T11:42:13","guid":{"rendered":"https:\/\/vimaterial.de\/product\/lega-di-alluminio-al-silicio-2\/"},"modified":"2025-02-24T13:53:29","modified_gmt":"2025-02-24T05:53:29","slug":"lega-di-alluminio-al-silicio-2","status":"publish","type":"product","link":"https:\/\/vimaterial.de\/it\/product\/lega-di-alluminio-al-silicio-2\/","title":{"rendered":"Lega di alluminio al silicio"},"content":{"rendered":"<p>I bersagli a tubo rotante in <span style=\"color: #0000ff;\"><a style=\"color: #0000ff;\" href=\"https:\/\/vimaterial.de\/it\/product\/lega-di-alluminio-al-silicio\/\">silicio e alluminio<\/a><\/span> sono bersagli tubolari sputtering costituiti da una lega di due elementi, silicio (Si) e alluminio (Al), che svolgono un ruolo chiave in molti campi high-tech. Con le loro propriet\u00e0 uniche, sono ampiamente utilizzati in settori all&#8217;avanguardia come semiconduttori, ottica, elettronica, ecc. e sono indispensabili per la preparazione di materiali a film sottile ad alte prestazioni.<\/p>\n<p>I bersagli a tubo rotante in silicio e alluminio forniti da VIMATERIAL sono caratterizzati da una purezza del 99,95%, una composizione uniforme e un&#8217;elevata efficienza di sputtering. Abbiamo un team che si concentra sull&#8217;innovazione di materiali chimici all&#8217;avanguardia, con una ricca esperienza nella tecnologia, siamo in grado di fornire ai clienti servizi di rilegatura mirati, ma anche di supportare la personalizzazione e lo sviluppo dei prodotti, se ne hai bisogno, <span style=\"color: #0000ff;\"><a style=\"color: #0000ff;\" href=\"https:\/\/vimaterial.de\/it\/contatto\/\">contattaci<\/a><\/span>.<\/p>\n<h2><span style=\"font-size: 14pt;\">Caratteristiche<\/span><\/h2>\n<p>Formula molecolare: SiAl<\/p>\n<p>Densit\u00e0: 2,64 g\/cm\u00b3<\/p>\n<p>Punto di fusione: 660\u00b0C<\/p>\n<p>Punto di ebollizione: 2519\u00b0C<\/p>\n<p>Aspetto: lucentezza metallizzata grigio argento<\/p>\n<p>Struttura cristallina: la struttura cristallina del bersaglio del tubo rotante SiAl mostra una complessa struttura in soluzione solida, che conferisce al bersaglio eccellenti prestazioni complete.<\/p>\n<h2><span style=\"font-size: 14pt;\">Applicazioni<\/span><\/h2>\n<p>Industria elettronica: i bersagli rotanti per tubi SiAl svolgono un ruolo importante nel processo di produzione dei chip semiconduttori. Attraverso la tecnologia di deposizione fisica da vapore, sulla superficie del chip si formano con precisione specifici film sottili funzionali, migliorando cos\u00ec significativamente le prestazioni e la stabilit\u00e0 del chip e aiutando il chip a funzionare in modo affidabile in ambienti complessi e ad alta velocit\u00e0.<\/p>\n<p>Campo ottico: Nella produzione di componenti ottici, i bersagli a tubo rotante SiAl vengono utilizzati per preparare una variet\u00e0 di film chiave, come pellicole per il miglioramento della trasmittanza e pellicole riflettenti. Queste pellicole possono migliorare efficacemente le prestazioni ottiche dei componenti ottici, rendendo l&#8217;immagine dell&#8217;obiettivo pi\u00f9 chiara e la risoluzione degli strumenti ottici pi\u00f9 elevata.<\/p>\n<p>Lavorazione meccanica: nel campo della lavorazione meccanica, il bersaglio del tubo rotante SiAl viene utilizzato per rivestire la superficie di utensili da taglio, stampi, ecc., che possono migliorare notevolmente la loro durezza, resistenza all&#8217;usura e resistenza alla corrosione, prolungare efficacemente la durata di questi strumenti e ridurre i costi di produzione.<\/p>\n<h2><span style=\"font-size: 14pt;\">Controllo qualit\u00e0<\/span><\/h2>\n<p><span style=\"color: #0000ff;\"><a style=\"color: #0000ff;\" href=\"https:\/\/vimaterial.de\/it\/controllo-qualita\/\">Seguiamo rigorosamente un sistema di controllo della qualit\u00e0 completo<\/a> <\/span>per controllare gli obiettivi di qualit\u00e0 lungo tutta la catena di produzione. I prodotti sono sottoposti a una serie di ispezioni e test rigorosi durante il processo di produzione e possono lasciare la fabbrica solo dopo aver superato test dettagliati delle specifiche. I registri dei test sono conservati per tutti i prodotti e la tracciabilit\u00e0 \u00e8 mantenuta per garantire che ogni prodotto soddisfi gli standard ASTM e specifici del settore. Su richiesta sono disponibili anche ispezioni di terze parti per garantire la massima tranquillit\u00e0 ai clienti.<\/p>\n<h2><span style=\"font-size: 14pt;\">Imballaggio e stoccaggio<\/span><\/h2>\n<p>Imballaggio: I bersagli del tubo rotante in alluminio siliconico sono confezionati sottovuoto in imballaggi a doppio strato per massimizzare la barriera all&#8217;aria e all&#8217;umidit\u00e0, e quindi collocati in casse di legno personalizzate per il rinforzo per garantire la sicurezza a tutto tondo durante il trasporto.<\/p>\n<p>Conservazione: i bersagli rotanti in alluminio silicio devono essere conservati in un ambiente asciutto e ben ventilato a una temperatura adeguata, evitando umidit\u00e0, ossidazione e impatti meccanici per mantenere prestazioni ottimali del prodotto.<\/p>\n","protected":false},"excerpt":{"rendered":"<div data-zone-id=\"0\" data-line-index=\"0\" data-line=\"true\">I bersagli a tubo rotante in silicio e alluminio, ovvero in lega di alluminio al silicio, sono bersagli tubolari sputtering costituiti da una lega di due elementi, silicio (Si) e alluminio (Al), che svolgono un ruolo chiave in molti campi high &#8211; tech. Con le loro propriet\u00e0 uniche, sono ampiamente utilizzati in settori all&#8217;avanguardia come semiconduttori, ottica, elettronica, ecc. e sono indispensabili per la preparazione di materiali a film sottile ad alte prestazioni.<\/div>\n","protected":false},"featured_media":1034768,"comment_status":"open","ping_status":"closed","template":"","meta":{"_acf_changed":false},"product_brand":[],"product_cat":[209],"product_tag":[],"class_list":{"0":"post-1030693","1":"product","2":"type-product","3":"status-publish","4":"has-post-thumbnail","6":"product_cat-obiettivi-di-sputtering-rotanti","8":"first","9":"instock","10":"shipping-taxable","11":"product-type-variable"},"acf":[],"_links":{"self":[{"href":"https:\/\/vimaterial.de\/it\/wp-json\/wp\/v2\/product\/1030693","targetHints":{"allow":["GET"]}}],"collection":[{"href":"https:\/\/vimaterial.de\/it\/wp-json\/wp\/v2\/product"}],"about":[{"href":"https:\/\/vimaterial.de\/it\/wp-json\/wp\/v2\/types\/product"}],"replies":[{"embeddable":true,"href":"https:\/\/vimaterial.de\/it\/wp-json\/wp\/v2\/comments?post=1030693"}],"wp:featuredmedia":[{"embeddable":true,"href":"https:\/\/vimaterial.de\/it\/wp-json\/wp\/v2\/media\/1034768"}],"wp:attachment":[{"href":"https:\/\/vimaterial.de\/it\/wp-json\/wp\/v2\/media?parent=1030693"}],"wp:term":[{"taxonomy":"product_brand","embeddable":true,"href":"https:\/\/vimaterial.de\/it\/wp-json\/wp\/v2\/product_brand?post=1030693"},{"taxonomy":"product_cat","embeddable":true,"href":"https:\/\/vimaterial.de\/it\/wp-json\/wp\/v2\/product_cat?post=1030693"},{"taxonomy":"product_tag","embeddable":true,"href":"https:\/\/vimaterial.de\/it\/wp-json\/wp\/v2\/product_tag?post=1030693"}],"curies":[{"name":"wp","href":"https:\/\/api.w.org\/{rel}","templated":true}]}}