{"id":1030677,"date":"2024-06-27T19:42:07","date_gmt":"2024-06-27T11:42:07","guid":{"rendered":"https:\/\/vimaterial.de\/product\/silicio-5\/"},"modified":"2025-02-24T15:37:23","modified_gmt":"2025-02-24T07:37:23","slug":"silicio-5","status":"publish","type":"product","link":"https:\/\/vimaterial.de\/it\/product\/silicio-5\/","title":{"rendered":"Silicio"},"content":{"rendered":"<p><span style=\"color: #0000ff;\">I bersagli in tubo di <a style=\"color: #0000ff;\" href=\"https:\/\/vimaterial.de\/it\/product\/silicio-3\/\">silicio<\/a><\/span> sono realizzati in silicio come elemento singolo, con una tipica struttura cristallina di tipo diamantato e un aspetto grigio-nero metallizzato, e sono utilizzati principalmente nei settori dei semiconduttori, del fotovoltaico e del rivestimento ottico.<\/p>\n<p>I prodotti in silicio di VIMATERIAL hanno una composizione omogenea, che consente il rilascio uniforme di atomi di silicio durante il processo di sputtering e realizza uno sputtering efficiente. Nel frattempo, disponiamo di un team tecnico professionale con una ricca esperienza nei servizi di rilegatura mirata, in grado di fornire soluzioni one-stop per i nostri clienti. Inoltre, ci concentriamo sull&#8217;innovazione dei materiali all&#8217;avanguardia e supportiamo la personalizzazione e lo sviluppo dei prodotti per soddisfare le esigenze individuali dei clienti. Se hai esigenze correlate, non esitare a <span style=\"color: #0000ff;\"><a style=\"color: #0000ff;\" href=\"https:\/\/vimaterial.de\/it\/contatto\/\">contattarci<\/a><\/span>.<\/p>\n<h2><span style=\"font-size: 14pt;\">Caratteristiche<\/span><\/h2>\n<p>Peso molecolare: 28,0855<\/p>\n<p>Aspetto: solitamente grigio-nero con tessitura metallica, con lucentezza<\/p>\n<p>Densit\u00e0: 2,32-2,34 g\/cm\u00b3.<\/p>\n<p>Punto di fusione: 1410\u00b0C<\/p>\n<p>Punto di ebollizione: 2355\u00b0C<\/p>\n<p>Struttura cristallina: tipica struttura cristallina di tipo diamante, gli atomi sono strettamente legati da legami covalenti, questa struttura stabile conferisce al bersaglio eccellenti propriet\u00e0 fisiche.<\/p>\n<h2><span style=\"font-size: 14pt;\">Applicazioni<\/span><\/h2>\n<p>Industria dei semiconduttori: i bersagli dei tubi di silicio svolgono un ruolo chiave nella produzione di chip semiconduttori. Utilizzando la tecnologia di deposizione fisica da vapore, i film sottili di silicio possono essere depositati con precisione sul substrato del chip e utilizzati per costruire transistor, circuiti integrati e altri componenti chiave, migliorando notevolmente la velocit\u00e0 di calcolo e la stabilit\u00e0 del chip ed \u00e8 un importante materiale di base per promuovere il continuo sviluppo dell&#8217;industria dei semiconduttori.<\/p>\n<p>Industria fotovoltaica: nella produzione di pannelli solari, i bersagli del tubo Si vengono utilizzati per la preparazione di film sottili a base di silicio, in grado di assorbire in modo efficiente l&#8217;energia solare e convertirla in elettricit\u00e0, migliorando l&#8217;efficienza di conversione della fotoelettricit\u00e0 delle celle solari e fornendo un forte supporto per lo sviluppo e l&#8217;utilizzo di energia pulita.<\/p>\n<p>Campo di rivestimento ottico: i bersagli del tubo di silicone possono essere utilizzati per preparare vari tipi di pellicole ottiche, come pellicole per il miglioramento della trasmittanza, pellicole filtranti, ecc. Queste pellicole sono utilizzate in lenti ottiche, specchi e altre applicazioni ottiche. Questi film sono utilizzati in lenti ottiche, lenti e altri componenti per migliorare efficacemente i componenti ottici della trasmittanza, la riproduzione del colore e altre propriet\u00e0 ottiche, per migliorare la qualit\u00e0 dell&#8217;immagine.<\/p>\n<h2><span style=\"font-size: 14pt;\">Controllo qualit\u00e0<\/span><\/h2>\n<p><span style=\"color: #0000ff;\"><a style=\"color: #0000ff;\" href=\"https:\/\/vimaterial.de\/it\/controllo-qualita\/\">Abbiamo stabilito un rigoroso<\/a><\/span> sistema di controllo della qualit\u00e0, dall&#8217;approvvigionamento delle materie prime alla produzione dei prodotti, ogni fase di un rigoroso controllo di qualit\u00e0. Durante il processo di produzione, i bersagli dei tubi Si sono sottoposti a diverse ispezioni e test completi, tra cui test di purezza, test di densit\u00e0 e analisi della struttura cristallina. I registri dei test per tutti i prodotti sono conservati per intero, con un alto grado di tracciabilit\u00e0, garantendo che ogni prodotto soddisfi gli standard ASTM e specifici del settore. Inoltre, su richiesta sono disponibili ispezioni di terze parti per garantire la massima tranquillit\u00e0 ai clienti.<\/p>\n<h2><span style=\"font-size: 14pt;\">Imballaggio e stoccaggio<\/span><\/h2>\n<p>I bersagli in tubo di silicone sono confezionati sottovuoto e poi collocati in casse di legno ad alta resistenza personalizzate per il rinforzo per garantire la sicurezza del trasporto a lunga distanza.<\/p>\n<p>I bersagli in tubo di silicone sono conservati in ambienti asciutti e ben ventilati a temperature adeguate, evitando umidit\u00e0, alte temperature o gas corrosivi e protetti da urti meccanici.<\/p>\n","protected":false},"excerpt":{"rendered":"<p><span style=\"color: #0000ff;\">I bersagli in tubo di <a style=\"color: #0000ff;\" href=\"https:\/\/vimaterial.de\/it\/product\/silicio-3\/\">silicio<\/a><\/span> sono realizzati in silicio come elemento singolo, con una tipica struttura cristallina di tipo diamantato e un aspetto grigio-nero metallizzato, e sono utilizzati principalmente nei settori dei semiconduttori, del fotovoltaico e del rivestimento ottico.<\/p>\n","protected":false},"featured_media":1034763,"comment_status":"open","ping_status":"closed","template":"","meta":{"_acf_changed":false},"product_brand":[],"product_cat":[209],"product_tag":[],"class_list":{"0":"post-1030677","1":"product","2":"type-product","3":"status-publish","4":"has-post-thumbnail","6":"product_cat-obiettivi-di-sputtering-rotanti","8":"first","9":"instock","10":"shipping-taxable","11":"product-type-variable"},"acf":[],"_links":{"self":[{"href":"https:\/\/vimaterial.de\/it\/wp-json\/wp\/v2\/product\/1030677","targetHints":{"allow":["GET"]}}],"collection":[{"href":"https:\/\/vimaterial.de\/it\/wp-json\/wp\/v2\/product"}],"about":[{"href":"https:\/\/vimaterial.de\/it\/wp-json\/wp\/v2\/types\/product"}],"replies":[{"embeddable":true,"href":"https:\/\/vimaterial.de\/it\/wp-json\/wp\/v2\/comments?post=1030677"}],"wp:featuredmedia":[{"embeddable":true,"href":"https:\/\/vimaterial.de\/it\/wp-json\/wp\/v2\/media\/1034763"}],"wp:attachment":[{"href":"https:\/\/vimaterial.de\/it\/wp-json\/wp\/v2\/media?parent=1030677"}],"wp:term":[{"taxonomy":"product_brand","embeddable":true,"href":"https:\/\/vimaterial.de\/it\/wp-json\/wp\/v2\/product_brand?post=1030677"},{"taxonomy":"product_cat","embeddable":true,"href":"https:\/\/vimaterial.de\/it\/wp-json\/wp\/v2\/product_cat?post=1030677"},{"taxonomy":"product_tag","embeddable":true,"href":"https:\/\/vimaterial.de\/it\/wp-json\/wp\/v2\/product_tag?post=1030677"}],"curies":[{"name":"wp","href":"https:\/\/api.w.org\/{rel}","templated":true}]}}