{"id":1030661,"date":"2024-06-27T19:41:33","date_gmt":"2024-06-27T11:41:33","guid":{"rendered":"https:\/\/vimaterial.de\/product\/carbonio-5\/"},"modified":"2025-02-24T16:03:34","modified_gmt":"2025-02-24T08:03:34","slug":"carbonio-5","status":"publish","type":"product","link":"https:\/\/vimaterial.de\/it\/product\/carbonio-5\/","title":{"rendered":"Carbonio"},"content":{"rendered":"<p>Il bersaglio rotante <span style=\"color: #0000ff;\"><a style=\"color: #0000ff;\" href=\"https:\/\/vimaterial.de\/en\/product\/carbon-granules\/\">in carbonio<\/a> <\/span>\u00e8 un materiale funzionale con carbonio come componente principale, che \u00e8 in grado di ruotare attorno a un asse fisso durante il processo di rivestimento sputtering, con un alto tasso di utilizzo e un rivestimento uniforme, ed \u00e8 ampiamente utilizzato nei semiconduttori, nell&#8217;ottica, nel solare fotovoltaico e in molti altri campi.<\/p>\n<p>Il bersaglio rotante C fornito da VIMATERIAL ha una purezza ultra elevata del 99,999% e un contenuto di impurit\u00e0 molto basso, che assicura il rilascio stabile di atomi di carbonio durante il processo di sputtering e garantisce l&#8217;uniformit\u00e0 e la stabilit\u00e0 dello sputtering. Abbiamo un team tecnico professionale con una ricca esperienza nel servizio di rilegatura target per fornire una soluzione one-stop per i nostri clienti. La nostra azienda si concentra sull&#8217;innovazione dei materiali chimici all&#8217;avanguardia e supporta la personalizzazione e lo sviluppo del prodotto, <span style=\"color: #0000ff;\"><a style=\"color: #0000ff;\" href=\"https:\/\/vimaterial.de\/en\/contact-us\/\">contattaci<\/a><\/span> se ne hai bisogno.  <\/p>\n<h2><span style=\"font-size: 14pt;\">Caratteristiche<\/span><\/h2>\n<p>Formula molecolare: C<\/p>\n<p>Peso molecolare: 12.011<\/p>\n<p>Aspetto: nero lucido<\/p>\n<p>Densit\u00e0: tipo di grafite circa 2,09 &#8211; 2,23 g\/cm\u00b3, tipo di diamante circa 3,52 g\/cm\u00b3.<\/p>\n<p>Punto di fusione: la grafite \u00e8 difficile da fondere a pressione normale, a 3652 &#8211; 3697\u00b0C (sublimazione); punto di fusione del diamante fino a 3550\u00b0C.<\/p>\n<p>Punto di ebollizione: il punto di ebollizione della grafite \u00e8 di circa 4827\u00b0C, il punto di ebollizione del diamante \u00e8 di circa 4827\u00b0C.<\/p>\n<p>Struttura cristallina: il bersaglio rotante C ha principalmente una struttura cristallina di tipo grafite e due tipi di diamante. Nella struttura cristallina di tipo grafite, gli atomi di carbonio sono disposti a strati e la forza tra gli strati \u00e8 debole, il che gli conferisce una buona lubrificazione e conduttivit\u00e0 elettrica; Nella struttura cristallina di tipo diamantato, gli atomi di carbonio formano una struttura a maglie tridimensionali attraverso legami covalenti e la durezza \u00e8 estremamente elevata. <\/p>\n<h2><span style=\"font-size: 14pt;\">Applicazioni<\/span><\/h2>\n<p>Industria dei semiconduttori: nella produzione di chip semiconduttori, il film a base di carbonio preparato dal bersaglio rotante C pu\u00f2 essere utilizzato nello strato isolante, nello strato di dissipazione del calore del chip e in alcuni componenti elettronici speciali per migliorare le prestazioni e la stabilit\u00e0 del chip, risolvere efficacemente il problema della dissipazione del calore del chip e migliorare il grado di integrazione del chip.<\/p>\n<p>Campo ottico: il bersaglio rotante C pu\u00f2 essere utilizzato per la preparazione di pellicole di miglioramento della trasmittanza, pellicole filtranti e altre pellicole ottiche, applicate a lenti, lenti e altri componenti ottici di fascia alta, pu\u00f2 migliorare efficacemente la trasmissione della luce e le propriet\u00e0 antiriflesso dei componenti ottici per migliorare la qualit\u00e0 dell&#8217;immagine, nelle fotocamere di fascia alta, i telescopi e altri strumenti ottici hanno una vasta gamma di applicazioni.<\/p>\n<p>Lavorazione meccanica: negli utensili da taglio, negli stampi e in altre superfici rivestite con film a base di carbonio, pu\u00f2 migliorarne significativamente la durezza, la resistenza all&#8217;usura e la resistenza alla corrosione.<\/p>\n<h2><span style=\"font-size: 14pt;\">Controllo qualit\u00e0<\/span><\/h2>\n<p><span style=\"color: #0000ff;\"><a style=\"color: #0000ff;\" href=\"https:\/\/vimaterial.de\/en\/quality-control\/\">Abbiamo istituito un rigoroso<\/a><\/span> sistema di controllo della qualit\u00e0, dall&#8217;acquisto delle materie prime ad ogni fase della produzione del prodotto, eseguiamo un rigoroso controllo di qualit\u00e0. Durante il processo di produzione, i bersagli dei tubi di carbonio sono sottoposti a diverse ispezioni e test completi, tra cui test di purezza, test di densit\u00e0 e analisi della struttura cristallina. I registri dei test vengono conservati per tutti i prodotti con un alto grado di tracciabilit\u00e0, garantendo che ogni prodotto soddisfi gli standard ASTM e specifici del settore. Inoltre, su richiesta sono disponibili ispezioni di terze parti per garantire la massima tranquillit\u00e0 ai clienti.   <\/p>\n<h2><span style=\"font-size: 14pt;\">Imballaggio e stoccaggio<\/span><\/h2>\n<p>I bersagli rotanti in carbonio sono confezionati sottovuoto in doppi strati e quindi collocati in casse di legno ad alta resistenza personalizzate per il rinforzo per garantire un trasporto sicuro a lunga distanza.<\/p>\n<p>I bersagli rotanti in carbonio sono conservati in ambienti asciutti e ben ventilati a temperature adeguate, evitano di posizionarli in ambienti umidi, ad alta temperatura o con gas corrosivi e prevengono l&#8217;impatto meccanico.<\/p>\n","protected":false},"excerpt":{"rendered":"<p>Il bersaglio rotante <span style=\"color: #0000ff;\"><a style=\"color: #0000ff;\" href=\"https:\/\/vimaterial.de\/en\/product\/carbon-granules\/\">in carbonio<\/a> <\/span>\u00e8 un materiale funzionale con carbonio come componente principale, che \u00e8 in grado di ruotare attorno a un asse fisso durante il processo di rivestimento sputtering, con un alto tasso di utilizzo e un rivestimento uniforme, ed \u00e8 ampiamente utilizzato nei semiconduttori, nell&#8217;ottica, nel solare fotovoltaico e in molti altri campi.<\/p>\n","protected":false},"featured_media":1034758,"comment_status":"open","ping_status":"closed","template":"","meta":{"_acf_changed":false},"product_brand":[],"product_cat":[209],"product_tag":[],"class_list":{"0":"post-1030661","1":"product","2":"type-product","3":"status-publish","4":"has-post-thumbnail","6":"product_cat-obiettivi-di-sputtering-rotanti","8":"first","9":"instock","10":"shipping-taxable","11":"product-type-variable"},"acf":[],"_links":{"self":[{"href":"https:\/\/vimaterial.de\/it\/wp-json\/wp\/v2\/product\/1030661","targetHints":{"allow":["GET"]}}],"collection":[{"href":"https:\/\/vimaterial.de\/it\/wp-json\/wp\/v2\/product"}],"about":[{"href":"https:\/\/vimaterial.de\/it\/wp-json\/wp\/v2\/types\/product"}],"replies":[{"embeddable":true,"href":"https:\/\/vimaterial.de\/it\/wp-json\/wp\/v2\/comments?post=1030661"}],"wp:featuredmedia":[{"embeddable":true,"href":"https:\/\/vimaterial.de\/it\/wp-json\/wp\/v2\/media\/1034758"}],"wp:attachment":[{"href":"https:\/\/vimaterial.de\/it\/wp-json\/wp\/v2\/media?parent=1030661"}],"wp:term":[{"taxonomy":"product_brand","embeddable":true,"href":"https:\/\/vimaterial.de\/it\/wp-json\/wp\/v2\/product_brand?post=1030661"},{"taxonomy":"product_cat","embeddable":true,"href":"https:\/\/vimaterial.de\/it\/wp-json\/wp\/v2\/product_cat?post=1030661"},{"taxonomy":"product_tag","embeddable":true,"href":"https:\/\/vimaterial.de\/it\/wp-json\/wp\/v2\/product_tag?post=1030661"}],"curies":[{"name":"wp","href":"https:\/\/api.w.org\/{rel}","templated":true}]}}