{"id":1030460,"date":"2024-06-18T18:33:26","date_gmt":"2024-06-18T10:33:26","guid":{"rendered":"https:\/\/vimaterial.de\/product\/tellururo-di-gallio-6\/"},"modified":"2025-02-24T16:53:18","modified_gmt":"2025-02-24T08:53:18","slug":"tellururo-di-gallio-6","status":"publish","type":"product","link":"https:\/\/vimaterial.de\/it\/product\/tellururo-di-gallio-6\/","title":{"rendered":"Tellururo di gallio"},"content":{"rendered":"<p>I granuli <span style=\"color: #0000ff;\"><a style=\"color: #0000ff;\" href=\"https:\/\/vimaterial.de\/it\/product\/tellururo-di-gallio\/\">di tellururo di gallio Ga2Te3<\/a> <\/span>sono particelle composte inorganiche di due elementi, gallio (Ga) e tellurio (Te), che sono materiali semiconduttori di tipo III-VI con struttura cubica di sfalerite e sono utilizzati principalmente nei semiconduttori e nei dispositivi optoelettronici.<\/p>\n<p>I granuli di tellururo di gallio forniti da VIMATERIAL sono caratterizzati da una purezza estremamente elevata del 99,999%, basse impurit\u00e0, granulometria uniforme, buona qualit\u00e0, elevata stabilit\u00e0, confezione piccola, MOQ ridotto, tempi di consegna brevi, buon servizio post-vendita e supporto per un servizio personalizzato di qualsiasi prodotto. Il nostro team professionale e tecnico ha una ricca esperienza nella ricerca, sviluppo e applicazione dei materiali, se hai una necessit\u00e0,<span style=\"color: #0000ff;\"><a style=\"color: #0000ff;\" href=\"https:\/\/vimaterial.de\/it\/contatto\/\"> contattaci<\/a><\/span>.<\/p>\n<h2><span style=\"font-size: 14pt;\">Caratteristiche<\/span><\/h2>\n<p>Formula molecolare: Ga\u2082Te\u2083<\/p>\n<p>Peso molecolare: circa 639,36<\/p>\n<p>Aspetto: particelle solitamente da grigio scuro a nero<\/p>\n<p>Densit\u00e0: circa 6,0 g\/cm\u00b3.<\/p>\n<p>Punto di fusione: circa 625\u00b0C<\/p>\n<p>Struttura cristallina: Sistema cristallino esagonale, questa struttura cristallina conferisce alle particelle di Ga\u2082Te\u2083 speciali propriet\u00e0 elettriche, ottiche e termiche.<\/p>\n<h2><span style=\"font-size: 14pt;\">Applicazioni<\/span><\/h2>\n<p>Industria dei semiconduttori: nella produzione di rivelatori a infrarossi, i granuli di tellururo di gallio Ga2Te3 vengono utilizzati per preparare film sottili o componenti con buone caratteristiche di assorbimento e risposta alla luce infrarossa, che possono migliorare significativamente la sensibilit\u00e0 e il raggio di rilevamento dei rivelatori; allo stesso tempo, nei circuiti integrati a semiconduttore, le particelle di Ga\u2082Te\u2083 possono essere utilizzate anche per la preparazione di componenti elettronici speciali, per migliorare le prestazioni e la stabilit\u00e0 del circuito.<\/p>\n<p>Industria dei dispositivi optoelettronici: utilizzati nella produzione di diodi emettitori di luce (LED), i granuli di tellururo di gallio Ga2Te3 possono aiutare a ottimizzare lo spettro di emissione della luce dei LED, per ottenere una lunghezza d&#8217;onda specifica di emissione di luce ad alta efficienza, nel campo dell&#8217;illuminazione, dei display e delle comunicazioni ottiche e altre aree hanno una vasta gamma di applicazioni; nella preparazione dei diodi laser, le particelle di Ga\u2082Te\u2083 possono essere utilizzate come materiale chiave per aumentare la potenza di uscita del diodo laser e la qualit\u00e0 del raggio di luce.<\/p>\n<p>Campo dell&#8217;accumulo di energia: nella ricerca e nello sviluppo di nuovi materiali per batterie, i granuli di tellururo di gallio Ga2Te3 mostrano un potenziale valore applicativo e si prevede che saranno utilizzati in materiali per elettrodi per batterie ad alte prestazioni per migliorare la densit\u00e0 energetica e le prestazioni di carica\/scarica delle batterie e fornire nuove possibilit\u00e0 per scoperte nella tecnologia di accumulo di energia.<\/p>\n<h2><span style=\"font-size: 14pt;\">Controllo qualit\u00e0<\/span><\/h2>\n<p><span style=\"color: #0000ff;\"><a style=\"color: #0000ff;\" href=\"https:\/\/vimaterial.de\/it\/controllo-qualita\/\">Abbiamo istituito un rigoroso sistema di controllo della qualit\u00e0<\/a><\/span>, dall&#8217;acquisto delle materie prime ad ogni fase della produzione del prodotto, effettuiamo un rigoroso controllo di qualit\u00e0. Durante il processo di produzione, i prodotti sono sottoposti a diverse ispezioni e test completi, che coprono l&#8217;analisi della purezza, il test della dimensione delle particelle, la caratterizzazione della struttura cristallina e la valutazione dell&#8217;uniformit\u00e0 della composizione. I registri dei test vengono conservati per tutti i prodotti con un alto grado di tracciabilit\u00e0, garantendo che ogni prodotto soddisfi gli standard ASTM e specifici del settore. Inoltre, su richiesta sono disponibili ispezioni di terze parti per garantire la massima tranquillit\u00e0 ai clienti.<\/p>\n<h2><span style=\"font-size: 14pt;\">Imballaggio e stoccaggio<\/span><\/h2>\n<p>I granuli di tellururo di gallio Ga2Te3 sono confezionati in sacchetti o bottiglie sottovuoto a doppio strato e quindi inseriti in cartoni personalizzati per imballaggi rinforzati per garantire la sicurezza del trasporto a lunga distanza.<\/p>\n<p>I granuli di tellururo di gallio Ga2Te3 devono essere conservati in un ambiente asciutto e ben ventilato con una temperatura adeguata, evitare di posizionarli in ambienti umidi, ad alta temperatura o con gas corrosivi e prevenire la collisione meccanica.<\/p>\n","protected":false},"excerpt":{"rendered":"<p>I granuli <span style=\"color: #0000ff;\"><a style=\"color: #0000ff;\" href=\"https:\/\/vimaterial.de\/it\/product\/tellururo-di-gallio\/\">di tellururo di gallio Ga2Te3<\/a> <\/span>sono particelle composte inorganiche di due elementi, gallio (Ga) e tellurio (Te), che sono materiali semiconduttori di tipo III-VI con struttura cubica di sfalerite e sono utilizzati principalmente nei semiconduttori e nei dispositivi optoelettronici.<\/p>\n","protected":false},"featured_media":1003961,"comment_status":"open","ping_status":"closed","template":"","meta":{"_acf_changed":false},"product_brand":[],"product_cat":[198],"product_tag":[],"class_list":{"0":"post-1030460","1":"product","2":"type-product","3":"status-publish","4":"has-post-thumbnail","6":"product_cat-materiali-per-levaporazione","8":"first","9":"instock","10":"shipping-taxable","11":"purchasable","12":"product-type-variable"},"acf":[],"_links":{"self":[{"href":"https:\/\/vimaterial.de\/it\/wp-json\/wp\/v2\/product\/1030460","targetHints":{"allow":["GET"]}}],"collection":[{"href":"https:\/\/vimaterial.de\/it\/wp-json\/wp\/v2\/product"}],"about":[{"href":"https:\/\/vimaterial.de\/it\/wp-json\/wp\/v2\/types\/product"}],"replies":[{"embeddable":true,"href":"https:\/\/vimaterial.de\/it\/wp-json\/wp\/v2\/comments?post=1030460"}],"wp:featuredmedia":[{"embeddable":true,"href":"https:\/\/vimaterial.de\/it\/wp-json\/wp\/v2\/media\/1003961"}],"wp:attachment":[{"href":"https:\/\/vimaterial.de\/it\/wp-json\/wp\/v2\/media?parent=1030460"}],"wp:term":[{"taxonomy":"product_brand","embeddable":true,"href":"https:\/\/vimaterial.de\/it\/wp-json\/wp\/v2\/product_brand?post=1030460"},{"taxonomy":"product_cat","embeddable":true,"href":"https:\/\/vimaterial.de\/it\/wp-json\/wp\/v2\/product_cat?post=1030460"},{"taxonomy":"product_tag","embeddable":true,"href":"https:\/\/vimaterial.de\/it\/wp-json\/wp\/v2\/product_tag?post=1030460"}],"curies":[{"name":"wp","href":"https:\/\/api.w.org\/{rel}","templated":true}]}}