{"id":1030448,"date":"2024-06-18T18:33:26","date_gmt":"2024-06-18T10:33:26","guid":{"rendered":"https:\/\/vimaterial.de\/product\/tellururo-di-gallio-5\/"},"modified":"2025-02-24T17:39:28","modified_gmt":"2025-02-24T09:39:28","slug":"tellururo-di-gallio-5","status":"publish","type":"product","link":"https:\/\/vimaterial.de\/it\/product\/tellururo-di-gallio-5\/","title":{"rendered":"Tellururo di gallio"},"content":{"rendered":"<p><a href=\"https:\/\/vimaterial.de\/it\/product\/tellururo-di-gallio\/\"><span style=\"color: #3366ff;\">Ibersagli putter del <\/span><span style=\"color: #0000ff;\"><span style=\"color: #3366ff;\">tellururo di gallio<\/span><\/span><\/a><span style=\"color: #000000;\"> sono bersagli sputtering realizzati con tellururo di gallio (Ga\u2082Te\u2083) come componente principale. Basati sulla composizione chimica unica e sulle eccellenti propriet\u00e0 fisiche del Ga\u2082Te\u2083, vengono utilizzati principalmente nella preparazione di dispositivi optoelettronici ad alte prestazioni, film sottili di semiconduttori e cos\u00ec via.<\/span><\/p>\n<p>VIMATERIAL fornisce bersagli sputtering al tellururo di gallio con elevata purezza, basse impurit\u00e0, composizione uniforme, prestazioni stabili, ecc. E abbiamo un servizio professionale di rilegatura target per fornire una soluzione one-stop per i clienti. Ci concentriamo sull&#8217;innovazione dei materiali chimici all&#8217;avanguardia, supportiamo la personalizzazione e lo sviluppo del prodotto, non esitate <span style=\"color: #0000ff;\"><a style=\"color: #0000ff;\" href=\"https:\/\/vimaterial.de\/it\/contatto\/\">a contattarci.<\/a><\/span><\/p>\n<h2><span style=\"font-size: 14pt;\">Caratteristiche<\/span><\/h2>\n<p>Formula molecolare: Ga\u2082Te\u2083<\/p>\n<p>Peso molecolare: circa 639,36<\/p>\n<p>Aspetto: lucentezza metallizzata da grigio scuro a nero<\/p>\n<p>Densit\u00e0: circa 6,0 g\/cm\u00b3.<\/p>\n<p>Punto di fusione: circa 625\u00b0C<\/p>\n<p>Struttura cristallina: appartenente al sistema cristallino esagonale, questa struttura cristallina unica conferisce ai bersagli di Ga\u2082Te\u2083 sputtering speciali propriet\u00e0 elettriche, ottiche e termiche.<\/p>\n<h2><span style=\"font-size: 14pt;\">Applicazioni<\/span><\/h2>\n<p>Industria dei semiconduttori: i bersagli sputtering al tellururo di gallio svolgono un ruolo chiave nella produzione di chip semiconduttori. Attraverso la deposizione fisica da vapore, \u00e8 possibile preparare film di Ga\u2082Te\u2083 di alta qualit\u00e0 su substrati di chip e questi film possono essere utilizzati per produrre transistor ad alta velocit\u00e0, circuiti integrati e altri componenti chiave.<\/p>\n<p>Campo dei dispositivi optoelettronici: nella preparazione dei rilevatori a infrarossi, il bersaglio sputtering al tellururo di gallio ha un importante valore applicativo. Utilizzando le sue buone propriet\u00e0 di assorbimento e risposta alla luce infrarossa, pu\u00f2 preparare una pellicola di rilevamento a infrarossi altamente sensibile, migliorando significativamente il campo di rilevamento e la sensibilit\u00e0 del rivelatore.<\/p>\n<p>Rivestimento ottico: i bersagli sputtering di tellururo di gallio possono essere utilizzati per preparare film sottili con propriet\u00e0 ottiche speciali nel processo di rivestimento di lenti ottiche, occhiali e altri componenti. Attraverso il controllo preciso dei parametri del processo di sputtering, \u00e8 possibile preparare una variet\u00e0 di pellicole ottiche come pellicole di miglioramento della trasmittanza, pellicole riflettenti, pellicole filtranti, ecc., migliorando efficacemente la trasmittanza, le propriet\u00e0 antiriflesso e la selettivit\u00e0 spettrale dei componenti ottici.<\/p>\n<h2><span style=\"font-size: 14pt;\">Controllo qualit\u00e0<\/span><\/h2>\n<p><span style=\"color: #0000ff;\"><a style=\"color: #0000ff;\" href=\"https:\/\/vimaterial.de\/it\/controllo-qualita\/\">Abbiamo istituito un rigoroso controllo di qualit\u00e0<\/a><span style=\"color: #000000;\">, dall&#8217;acquisto delle materie prime ad ogni fase della produzione del prodotto, effettuiamo un rigoroso controllo di qualit\u00e0. Durante il processo di produzione, i prodotti sono sottoposti a diverse ispezioni e test completi, tra cui test di purezza, test di densit\u00e0, analisi della struttura cristallina, test di uniformit\u00e0 della composizione, test di planarit\u00e0 superficiale e test delle prestazioni di sputtering. I registri dei test vengono conservati per tutti i prodotti con un alto grado di tracciabilit\u00e0, garantendo che ogni prodotto soddisfi gli standard ASTM e specifici del settore. Inoltre, su richiesta sono disponibili ispezioni di terze parti per garantire la massima tranquillit\u00e0 ai clienti.<\/span><\/span><\/p>\n<h2><span style=\"font-size: 14pt;\">Imballaggio e stoccaggio<\/span><\/h2>\n<p>I bersagli sputtering di gallio tellururo sono imballati in scatole dopo il doppio sacco a vuoto e le scatole sono collocate in cartoni personalizzati per imballaggi rinforzati per garantire la sicurezza del trasporto a lunga distanza.<\/p>\n<p>I bersagli per sputtering di tellurio di gallio devono essere conservati in un ambiente asciutto e ben ventilato a una temperatura adeguata. Evitare di posizionarli in un ambiente umido, ad alta temperatura o con gas corrosivi e proteggerli dagli urti meccanici.<\/p>\n","protected":false},"excerpt":{"rendered":"<p><a href=\"https:\/\/vimaterial.de\/it\/product\/tellururo-di-gallio\/\"><span style=\"color: #3366ff;\">Ibersagli putter del <\/span><span style=\"color: #0000ff;\"><span style=\"color: #3366ff;\">tellururo di gallio<\/span><\/span><\/a><span style=\"color: #000000;\"> sono bersagli sputtering realizzati con tellururo di gallio (Ga\u2082Te\u2083) come componente principale. Basati sulla composizione chimica unica e sulle eccellenti propriet\u00e0 fisiche del Ga\u2082Te\u2083, vengono utilizzati principalmente nella preparazione di dispositivi optoelettronici ad alte prestazioni, film sottili di semiconduttori e cos\u00ec via.<\/span><\/p>\n","protected":false},"featured_media":1041638,"comment_status":"open","ping_status":"closed","template":"","meta":{"_acf_changed":false},"product_brand":[],"product_cat":[197],"product_tag":[],"class_list":{"0":"post-1030448","1":"product","2":"type-product","3":"status-publish","4":"has-post-thumbnail","6":"product_cat-obiettivi-di-sputtering-planari","8":"first","9":"instock","10":"shipping-taxable","11":"product-type-variable"},"acf":[],"_links":{"self":[{"href":"https:\/\/vimaterial.de\/it\/wp-json\/wp\/v2\/product\/1030448","targetHints":{"allow":["GET"]}}],"collection":[{"href":"https:\/\/vimaterial.de\/it\/wp-json\/wp\/v2\/product"}],"about":[{"href":"https:\/\/vimaterial.de\/it\/wp-json\/wp\/v2\/types\/product"}],"replies":[{"embeddable":true,"href":"https:\/\/vimaterial.de\/it\/wp-json\/wp\/v2\/comments?post=1030448"}],"wp:featuredmedia":[{"embeddable":true,"href":"https:\/\/vimaterial.de\/it\/wp-json\/wp\/v2\/media\/1041638"}],"wp:attachment":[{"href":"https:\/\/vimaterial.de\/it\/wp-json\/wp\/v2\/media?parent=1030448"}],"wp:term":[{"taxonomy":"product_brand","embeddable":true,"href":"https:\/\/vimaterial.de\/it\/wp-json\/wp\/v2\/product_brand?post=1030448"},{"taxonomy":"product_cat","embeddable":true,"href":"https:\/\/vimaterial.de\/it\/wp-json\/wp\/v2\/product_cat?post=1030448"},{"taxonomy":"product_tag","embeddable":true,"href":"https:\/\/vimaterial.de\/it\/wp-json\/wp\/v2\/product_tag?post=1030448"}],"curies":[{"name":"wp","href":"https:\/\/api.w.org\/{rel}","templated":true}]}}