{"id":1030444,"date":"2024-06-18T18:33:26","date_gmt":"2024-06-18T10:33:26","guid":{"rendered":"https:\/\/vimaterial.de\/product\/tellururo-di-gallio-4\/"},"modified":"2025-02-24T17:14:51","modified_gmt":"2025-02-24T09:14:51","slug":"tellururo-di-gallio-4","status":"publish","type":"product","link":"https:\/\/vimaterial.de\/it\/product\/tellururo-di-gallio-4\/","title":{"rendered":"Tellururo di gallio"},"content":{"rendered":"<p>La polvere di <span style=\"color: #0000ff;\"><a style=\"color: #0000ff;\" href=\"https:\/\/vimaterial.de\/it\/product\/tellururo-di-gallio-2\/\">tellururo di gallio<\/a> <\/span>\u00e8 una polvere composta semiconduttrice nera con struttura di sfalerite e una banda proibita di circa 1,65 eV, che ha potenziali applicazioni in dispositivi a semiconduttore, ottiche a infrarossi, celle solari, materiali termoelettrici e tecnologia a film sottile.<\/p>\n<p>La polvere di tellururo di gallio fornita da VIMATERIAL \u00e8 caratterizzata da una purezza estremamente elevata del 99,999%, bassa impurit\u00e0, granulometria uniforme, buona qualit\u00e0, elevata stabilit\u00e0, confezione piccola, MOQ ridotto, breve periodo di consegna, buon servizio post-vendita e supporto per un servizio personalizzato di qualsiasi prodotto. Il nostro team professionale e tecnico ha una ricca esperienza nella ricerca, sviluppo e applicazione dei materiali, se hai una necessit\u00e0, <a href=\"https:\/\/vimaterial.de\/it\/contatto\/\"><span style=\"color: #0000ff;\">contattaci.<\/span><\/a><\/p>\n<h2><span style=\"font-size: 14pt;\">Caratteristiche<\/span><\/h2>\n<p>Formula molecolare: Ga\u2082Te\u2083<\/p>\n<p>Peso molecolare: circa 639,36<\/p>\n<p>Aspetto: polvere fine da grigio scuro a nero<\/p>\n<p>Densit\u00e0: circa 6,0 g\/cm\u00b3.<\/p>\n<p>Punto di fusione: circa 625\u00b0C<\/p>\n<p>Struttura cristallina: appartiene al sistema cristallino esagonale, questa struttura cristallina conferisce alla polvere di Ga\u2082Te\u2083 speciali propriet\u00e0 elettriche, ottiche e termiche.<\/p>\n<h2><span style=\"font-size: 14pt;\">Applicazioni<\/span><\/h2>\n<p>Dispositivi a semiconduttore: la polvere di tellururo di gallio viene utilizzata nella produzione di dispositivi elettronici e componenti come transistor, diodi e sensori. Le loro propriet\u00e0 di semiconduttori sono in grado di soddisfare i requisiti di prestazione elettrica dei materiali utilizzati in questi dispositivi elettronici e svolgono un ruolo nel controllo di segnali come corrente e tensione nei circuiti elettronici.<\/p>\n<p>Ottica a infrarossi: A causa delle sue propriet\u00e0 ottiche specifiche nella banda di lunghezza d&#8217;onda dell&#8217;infrarosso, la polvere di tellururo di gallio \u00e8 considerata per l&#8217;uso in dispositivi ottici a infrarossi, tra cui lenti a infrarossi, finestre a infrarossi e altri componenti relativi alla tecnologia a infrarossi. Ha potenziali applicazioni nel rilevamento a infrarossi, nell&#8217;imaging a infrarossi e in altri sistemi in campo militare, di sicurezza, aerospaziale e in altri campi.<\/p>\n<p>Celle solari: la polvere di tellururo di gallio ha un valore esplorativo nella tecnologia delle celle solari, in grado di convertire l&#8217;energia solare in elettricit\u00e0. Le sue caratteristiche gli conferiscono alcuni vantaggi in applicazioni come le celle solari a film sottile, che possono migliorare l&#8217;efficienza di conversione fotoelettrica delle celle solari.<\/p>\n<p>Tecnologia a film sottile: pu\u00f2 essere applicata alla tecnologia a film sottile per lo sviluppo di transistor a film sottile, celle solari a film sottile e altri dispositivi elettronici e ottici. La tecnologia a film sottile consente di preparare il tellururo di gallio in una forma a film sottile, facilitando l&#8217;integrazione in una variet\u00e0 di sistemi elettronici e ottici per la produzione di dispositivi miniaturizzati e ad alte prestazioni.<\/p>\n<h2><span style=\"font-size: 14pt;\">Controllo qualit\u00e0<\/span><\/h2>\n<p><span style=\"color: #0000ff;\"><a style=\"color: #0000ff;\" href=\"https:\/\/vimaterial.de\/it\/controllo-qualita\/\">Abbiamo istituito un rigoroso sistema di controllo della qualit\u00e0<\/a><\/span> , dall&#8217;acquisto delle materie prime ad ogni fase della produzione del prodotto, eseguiamo un rigoroso controllo di qualit\u00e0. Durante il processo di produzione, i prodotti sono sottoposti a diverse ispezioni e test completi, che coprono l&#8217;analisi della purezza, il test della dimensione delle particelle, la caratterizzazione della struttura cristallina e la valutazione dell&#8217;uniformit\u00e0 della composizione. I registri dei test vengono conservati per tutti i prodotti con un alto grado di tracciabilit\u00e0, garantendo che ogni prodotto soddisfi gli standard ASTM e specifici del settore. Inoltre, su richiesta sono disponibili ispezioni di terze parti per garantire la massima tranquillit\u00e0 ai clienti.<\/p>\n<h2><span style=\"font-size: 14pt;\">Imballaggio e stoccaggio<\/span><\/h2>\n<p>La polvere di Gallio Tellururo viene confezionata in sacchetti o flaconi a doppio vuoto e quindi collocata in cartoni personalizzati per imballaggi rinforzati per garantire un trasporto sicuro a lunga distanza.<\/p>\n<p>La polvere di tellururo di gallio deve essere conservata in un ambiente asciutto e ben ventilato a una temperatura adeguata. Evitare di posizionarlo in un ambiente umido, ad alta temperatura o con gas corrosivi e prevenirne l&#8217;impatto meccanico.<\/p>\n","protected":false},"excerpt":{"rendered":"<p>La polvere di <span style=\"color: #0000ff;\"><a style=\"color: #0000ff;\" href=\"https:\/\/vimaterial.de\/it\/product\/tellururo-di-gallio-2\/\">tellururo di gallio<\/a> <\/span>\u00e8 una polvere composta semiconduttrice nera con struttura di sfalerite e una banda proibita di circa 1,65 eV, che ha potenziali applicazioni in dispositivi a semiconduttore, ottiche a infrarossi, celle solari, materiali termoelettrici e tecnologia a film sottile.<\/p>\n","protected":false},"featured_media":1003967,"comment_status":"open","ping_status":"closed","template":"","meta":{"_acf_changed":false},"product_brand":[],"product_cat":[200],"product_tag":[],"class_list":{"0":"post-1030444","1":"product","2":"type-product","3":"status-publish","4":"has-post-thumbnail","6":"product_cat-materiali-calcogenidici","8":"first","9":"instock","10":"shipping-taxable","11":"product-type-variable"},"acf":[],"_links":{"self":[{"href":"https:\/\/vimaterial.de\/it\/wp-json\/wp\/v2\/product\/1030444","targetHints":{"allow":["GET"]}}],"collection":[{"href":"https:\/\/vimaterial.de\/it\/wp-json\/wp\/v2\/product"}],"about":[{"href":"https:\/\/vimaterial.de\/it\/wp-json\/wp\/v2\/types\/product"}],"replies":[{"embeddable":true,"href":"https:\/\/vimaterial.de\/it\/wp-json\/wp\/v2\/comments?post=1030444"}],"wp:featuredmedia":[{"embeddable":true,"href":"https:\/\/vimaterial.de\/it\/wp-json\/wp\/v2\/media\/1003967"}],"wp:attachment":[{"href":"https:\/\/vimaterial.de\/it\/wp-json\/wp\/v2\/media?parent=1030444"}],"wp:term":[{"taxonomy":"product_brand","embeddable":true,"href":"https:\/\/vimaterial.de\/it\/wp-json\/wp\/v2\/product_brand?post=1030444"},{"taxonomy":"product_cat","embeddable":true,"href":"https:\/\/vimaterial.de\/it\/wp-json\/wp\/v2\/product_cat?post=1030444"},{"taxonomy":"product_tag","embeddable":true,"href":"https:\/\/vimaterial.de\/it\/wp-json\/wp\/v2\/product_tag?post=1030444"}],"curies":[{"name":"wp","href":"https:\/\/api.w.org\/{rel}","templated":true}]}}