{"id":1030432,"date":"2024-06-18T18:33:25","date_gmt":"2024-06-18T10:33:25","guid":{"rendered":"https:\/\/vimaterial.de\/product\/solfuro-di-gallio-3\/"},"modified":"2025-02-24T18:21:15","modified_gmt":"2025-02-24T10:21:15","slug":"solfuro-di-gallio-3","status":"publish","type":"product","link":"https:\/\/vimaterial.de\/it\/product\/solfuro-di-gallio-3\/","title":{"rendered":"Solfuro di gallio"},"content":{"rendered":"<p>I granuli di <span style=\"color: #0000ff;\"><a style=\"color: #0000ff;\" href=\"https:\/\/vimaterial.de\/it\/product\/solfuro-di-gallio\/\">solfuro di gallio<\/a><\/span> sono granuli da giallastri a giallastri composti da gallio (Ga) e zolfo (S) in una stechiometria 2:3. Sono utilizzati principalmente nei dispositivi optoelettronici, nei semiconduttori e nei rivestimenti superficiali grazie alla loro composizione chimica unica e alle eccellenti propriet\u00e0 fisiche.<\/p>\n<p>VIMATERIAL fornisce granuli di Ga\u2082S\u2083 con purezza ultra elevata del 99,999%, basse impurit\u00e0, composizione omogenea, prestazioni stabili, piccolo pacchetto di partenza, MOQ ridotto e tempi di consegna brevi. Ci concentriamo sull&#8217;innovazione dei materiali chimici all&#8217;avanguardia, supportiamo la personalizzazione e lo sviluppo del prodotto, non esitate<span style=\"color: #0000ff;\"><a style=\"color: #0000ff;\" href=\"https:\/\/vimaterial.de\/it\/contatto\/\"> a contattarci.<\/a><\/span><\/p>\n<p>Caratteristiche<\/p>\n<p>Formula molecolare: Ga\u2082S\u2083<\/p>\n<p>Peso molecolare: circa 235,64<\/p>\n<p>Aspetto: particelle fini da giallo chiaro a giallo<\/p>\n<p>Densit\u00e0: circa 3,7 g\/cm\u00b3.<\/p>\n<p>Punto di fusione: circa 1070\u00b0C<\/p>\n<p>Struttura cristallina: appartenente al sistema cristallino ortorombico, questa struttura cristallina conferisce alle particelle di Ga\u2082S\u2083 speciali propriet\u00e0 elettriche, ottiche e chimiche.<\/p>\n<p>Applicazioni<\/p>\n<p>Campo dei dispositivi optoelettronici: nella produzione di diodi emettitori di luce (LED), i granuli di Ga\u2082S\u2083 sono un&#8217;importante materia prima per la preparazione di fosfori ad alte prestazioni. Mediante drogaggio e modifica della superficie delle particelle di Ga\u2082S\u2083, le loro propriet\u00e0 luminescenti possono essere modulate per ottenere un&#8217;efficiente emissione di luce blu, verde o rossa, migliorando cos\u00ec l&#8217;efficienza luminosa e la purezza del colore dei LED, che sono ampiamente utilizzati nell&#8217;illuminazione, nei display e nella comunicazione ottica.<\/p>\n<p>Industria dei semiconduttori: i granuli di Ga\u2082S\u2083 possono essere utilizzati nella preparazione di nuovi materiali semiconduttori come transistor a film sottile a base di solfuro di gallio e circuiti integrati. Le loro propriet\u00e0 elettriche uniche aiutano a migliorare le prestazioni e la stabilit\u00e0 dei dispositivi a semiconduttore, ridurre il consumo energetico e soddisfare la domanda di chip ad alte prestazioni e a bassa potenza nei moderni dispositivi elettronici.<\/p>\n<p>Rivestimento superficiale: il rivestimento di superfici metalliche con granuli di Ga\u2082S\u2083 pu\u00f2 migliorare significativamente la resistenza alla corrosione e all&#8217;abrasione dei metalli. Allo stesso tempo, il rivestimento Ga\u2082S\u2083 ha anche alcune propriet\u00e0 ottiche, che possono essere utilizzate per preparare rivestimenti superficiali con speciali effetti ottici.<\/p>\n<h2>Controllo qualit\u00e0<\/h2>\n<p><span style=\"color: #0000ff;\"><a style=\"color: #0000ff;\" href=\"https:\/\/vimaterial.de\/it\/controllo-qualita\/\">Abbiamo istituito un rigoroso<\/a><\/span> sistema di controllo della qualit\u00e0, dall&#8217;acquisto delle materie prime ad ogni fase della produzione del prodotto, eseguiamo un rigoroso controllo di qualit\u00e0. Durante il processo di produzione, i prodotti sono sottoposti a diverse ispezioni e test completi, tra cui test di purezza, test di densit\u00e0, analisi della struttura cristallina, test di uniformit\u00e0 della composizione, test di planarit\u00e0 superficiale e test delle prestazioni di sputtering. I registri dei test vengono conservati per tutti i prodotti con un alto grado di tracciabilit\u00e0, garantendo che ogni prodotto soddisfi gli standard ASTM e specifici del settore. Inoltre, su richiesta sono disponibili ispezioni di terze parti per garantire la massima tranquillit\u00e0 ai clienti.<\/p>\n<h2><span style=\"font-size: 14pt;\">Imballaggio e stoccaggio<\/span><\/h2>\n<p>I granuli di solfuro di gallio sono confezionati in sacchetti a doppio vuoto o in flaconi a doppio vuoto e collocati in cartoni personalizzati per imballaggi rinforzati per garantire un trasporto sicuro a lunga distanza.<\/p>\n<p>Granuli di solfuro di gallio in un ambiente asciutto, ben ventilato a una temperatura adeguata, evitare di metterli in ambienti umidi, ad alta temperatura o con gas corrosivi e prevenirne la collisione meccanica.<\/p>\n","protected":false},"excerpt":{"rendered":"<p>I granuli di <span style=\"color: #0000ff;\"><a style=\"color: #0000ff;\" href=\"https:\/\/vimaterial.de\/it\/product\/solfuro-di-gallio\/\">solfuro di gallio<\/a><\/span> sono granuli da giallastri a giallastri composti da gallio (Ga) e zolfo (S) in una stechiometria 2:3. Sono utilizzati principalmente nei dispositivi optoelettronici, nei semiconduttori e nei rivestimenti superficiali grazie alla loro composizione chimica unica e alle eccellenti propriet\u00e0 fisiche.<\/p>\n","protected":false},"featured_media":1003936,"comment_status":"open","ping_status":"closed","template":"","meta":{"_acf_changed":false},"product_brand":[],"product_cat":[198],"product_tag":[],"class_list":{"0":"post-1030432","1":"product","2":"type-product","3":"status-publish","4":"has-post-thumbnail","6":"product_cat-materiali-per-levaporazione","8":"first","9":"instock","10":"shipping-taxable","11":"purchasable","12":"product-type-variable"},"acf":[],"_links":{"self":[{"href":"https:\/\/vimaterial.de\/it\/wp-json\/wp\/v2\/product\/1030432","targetHints":{"allow":["GET"]}}],"collection":[{"href":"https:\/\/vimaterial.de\/it\/wp-json\/wp\/v2\/product"}],"about":[{"href":"https:\/\/vimaterial.de\/it\/wp-json\/wp\/v2\/types\/product"}],"replies":[{"embeddable":true,"href":"https:\/\/vimaterial.de\/it\/wp-json\/wp\/v2\/comments?post=1030432"}],"wp:featuredmedia":[{"embeddable":true,"href":"https:\/\/vimaterial.de\/it\/wp-json\/wp\/v2\/media\/1003936"}],"wp:attachment":[{"href":"https:\/\/vimaterial.de\/it\/wp-json\/wp\/v2\/media?parent=1030432"}],"wp:term":[{"taxonomy":"product_brand","embeddable":true,"href":"https:\/\/vimaterial.de\/it\/wp-json\/wp\/v2\/product_brand?post=1030432"},{"taxonomy":"product_cat","embeddable":true,"href":"https:\/\/vimaterial.de\/it\/wp-json\/wp\/v2\/product_cat?post=1030432"},{"taxonomy":"product_tag","embeddable":true,"href":"https:\/\/vimaterial.de\/it\/wp-json\/wp\/v2\/product_tag?post=1030432"}],"curies":[{"name":"wp","href":"https:\/\/api.w.org\/{rel}","templated":true}]}}