{"id":1030401,"date":"2024-06-18T18:33:25","date_gmt":"2024-06-18T10:33:25","guid":{"rendered":"https:\/\/vimaterial.de\/product\/seleniuro-di-gallio-4\/"},"modified":"2025-02-25T14:02:43","modified_gmt":"2025-02-25T06:02:43","slug":"seleniuro-di-gallio-4","status":"publish","type":"product","link":"https:\/\/vimaterial.de\/it\/product\/seleniuro-di-gallio-4\/","title":{"rendered":"Seleniuro di gallio"},"content":{"rendered":"<p>Le polveri di <span style=\"color: #0000ff;\"><a style=\"color: #0000ff;\" href=\"https:\/\/vimaterial.de\/it\/product\/seleniuro-di-gallio-2\/\">seleniuro di gallio<\/a><\/span> hanno tipicamente un aspetto nero o grigio scuro, con la formula molecolare Ga\u2082Se\u2083, ed esistono in una variet\u00e0 di strutture cristalline per applicazioni in dispositivi optoelettronici, semiconduttori, ottiche a infrarossi e materiali per batterie.<\/p>\n<p>VIMATERIAL, in qualit\u00e0 di azienda all&#8217;avanguardia focalizzata sull&#8217;innovazione chimica, \u00e8 da sempre impegnata a fornire materiali ad alte prestazioni per applicazioni ingegneristiche avanzate. Le polveri di seleniuro di gallio che produciamo non solo hanno un&#8217;elevata purezza del 99,999% e prestazioni stabili, ma supportano anche ordini di piccoli lotti con scorte sufficienti per garantire tempi di consegna brevi. La nostra azienda dispone di un team tecnico professionale per accettare la personalizzazione del prodotto e gli esperimenti, se necessario, non esitate a <span style=\"color: #0000ff;\"><a style=\"color: #0000ff;\" href=\"https:\/\/vimaterial.de\/it\/contatto\/\">contattarci.<\/a><\/span><\/p>\n<h2><span style=\"font-size: 14pt;\">Caratteristiche<\/span><\/h2>\n<p>Formula molecolare: Ga\u2082Se\u2083<\/p>\n<p>Peso molecolare: 399,45<\/p>\n<p>Aspetto: di solito si presenta come polvere nera o grigio scuro<\/p>\n<p>Densit\u00e0: circa 5,27 g\/cm3<\/p>\n<p>Punto di fusione: circa 970\u00b0C<\/p>\n<p>Struttura cristallina: esistono varie strutture cristalline e diverse strutture hanno un effetto significativo sulle sue propriet\u00e0 fisiche e chimiche.<\/p>\n<h2><span style=\"font-size: 14pt;\">Applicazioni<\/span><\/h2>\n<p>Dispositivi optoelettronici: con le sue eccellenti propriet\u00e0 di conversione fotoelettrica, la polvere di seleniuro di gallio pu\u00f2 essere utilizzata per realizzare fotorivelatori ad alte prestazioni in grado di catturare con precisione i segnali ottici e convertirli in modo efficiente in segnali elettrici, svolgendo un ruolo chiave nelle comunicazioni ottiche, nel rilevamento ottico e in altri campi.<\/p>\n<p>Campo dei semiconduttori: \u00e8 uno dei materiali chiave per la preparazione di transistor ad alte prestazioni, che pu\u00f2 migliorare efficacemente la velocit\u00e0 di commutazione e la stabilit\u00e0 dei transistor, migliorando cos\u00ec l&#8217;efficienza operativa e l&#8217;affidabilit\u00e0 dei circuiti integrati e aiutando l&#8217;industria dei semiconduttori a svilupparsi nella direzione di prestazioni pi\u00f9 elevate.<\/p>\n<p>Ottica a infrarossi: con eccellenti propriet\u00e0 ottiche nella banda dell&#8217;infrarosso, pu\u00f2 essere utilizzata per produrre finestre a infrarossi, lenti a infrarossi e altri componenti ottici, ampiamente utilizzati nell&#8217;imaging a infrarossi, nel rilevamento a infrarossi e in altri campi.<\/p>\n<p>Materiali per batterie: nella ricerca di nuovi materiali per batterie, la polvere di Ga\u2082Se\u2083 mostra un potenziale valore applicativo e si prevede che venga applicata ai materiali degli elettrodi per batterie ad alte prestazioni, migliorando la densit\u00e0 di energia e le prestazioni di carica\/scarica delle batterie.<\/p>\n<h2><span style=\"font-size: 14pt;\">Controllo qualit\u00e0<\/span><\/h2>\n<p><span style=\"color: #0000ff;\"><a style=\"color: #0000ff;\" href=\"https:\/\/vimaterial.de\/it\/controllo-qualita\/\">I nostri prodotti<\/a><\/span> seguono rigorosamente il sistema di gestione della qualit\u00e0. Dall&#8217;approvvigionamento delle materie prime, alla lavorazione, all&#8217;ispezione finale all&#8217;ispezione in fabbrica, ogni fase \u00e8 dotata di rigorosi standard di ispezione. Vengono adottate rigorose misure di isolamento per i prodotti non conformi per evitare che confluiscano nel processo successivo. Allo stesso tempo, siamo in grado di fornire campioni per i clienti per una nuova ispezione in base alle loro esigenze.<\/p>\n<h2><span style=\"font-size: 14pt;\">Imballaggio e stoccaggio<\/span><\/h2>\n<p>La polvere di seleniuro di gallio \u00e8 confezionata in sacchetti sottovuoto a doppio strato o flaconi sottovuoto a doppio strato e la confezione esterna \u00e8 realizzata in cartoni resistenti per garantire la sicurezza del prodotto durante il trasporto e lo stoccaggio.<\/p>\n<p>La polvere di seleniuro di gallio deve essere conservata in un ambiente asciutto e a bassa temperatura, utilizzando il confezionamento sottovuoto, per evitare il contatto con aria e umidit\u00e0, per prevenire l&#8217;ossidazione e il deterioramento del materiale, per garantire la stabilit\u00e0 a lungo termine delle sue prestazioni.<\/p>\n","protected":false},"excerpt":{"rendered":"<p>Le polveri di <span style=\"color: #0000ff;\"><a style=\"color: #0000ff;\" href=\"https:\/\/vimaterial.de\/it\/product\/seleniuro-di-gallio-2\/\">seleniuro di gallio<\/a><\/span> hanno tipicamente un aspetto nero o grigio scuro, con la formula molecolare Ga\u2082Se\u2083, ed esistono in una variet\u00e0 di strutture cristalline per applicazioni in dispositivi optoelettronici, semiconduttori, ottiche a infrarossi e materiali per batterie.<\/p>\n<p>VIMATERIAL, in qualit\u00e0 di azienda all&#8217;avanguardia focalizzata sull&#8217;innovazione chimica, \u00e8 da sempre impegnata a fornire materiali ad alte prestazioni per applicazioni ingegneristiche avanzate. Le polveri di seleniuro di gallio che produciamo non solo hanno un&#8217;elevata purezza del 99,999% e prestazioni stabili, ma supportano anche ordini di piccoli lotti con scorte sufficienti per garantire tempi di consegna brevi. La nostra azienda dispone di un team tecnico professionale per accettare la personalizzazione del prodotto e gli esperimenti, se necessario, non esitate a <span style=\"color: #0000ff;\"><a style=\"color: #0000ff;\" href=\"https:\/\/vimaterial.de\/it\/contatto\/\">contattarci.<\/a><\/span><\/p>\n<p>&nbsp;<\/p>\n","protected":false},"featured_media":1041674,"comment_status":"open","ping_status":"closed","template":"","meta":{"_acf_changed":false},"product_brand":[],"product_cat":[200],"product_tag":[],"class_list":{"0":"post-1030401","1":"product","2":"type-product","3":"status-publish","4":"has-post-thumbnail","6":"product_cat-materiali-calcogenidici","8":"first","9":"instock","10":"shipping-taxable","11":"product-type-variable"},"acf":[],"_links":{"self":[{"href":"https:\/\/vimaterial.de\/it\/wp-json\/wp\/v2\/product\/1030401","targetHints":{"allow":["GET"]}}],"collection":[{"href":"https:\/\/vimaterial.de\/it\/wp-json\/wp\/v2\/product"}],"about":[{"href":"https:\/\/vimaterial.de\/it\/wp-json\/wp\/v2\/types\/product"}],"replies":[{"embeddable":true,"href":"https:\/\/vimaterial.de\/it\/wp-json\/wp\/v2\/comments?post=1030401"}],"wp:featuredmedia":[{"embeddable":true,"href":"https:\/\/vimaterial.de\/it\/wp-json\/wp\/v2\/media\/1041674"}],"wp:attachment":[{"href":"https:\/\/vimaterial.de\/it\/wp-json\/wp\/v2\/media?parent=1030401"}],"wp:term":[{"taxonomy":"product_brand","embeddable":true,"href":"https:\/\/vimaterial.de\/it\/wp-json\/wp\/v2\/product_brand?post=1030401"},{"taxonomy":"product_cat","embeddable":true,"href":"https:\/\/vimaterial.de\/it\/wp-json\/wp\/v2\/product_cat?post=1030401"},{"taxonomy":"product_tag","embeddable":true,"href":"https:\/\/vimaterial.de\/it\/wp-json\/wp\/v2\/product_tag?post=1030401"}],"curies":[{"name":"wp","href":"https:\/\/api.w.org\/{rel}","templated":true}]}}