{"id":1030394,"date":"2024-06-18T18:32:13","date_gmt":"2024-06-18T10:32:13","guid":{"rendered":"https:\/\/vimaterial.de\/product\/cromite-di-nichel-ossido-di-nichel-e-cromo\/"},"modified":"2025-02-25T16:39:13","modified_gmt":"2025-02-25T08:39:13","slug":"nichel-cromite-ossido-di-nichel-e-cromo","status":"publish","type":"product","link":"https:\/\/vimaterial.de\/it\/product\/nichel-cromite-ossido-di-nichel-e-cromo\/","title":{"rendered":"Nichel Cromite (Ossido di Nichel-Cromo)"},"content":{"rendered":"<p>La polvere di nichel cromite \u00e8 un materiale ad alte prestazioni composto da ossidi di nichel-cromo con elevata purezza e buona stabilit\u00e0. La sua composizione chimica unica e le sue propriet\u00e0 fisiche sono utilizzate principalmente nei settori dei sensori, dei materiali magnetici, dei materiali ceramici e dei materiali per batterie.<\/p>\n<p>VIMATERIAL produce polveri con elevata purezza, basse impurit\u00e0 e granulometria uniforme, mentre i nostri prodotti sono disponibili in confezioni piccole, MOQ ridotti e tempi di consegna brevi. Siamo profondamente impegnati nell&#8217;innovazione dei materiali chimici, con un team tecnico esperto, supportiamo qualsiasi nuova personalizzazione e sviluppo del prodotto, se necessario, <span style=\"color: #0000ff;\"><a style=\"color: #0000ff;\" href=\"https:\/\/vimaterial.de\/it\/contatto\/\">contattaci<\/a><\/span>.<\/p>\n<h2><span style=\"font-size: 14pt;\">Caratteristiche<\/span><\/h2>\n<p>Formula chimica: NiCr\u2082O\u2084<\/p>\n<p>Peso molecolare: 244,43<\/p>\n<p>Aspetto: polvere fine nera<\/p>\n<p>Densit\u00e0: circa 5,45 g\/cm3<\/p>\n<p>Punto di fusione: circa 1700\u00b0C<\/p>\n<p>Struttura cristallina: struttura dello spinello, che conferisce alla polvere una buona stabilit\u00e0 chimica e propriet\u00e0 elettriche.<\/p>\n<h2><span style=\"font-size: 14pt;\">Applicazioni<\/span><\/h2>\n<p>Materiali degli elettrodi della batteria: applicati alla preparazione di nuovi elettrodi della batteria, aiutano a migliorare le prestazioni di carica e scarica e la stabilit\u00e0 del ciclo delle batterie, come nelle batterie agli ioni di litio, possono migliorare la densit\u00e0 energetica delle batterie, prolungare la durata delle batterie e ridurre il costo delle batterie.<\/p>\n<p>Campo del sensore: con le sue buone propriet\u00e0 di adsorbimento e reazione a determinati gas, pu\u00f2 essere utilizzato per preparare sensori di gas per rilevare efficacemente i gas nocivi nell&#8217;ambiente.<\/p>\n<p>Pigmento ceramico: aggiunto allo smalto ceramico, la nichelcromite pu\u00f2 conferire alla ceramica un colore e una lucentezza unici, grazie alla sua resistenza alle alte temperature e alla buona stabilit\u00e0 chimica, pu\u00f2 far s\u00ec che la ceramica mantenga la stabilit\u00e0 e l&#8217;uniformit\u00e0 del colore nel processo di cottura ad alta temperatura.<\/p>\n<p>Materiale magnetico: con determinate propriet\u00e0 magnetiche, pu\u00f2 essere utilizzato per preparare materiali compositi magnetici, applicati a supporti di registrazione magnetici in apparecchiature elettroniche, nuclei di trasformatori, ecc., Per migliorare le prestazioni e la stabilit\u00e0 dei componenti magnetici.<\/p>\n<h2><span style=\"font-size: 14pt;\">Controllo qualit\u00e0<\/span><\/h2>\n<p><span style=\"color: #0000ff;\"><a style=\"color: #0000ff;\" href=\"https:\/\/vimaterial.de\/it\/controllo-qualita\/\">I nostri prodotti<\/a> <\/span>seguono rigorosamente un sistema completo di gestione della qualit\u00e0. Dall&#8217;attenta selezione delle materie prime, alla lavorazione, al rigoroso controllo della temperatura, della pressione e di altri parametri di processo per garantire una dimensione uniforme delle particelle e una composizione stabile dei granuli; Per l&#8217;ispezione finale e i test in fabbrica, ogni fase del processo ha stabilito rigorosi standard di ispezione. Siamo in grado di fornire campioni per la ri-ispezione dei clienti in base alle loro esigenze specifiche.<\/p>\n<h2><span style=\"font-size: 14pt;\">Imballaggio e stoccaggio<\/span><\/h2>\n<p>La polvere di nichel cromite \u00e8 confezionata in sacchetti o bottiglie sottovuoto a doppio strato e l&#8217;imballaggio esterno \u00e8 realizzato in cartoni per garantire la sicurezza del trasporto.<\/p>\n<p>La polvere di nichel cromite deve essere conservata a una temperatura asciutta, pulita, adeguata e priva di gas corrosivi, imballaggio sottovuoto di laminazione esterna per prevenirne l&#8217;umidit\u00e0, l&#8217;ossidazione o la contaminazione e influire sulle prestazioni.<\/p>\n","protected":false},"excerpt":{"rendered":"<p>La polvere di nichel cromite \u00e8 un materiale ad alte prestazioni composto da ossidi di nichel-cromo con elevata purezza e buona stabilit\u00e0. La sua composizione chimica unica e le sue propriet\u00e0 fisiche sono utilizzate principalmente nei settori dei sensori, dei materiali magnetici, dei materiali ceramici e dei materiali per batterie.<\/p>\n<p>VIMATERIAL produce polveri con elevata purezza, basse impurit\u00e0 e granulometria uniforme, mentre i nostri prodotti sono disponibili in confezioni piccole, MOQ ridotti e tempi di consegna brevi. Siamo profondamente impegnati nell&#8217;innovazione dei materiali chimici, con un team tecnico esperto, supportiamo qualsiasi nuova personalizzazione e sviluppo del prodotto, se necessario, <span style=\"color: #0000ff;\"><a style=\"color: #0000ff;\" href=\"https:\/\/vimaterial.de\/it\/contatto\/\">contattaci<\/a><\/span>.<\/p>\n","protected":false},"featured_media":1002555,"comment_status":"open","ping_status":"closed","template":"","meta":{"_acf_changed":false},"product_brand":[],"product_cat":[206],"product_tag":[],"class_list":{"0":"post-1030394","1":"product","2":"type-product","3":"status-publish","4":"has-post-thumbnail","6":"product_cat-altri-materiali","8":"first","9":"instock","10":"shipping-taxable","11":"product-type-variable"},"acf":[],"_links":{"self":[{"href":"https:\/\/vimaterial.de\/it\/wp-json\/wp\/v2\/product\/1030394","targetHints":{"allow":["GET"]}}],"collection":[{"href":"https:\/\/vimaterial.de\/it\/wp-json\/wp\/v2\/product"}],"about":[{"href":"https:\/\/vimaterial.de\/it\/wp-json\/wp\/v2\/types\/product"}],"replies":[{"embeddable":true,"href":"https:\/\/vimaterial.de\/it\/wp-json\/wp\/v2\/comments?post=1030394"}],"wp:featuredmedia":[{"embeddable":true,"href":"https:\/\/vimaterial.de\/it\/wp-json\/wp\/v2\/media\/1002555"}],"wp:attachment":[{"href":"https:\/\/vimaterial.de\/it\/wp-json\/wp\/v2\/media?parent=1030394"}],"wp:term":[{"taxonomy":"product_brand","embeddable":true,"href":"https:\/\/vimaterial.de\/it\/wp-json\/wp\/v2\/product_brand?post=1030394"},{"taxonomy":"product_cat","embeddable":true,"href":"https:\/\/vimaterial.de\/it\/wp-json\/wp\/v2\/product_cat?post=1030394"},{"taxonomy":"product_tag","embeddable":true,"href":"https:\/\/vimaterial.de\/it\/wp-json\/wp\/v2\/product_tag?post=1030394"}],"curies":[{"name":"wp","href":"https:\/\/api.w.org\/{rel}","templated":true}]}}