{"id":1030388,"date":"2024-06-18T18:33:01","date_gmt":"2024-06-18T10:33:01","guid":{"rendered":"https:\/\/vimaterial.de\/product\/stannato-di-zinco-zto-ossido-di-zinco-e-stagno-3\/"},"modified":"2025-02-25T15:57:34","modified_gmt":"2025-02-25T07:57:34","slug":"stannato-di-zinco-zto-ossido-di-zinco-e-stagno-3","status":"publish","type":"product","link":"https:\/\/vimaterial.de\/it\/product\/stannato-di-zinco-zto-ossido-di-zinco-e-stagno-3\/","title":{"rendered":"Stannato di zinco (ZTO) (ossido di zinco-stagno)"},"content":{"rendered":"<p>I granuli di <span style=\"color: #0000ff;\"><a style=\"color: #0000ff;\" href=\"https:\/\/vimaterial.de\/it\/product\/stannato-di-zinco-zto-ossido-di-zinco-e-stagno-2\/\">zinco stannato<\/a> (ZTO)<\/span> sono materiali funzionali composti da ossidi di zinco-stagno con elevata purezza ed eccellente stabilit\u00e0. Grazie alla loro composizione chimica unica e alle propriet\u00e0 fisiche, sono utilizzati principalmente nell&#8217;imballaggio elettronico, nella catalisi, nella ceramica e in altri campi.<\/p>\n<p>VIMATERIAL, azienda leader nel settore dell&#8217;innovazione chimica, si impegna a fornire materiali ad alte prestazioni per applicazioni ingegneristiche avanzate. I nostri granuli di Zinco Stannato sono puri, hanno livelli di impurit\u00e0 estremamente bassi, sono distribuiti uniformemente e sono estremamente stabili. Abbiamo un team di sviluppo tecnologico professionale che accetta la personalizzazione e lo sviluppo di tutti i tipi di prodotti, se necessario, <span style=\"color: #0000ff;\"><a style=\"color: #0000ff;\" href=\"https:\/\/vimaterial.de\/it\/contatto\/\">contattaci<\/a><\/span>.<\/p>\n<h2><span style=\"font-size: 14pt;\">Caratteristiche<\/span><\/h2>\n<p>Formula chimica: Zn\u2082SnO\u2084(ZTO)<\/p>\n<p>Peso molecolare: 348,95<\/p>\n<p>Aspetto: Granulo grigio<\/p>\n<p>Densit\u00e0: circa 5,91 g\/cm3<\/p>\n<p>Punto di fusione: circa 1500\u00b0C<\/p>\n<p>Struttura cristallina: struttura di spinello, che conferisce alle particelle una buona stabilit\u00e0 elettrica e chimica.<\/p>\n<h2><span style=\"font-size: 14pt;\">Applicazioni<\/span><\/h2>\n<p>Incapsulamento elettronico: nell&#8217;incapsulamento di dispositivi elettronici, i granuli di zinco stannato possono migliorare efficacemente la conduttivit\u00e0 termica e le propriet\u00e0 isolanti del materiale di incapsulamento, garantendo la stabilit\u00e0 e l&#8217;affidabilit\u00e0 dei dispositivi elettronici durante il funzionamento e prolungando la durata dei dispositivi.<\/p>\n<p>Vettore del catalizzatore: Grazie alle sue propriet\u00e0 chimiche stabili e alla speciale struttura cristallina, i granuli di zinco stannato possono essere utilizzati come vettori di catalizzatori di alta qualit\u00e0, ampiamente utilizzati in tutti i tipi di reazioni chimiche, contribuendo a migliorare l&#8217;attivit\u00e0 e la selettivit\u00e0 dei catalizzatori e a migliorare l&#8217;efficienza delle reazioni chimiche.<\/p>\n<p>Additivi ceramici: aggiunti ai materiali ceramici, possono migliorare significativamente le propriet\u00e0 meccaniche, elettriche e termiche della ceramica, rendendo i prodotti ceramici pi\u00f9 robusti e durevoli, nonch\u00e9 un migliore isolamento elettrico e stabilit\u00e0 termica, ampliando l&#8217;ambito di applicazione dei materiali ceramici.<\/p>\n<p>Materiali ignifughi: con le sue propriet\u00e0 chimiche, i granuli di zinco stannato sono eccellenti nel campo dei materiali ignifughi.<\/p>\n<h2><span style=\"font-size: 14pt;\">Controllo qualit\u00e0<\/span><\/h2>\n<p><span style=\"color: #0000ff;\"><a style=\"color: #0000ff;\" href=\"https:\/\/vimaterial.de\/it\/controllo-qualita\/\">I nostri prodotti<\/a><\/span> seguono rigorosamente un sistema completo di gestione della qualit\u00e0. Dall&#8217;attenta selezione delle materie prime, alla lavorazione, al rigoroso controllo della temperatura, della pressione e di altri parametri di processo per garantire una dimensione uniforme delle particelle e una composizione stabile dei granuli; Per l&#8217;ispezione finale e i test in fabbrica, ogni fase del processo ha stabilito rigorosi standard di ispezione. Siamo in grado di fornire campioni per la ri-ispezione dei clienti in base alle loro esigenze specifiche.<\/p>\n<h2><span style=\"font-size: 14pt;\">Imballaggio e stoccaggio<\/span><\/h2>\n<p>I granuli di Zinco Stannato sono confezionati in sacchetti a doppio vuoto o in flaconi in cartoni.<\/p>\n<p>I granuli di stannato di zinco devono essere conservati in un ambiente asciutto e pulito a una temperatura adeguata e privi di gas corrosivi e confezionati sottovuoto in una scatola laminata con film per prevenire umidit\u00e0, ossidazione o contaminazione che potrebbero influire sulle loro prestazioni.<\/p>\n","protected":false},"excerpt":{"rendered":"<p>I granuli di <span style=\"color: #0000ff;\"><a style=\"color: #0000ff;\" href=\"https:\/\/vimaterial.de\/it\/product\/stannato-di-zinco-zto-ossido-di-zinco-e-stagno-2\/\">zinco stannato<\/a> (ZTO)<\/span> sono materiali funzionali composti da ossidi di zinco-stagno con elevata purezza ed eccellente stabilit\u00e0. Grazie alla loro composizione chimica unica e alle propriet\u00e0 fisiche, sono utilizzati principalmente nell&#8217;imballaggio elettronico, nella catalisi, nella ceramica e in altri campi.<\/p>\n<p>VIMATERIAL, azienda leader nel settore dell&#8217;innovazione chimica, si impegna a fornire materiali ad alte prestazioni per applicazioni ingegneristiche avanzate. I nostri granuli di Zinco Stannato sono puri, hanno livelli di impurit\u00e0 estremamente bassi, sono distribuiti uniformemente e sono estremamente stabili. Abbiamo un team di sviluppo tecnologico professionale che accetta la personalizzazione e lo sviluppo di tutti i tipi di prodotti, se necessario, <span style=\"color: #0000ff;\"><a style=\"color: #0000ff;\" href=\"https:\/\/vimaterial.de\/it\/contatto\/\">contattaci<\/a><\/span>.<\/p>\n","protected":false},"featured_media":1003497,"comment_status":"open","ping_status":"closed","template":"","meta":{"_acf_changed":false},"product_brand":[],"product_cat":[198],"product_tag":[],"class_list":{"0":"post-1030388","1":"product","2":"type-product","3":"status-publish","4":"has-post-thumbnail","6":"product_cat-materiali-per-levaporazione","8":"first","9":"instock","10":"shipping-taxable","11":"product-type-variable"},"acf":[],"_links":{"self":[{"href":"https:\/\/vimaterial.de\/it\/wp-json\/wp\/v2\/product\/1030388","targetHints":{"allow":["GET"]}}],"collection":[{"href":"https:\/\/vimaterial.de\/it\/wp-json\/wp\/v2\/product"}],"about":[{"href":"https:\/\/vimaterial.de\/it\/wp-json\/wp\/v2\/types\/product"}],"replies":[{"embeddable":true,"href":"https:\/\/vimaterial.de\/it\/wp-json\/wp\/v2\/comments?post=1030388"}],"wp:featuredmedia":[{"embeddable":true,"href":"https:\/\/vimaterial.de\/it\/wp-json\/wp\/v2\/media\/1003497"}],"wp:attachment":[{"href":"https:\/\/vimaterial.de\/it\/wp-json\/wp\/v2\/media?parent=1030388"}],"wp:term":[{"taxonomy":"product_brand","embeddable":true,"href":"https:\/\/vimaterial.de\/it\/wp-json\/wp\/v2\/product_brand?post=1030388"},{"taxonomy":"product_cat","embeddable":true,"href":"https:\/\/vimaterial.de\/it\/wp-json\/wp\/v2\/product_cat?post=1030388"},{"taxonomy":"product_tag","embeddable":true,"href":"https:\/\/vimaterial.de\/it\/wp-json\/wp\/v2\/product_tag?post=1030388"}],"curies":[{"name":"wp","href":"https:\/\/api.w.org\/{rel}","templated":true}]}}