{"id":1030353,"date":"2024-06-18T18:31:37","date_gmt":"2024-06-18T10:31:37","guid":{"rendered":"https:\/\/vimaterial.de\/product\/titanato-di-ferro\/"},"modified":"2025-02-25T17:14:12","modified_gmt":"2025-02-25T09:14:12","slug":"titanato-di-ferro","status":"publish","type":"product","link":"https:\/\/vimaterial.de\/it\/product\/titanato-di-ferro\/","title":{"rendered":"Titanato di ferro"},"content":{"rendered":"<p>La polvere di titanato di ferro \u00e8 un materiale composto da elementi di ferro, titanio e ossigeno con elevata purezza e buona stabilit\u00e0 chimica, utilizzato principalmente in batterie, catalisi, sensori e ceramica.<\/p>\n<p>VIMATERIAL produce polveri con elevata purezza, basse impurit\u00e0 e granulometria uniforme, mentre i nostri prodotti sono disponibili in confezioni piccole, MOQ ridotti e tempi di consegna brevi. Siamo profondamente impegnati nell&#8217;innovazione dei materiali chimici inorganici e disponiamo di un team tecnico esperto per supportare qualsiasi nuova personalizzazione e sviluppo del prodotto, se necessario, <span style=\"color: #0000ff;\"><a style=\"color: #0000ff;\" href=\"https:\/\/vimaterial.de\/it\/contatto\/\">contattaci.<\/a><\/span><\/p>\n<h2><span style=\"font-size: 14pt;\">Caratteristiche<\/span><\/h2>\n<p>Formula chimica: Fe\u2082TiO\u2085<\/p>\n<p>Peso molecolare: 287,52<\/p>\n<p>Aspetto: polvere brunastra<\/p>\n<p>Densit\u00e0: circa 4,5 &#8211; 5,0 g\/cm3<\/p>\n<p>Punto di fusione: approssimativamente tra 1300 &#8211; 1400\u00b0C<\/p>\n<p>Struttura cristallina: Ha una struttura cristallina specifica che conferisce alla polvere propriet\u00e0 fisiche e chimiche uniche.<\/p>\n<h2><span style=\"font-size: 14pt;\">Applicazioni<\/span><\/h2>\n<p>Applicazioni della batteria: come potenziale additivo per i materiali degli elettrodi della batteria, la polvere di titanato di ferro pu\u00f2 aiutare a ottimizzare le propriet\u00e0 di accumulo e rilascio dell&#8217;energia delle batterie, migliorandone le prestazioni complessive e la stabilit\u00e0 del ciclo.<\/p>\n<p>Catalizzatore: in virt\u00f9 della sua speciale composizione chimica e struttura, la polvere di titanato di ferro pu\u00f2 essere utilizzata come catalizzatore o componente attivo di un catalizzatore in alcune reazioni chimiche, come reazioni di sintesi organica, reazioni redox, ecc., Per promuovere la reazione e migliorare anche l&#8217;efficienza della reazione.<\/p>\n<p>Sensori: grazie alle sue speciali propriet\u00e0 di adsorbimento e di risposta elettrica e ottica a determinati gas o sostanze chimiche, pu\u00f2 essere utilizzato per preparare sensori di gas o sensori chimici per il rilevamento di gas specifici nell&#8217;ambiente, come monossido di carbonio, biossido di azoto, ecc., nonch\u00e9 variazioni della concentrazione di determinate sostanze chimiche.<\/p>\n<p>Campo ceramico: nella preparazione di materiali ceramici, l&#8217;aggiunta di polvere di titanato di ferro pu\u00f2 migliorare le propriet\u00e0 di sinterizzazione, le propriet\u00e0 meccaniche e le propriet\u00e0 elettriche della ceramica e preparare ceramiche funzionali con propriet\u00e0 speciali, che possono essere utilizzate in dispositivi elettronici, componenti strutturali ad alta temperatura e cos\u00ec via.<\/p>\n<h2><span style=\"font-size: 14pt;\">Controllo qualit\u00e0<\/span><\/h2>\n<p><span style=\"color: #0000ff;\"><a style=\"color: #0000ff;\" href=\"https:\/\/vimaterial.de\/it\/controllo-qualita\/\">I nostri prodotti<\/a> <\/span>seguono rigorosamente un sistema completo di gestione della qualit\u00e0. Dall&#8217;attenta selezione delle materie prime, alla lavorazione, al rigoroso controllo della temperatura, della pressione e di altri parametri di processo per garantire una dimensione uniforme delle particelle e una composizione stabile dei granuli; Per l&#8217;ispezione finale e i test in fabbrica, ogni fase del processo ha stabilito rigorosi standard di ispezione. Siamo in grado di fornire campioni per la ri-ispezione dei clienti in base alle loro esigenze specifiche.<\/p>\n<h2><span style=\"font-size: 14pt;\">Imballaggio e stoccaggio<\/span><\/h2>\n<p>La polvere di titanato di ferro \u00e8 confezionata in doppi sacchetti o bottiglie sottovuoto e l&#8217;imballaggio esterno \u00e8 realizzato in cartone per garantire la sicurezza del trasporto.<\/p>\n<p>La polvere di titanato di ferro deve essere conservata in un ambiente asciutto e pulito con una temperatura adeguata e senza gas corrosivi e confezionata sottovuoto con pellicola laminata per evitare umidit\u00e0, ossidazione o contaminazione che potrebbero comprometterne le prestazioni.<\/p>\n","protected":false},"excerpt":{"rendered":"<p>La polvere di titanato di ferro \u00e8 un materiale composto da elementi di ferro, titanio e ossigeno con elevata purezza e buona stabilit\u00e0 chimica, utilizzato principalmente in batterie, catalisi, sensori e ceramica.<\/p>\n<p>VIMATERIAL produce polveri con elevata purezza, basse impurit\u00e0 e granulometria uniforme, mentre i nostri prodotti sono disponibili in confezioni piccole, MOQ ridotti e tempi di consegna brevi. Siamo profondamente impegnati nell&#8217;innovazione dei materiali chimici inorganici e disponiamo di un team tecnico esperto per supportare qualsiasi nuova personalizzazione e sviluppo del prodotto, se necessario, <span style=\"color: #0000ff;\"><a style=\"color: #0000ff;\" href=\"https:\/\/vimaterial.de\/it\/contatto\/\">contattaci.<\/a><\/span><\/p>\n<p>&nbsp;<\/p>\n","protected":false},"featured_media":1001809,"comment_status":"open","ping_status":"closed","template":"","meta":{"_acf_changed":false},"product_brand":[],"product_cat":[206],"product_tag":[],"class_list":{"0":"post-1030353","1":"product","2":"type-product","3":"status-publish","4":"has-post-thumbnail","6":"product_cat-altri-materiali","8":"first","9":"instock","10":"shipping-taxable","11":"product-type-variable"},"acf":[],"_links":{"self":[{"href":"https:\/\/vimaterial.de\/it\/wp-json\/wp\/v2\/product\/1030353","targetHints":{"allow":["GET"]}}],"collection":[{"href":"https:\/\/vimaterial.de\/it\/wp-json\/wp\/v2\/product"}],"about":[{"href":"https:\/\/vimaterial.de\/it\/wp-json\/wp\/v2\/types\/product"}],"replies":[{"embeddable":true,"href":"https:\/\/vimaterial.de\/it\/wp-json\/wp\/v2\/comments?post=1030353"}],"wp:featuredmedia":[{"embeddable":true,"href":"https:\/\/vimaterial.de\/it\/wp-json\/wp\/v2\/media\/1001809"}],"wp:attachment":[{"href":"https:\/\/vimaterial.de\/it\/wp-json\/wp\/v2\/media?parent=1030353"}],"wp:term":[{"taxonomy":"product_brand","embeddable":true,"href":"https:\/\/vimaterial.de\/it\/wp-json\/wp\/v2\/product_brand?post=1030353"},{"taxonomy":"product_cat","embeddable":true,"href":"https:\/\/vimaterial.de\/it\/wp-json\/wp\/v2\/product_cat?post=1030353"},{"taxonomy":"product_tag","embeddable":true,"href":"https:\/\/vimaterial.de\/it\/wp-json\/wp\/v2\/product_tag?post=1030353"}],"curies":[{"name":"wp","href":"https:\/\/api.w.org\/{rel}","templated":true}]}}