{"id":1030345,"date":"2024-06-18T18:28:33","date_gmt":"2024-06-18T10:28:33","guid":{"rendered":"https:\/\/vimaterial.de\/product\/esafluorofosfato-di-litio-2\/"},"modified":"2025-02-27T14:48:24","modified_gmt":"2025-02-27T06:48:24","slug":"esafluorofosfato-di-litio-2","status":"publish","type":"product","link":"https:\/\/vimaterial.de\/it\/product\/esafluorofosfato-di-litio-2\/","title":{"rendered":"Esafluorofosfato di litio"},"content":{"rendered":"<p>La polvere di esafluorofosfato di litio \u00e8 un cristallo bianco o una polvere con un&#8217;elevata conduttivit\u00e0 ionica, facilmente idrolizzata in aria umida, utilizzata principalmente nell&#8217;elettrolita delle batterie agli ioni di litio e in altri campi.<\/p>\n<p>VIMATERIAL pu\u00f2 accettare la personalizzazione per tutti i suoi prodotti, i materiali target sono forniti con un servizio di rilegatura, se necessario, vi preghiamo di <span style=\"color: #0000ff;\"><a style=\"color: #0000ff;\" href=\"https:\/\/vimaterial.de\/it\/contatto\/\">contattarci<\/a><\/span>.<\/p>\n<p>Caratteristiche<\/p>\n<p>Formula chimica: LiPF6<\/p>\n<p>Massa molare: 151,905 g\/mol<\/p>\n<p>Aspetto: polvere bianca<\/p>\n<p>Densit\u00e0: 1,5 g\/cm3<\/p>\n<p>Punto di fusione: 200 \u00b0C (392 \u00b0F; 473 K)<\/p>\n<p>Struttura cristallina: Struttura cristallina del sistema cristallino esagonale<\/p>\n<p>Applicazione<\/p>\n<p>Campo della batteria: LiPF\u2086 \u00e8 il sale di litio elettrolitico pi\u00f9 comunemente usato nelle batterie agli ioni di litio, che pu\u00f2 migliorare efficacemente l&#8217;efficienza di carica e scarica, la densit\u00e0 di energia e la durata del ciclo della batteria.<\/p>\n<p>Sintesi organica: LiPF\u2086 pu\u00f2 essere utilizzato come agente fluorurante in una variet\u00e0 di reazioni di sintesi organica. Pu\u00f2 introdurre atomi di fluoro in composti organici, modificando cos\u00ec le propriet\u00e0 dei composti organici e sintetizzando composti organici fluorurati con propriet\u00e0 speciali.<\/p>\n<p>Ricerca sui catalizzatori: nella ricerca e nello sviluppo di alcune reazioni catalitiche, LiPF\u2086 pu\u00f2 essere utilizzato come catalizzatore o componente di un catalizzatore.<\/p>\n<p>Controllo qualit\u00e0<\/p>\n<p>Per ogni lotto di produzione viene implementato <span style=\"color: #0000ff;\"><a style=\"color: #0000ff;\" href=\"https:\/\/vimaterial.de\/it\/controllo-qualita\/\">un rigoroso<\/a> <\/span>sistema di controllo della qualit\u00e0 e vengono eseguiti test dettagliati in tutti gli aspetti, dal contenuto dei componenti, alle propriet\u00e0 fisiche alla microstruttura, ecc. E vengono forniti rapporti di prova dettagliati tempestivi e accurati.<\/p>\n<p>Imballaggio e stoccaggio<\/p>\n<p>La polvere di esafluorofosfato di litio \u00e8 confezionata in sacchetti o bottiglie a doppio strato, all&#8217;esterno in cartoni resistenti o scatole di legno, all&#8217;interno in morbida imbottitura.<\/p>\n<div class=\"message-box-content-wrapper-fgNGpz\">\n<div class=\"message-content message-box-content-xoCEoU receive-message-box-content-bNaFpa samantha-message-box-content-gWlptz\" data-testid=\"message_content\">\n<div class=\"container-ZYIsnH flow-markdown-body theme-samantha-Nbr9UN\" dir=\"ltr\" data-testid=\"message_text_content\" data-show-indicator=\"false\">\n<div class=\"auto-hide-last-sibling-br paragraph-JOTKXA paragraph-element br-paragraph-space\">La polvere di esafluorofosfato di litio deve essere conservata in un ambiente di gas inerte fresco, asciutto e ben ventilato (ad esempio, contenitori sigillati riempiti di azoto), lontano da fonti di calore, fonti di accensione e acqua, acidi, basi e altre sostanze che possono reagire con esso.<\/div>\n<\/div>\n<\/div>\n<\/div>\n","protected":false},"excerpt":{"rendered":"<p>La polvere di esafluorofosfato di litio \u00e8 un cristallo bianco o una polvere con un&#8217;elevata conduttivit\u00e0 ionica, facilmente idrolizzata in aria umida, utilizzata principalmente nell&#8217;elettrolita delle batterie agli ioni di litio e in altri campi.<\/p>\n<p>VIMATERIAL pu\u00f2 accettare la personalizzazione per tutti i suoi prodotti, i materiali target sono forniti con un servizio di rilegatura, se necessario, vi preghiamo di <span style=\"color: #0000ff;\"><a style=\"color: #0000ff;\" href=\"https:\/\/vimaterial.de\/it\/contatto\/\">contattarci<\/a><\/span>.<\/p>\n","protected":false},"featured_media":1038178,"comment_status":"open","ping_status":"closed","template":"","meta":{"_acf_changed":false},"product_brand":[],"product_cat":[199],"product_tag":[],"class_list":{"0":"post-1030345","1":"product","2":"type-product","3":"status-publish","4":"has-post-thumbnail","6":"product_cat-materiali-della-batteria","8":"first","9":"instock","10":"shipping-taxable","11":"purchasable","12":"product-type-variable"},"acf":[],"_links":{"self":[{"href":"https:\/\/vimaterial.de\/it\/wp-json\/wp\/v2\/product\/1030345","targetHints":{"allow":["GET"]}}],"collection":[{"href":"https:\/\/vimaterial.de\/it\/wp-json\/wp\/v2\/product"}],"about":[{"href":"https:\/\/vimaterial.de\/it\/wp-json\/wp\/v2\/types\/product"}],"replies":[{"embeddable":true,"href":"https:\/\/vimaterial.de\/it\/wp-json\/wp\/v2\/comments?post=1030345"}],"wp:featuredmedia":[{"embeddable":true,"href":"https:\/\/vimaterial.de\/it\/wp-json\/wp\/v2\/media\/1038178"}],"wp:attachment":[{"href":"https:\/\/vimaterial.de\/it\/wp-json\/wp\/v2\/media?parent=1030345"}],"wp:term":[{"taxonomy":"product_brand","embeddable":true,"href":"https:\/\/vimaterial.de\/it\/wp-json\/wp\/v2\/product_brand?post=1030345"},{"taxonomy":"product_cat","embeddable":true,"href":"https:\/\/vimaterial.de\/it\/wp-json\/wp\/v2\/product_cat?post=1030345"},{"taxonomy":"product_tag","embeddable":true,"href":"https:\/\/vimaterial.de\/it\/wp-json\/wp\/v2\/product_tag?post=1030345"}],"curies":[{"name":"wp","href":"https:\/\/api.w.org\/{rel}","templated":true}]}}