{"id":1030335,"date":"2024-06-18T18:28:34","date_gmt":"2024-06-18T10:28:34","guid":{"rendered":"https:\/\/vimaterial.de\/product\/fosfato-di-litio-e-titanio\/"},"modified":"2025-02-27T14:30:30","modified_gmt":"2025-02-27T06:30:30","slug":"fosfato-di-litio-e-titanio","status":"publish","type":"product","link":"https:\/\/vimaterial.de\/it\/product\/fosfato-di-litio-e-titanio\/","title":{"rendered":"Fosfato di titanio e litio"},"content":{"rendered":"<div class=\"message-box-content-wrapper-fgNGpz\">\n<div class=\"message-content message-box-content-xoCEoU receive-message-box-content-bNaFpa samantha-message-box-content-gWlptz\" data-testid=\"message_content\">\n<div class=\"container-ZYIsnH flow-markdown-body theme-samantha-Nbr9UN\" dir=\"ltr\" data-testid=\"message_text_content\" data-show-indicator=\"false\">\n<div class=\"auto-hide-last-sibling-br paragraph-JOTKXA paragraph-element br-paragraph-space\">Fosfato di titanio e litio, in forma di polvere, ha una struttura del sistema cristallino tripartito, \u00e8 solitamente bianca o biancastra, presenta elevata conduttivit\u00e0 ionica, una struttura cristallina stabile e buona stabilit\u00e0 termica, trovando applicazioni nel campo dei materiali degli elettrodi delle batterie agli ioni di litio, nei sistemi di accumulo di energia, nei materiali elettronici, nei sensori e in altri settori analoghi.<\/div>\n<\/div>\n<\/div>\n<\/div>\n<p><span style=\"font-size: 12pt;\">VIMATERIAL pu\u00f2 accettare la personalizzazione per tutti i suoi prodotti, i materiali target sono forniti con un servizio di rilegatura, se necessario, vi preghiamo di<span style=\"color: #0000ff;\"><a style=\"color: #0000ff;\" href=\"https:\/\/vimaterial.de\/it\/contatto\/\"> contattarci.<\/a><\/span><\/span><\/p>\n<h2><span style=\"font-size: 14pt;\">Caratteristiche<\/span><\/h2>\n<p><span style=\"font-size: 12pt;\">Formula chimica: LiTi2(PO4)3<\/span><\/p>\n<p><span style=\"font-size: 12pt;\">Peso molecolare: circa 387,58<\/span><\/p>\n<p><span style=\"font-size: 12pt;\">Aspetto: polvere solitamente bianca o biancastra.<\/span><\/p>\n<p><span style=\"font-size: 12pt;\">Struttura cristallina: Appartiene al sistema cristallino tripartito e ha una struttura cristallina ordinata, con ioni litio (Li\u207a), ioni titanio (Ti\u2074\u207a) e ioni fosfato (PO\u2084\u00b3-) disposti secondo uno schema specifico nel reticolo cristallino.<\/span><\/p>\n<h2><span style=\"font-size: 14pt;\">Applicazione<\/span><\/h2>\n<p><span style=\"font-size: 12pt;\">Campo della batteria: la polvere LiTi2 (PO4) 3 pu\u00f2 essere utilizzata come materiale dell&#8217;elettrodo delle batterie agli ioni di litio, che pu\u00f2 fornire un plateau di carica e scarica pi\u00f9 elevato e una buona stabilit\u00e0 ciclica e contribuire a migliorare le prestazioni e la durata della batteria.<\/span><\/p>\n<p><span style=\"font-size: 12pt;\">Campo di accumulo di energia: nei sistemi di accumulo di energia, la polvere LiTi2 (PO4) 3 pu\u00f2 essere utilizzata per costruire batterie di accumulo di energia ad alte prestazioni per realizzare un efficiente stoccaggio e rilascio di energia elettrica in virt\u00f9 della sua struttura stabile e delle eccellenti prestazioni elettrochimiche.<\/span><\/p>\n<p><span style=\"font-size: 12pt;\">Campo dei materiali elettronici: pu\u00f2 essere utilizzato per preparare materiali speciali nei componenti elettronici e supportare la miniaturizzazione e le alte prestazioni dei dispositivi elettronici utilizzando le sue propriet\u00e0 fisiche e chimiche uniche.<\/span><\/p>\n<p><span style=\"font-size: 12pt;\">Campo del sensore: Sulla base delle speciali propriet\u00e0 di risposta della polvere LiTi2(PO4)3 a determinate sostanze, pu\u00f2 essere utilizzata per sviluppare nuovi tipi di sensori per il rilevamento di sostanze come ioni o gas specifici nell&#8217;ambiente.<\/span><\/p>\n<h2><span style=\"font-size: 14pt;\">Controllo qualit\u00e0<\/span><\/h2>\n<p>Per ogni lotto di produzione viene implementato <span style=\"color: #0000ff;\"><a style=\"color: #0000ff;\" href=\"https:\/\/vimaterial.de\/it\/controllo-qualita\/\">un rigoroso<\/a><\/span> sistema di controllo della qualit\u00e0 e vengono eseguiti test dettagliati in tutti gli aspetti, dal contenuto dei componenti, alle propriet\u00e0 fisiche alla microstruttura, ecc. E vengono forniti rapporti di prova dettagliati tempestivi e accurati.<\/p>\n<h2><span style=\"font-size: 14pt;\">Imballaggio e stoccaggio<\/span><\/h2>\n<p><span style=\"font-size: 12pt;\">La polvere di litio titanio fosfato<\/span> \u00e8 confezionata in sacchetti o bottiglie sottovuoto a doppio strato, con un cartone resistente o una scatola di legno all&#8217;esterno e un&#8217;imbottitura del cuscino all&#8217;interno.<\/p>\n<p><span style=\"font-size: 12pt;\">La polvere di fosfato di litio titanio<\/span> deve essere conservata in un ambiente asciutto e ventilato con temperatura adeguata, confezione sigillata per isolare aria e umidit\u00e0 e isolata da acidi e alcali e altre sostanze chimiche e sostanze infiammabili ed esplosive, evitando l&#8217;estrusione.<\/p>\n","protected":false},"excerpt":{"rendered":"<div class=\"message-box-content-wrapper-fgNGpz\">\n<div class=\"message-content message-box-content-xoCEoU receive-message-box-content-bNaFpa samantha-message-box-content-gWlptz\" data-testid=\"message_content\">\n<div class=\"container-ZYIsnH flow-markdown-body theme-samantha-Nbr9UN\" dir=\"ltr\" data-testid=\"message_text_content\" data-show-indicator=\"false\">\n<div class=\"auto-hide-last-sibling-br paragraph-JOTKXA paragraph-element br-paragraph-space\">Fosfato di titanio e litio, in forma di polvere, ha una struttura del sistema cristallino tripartito, \u00e8 solitamente bianca o biancastra, presenta elevata conduttivit\u00e0 ionica, una struttura cristallina stabile e buona stabilit\u00e0 termica, trovando applicazioni nel campo dei materiali degli elettrodi delle batterie agli ioni di litio, nei sistemi di accumulo di energia, nei materiali elettronici, nei sensori e in altri settori analoghi.<\/div>\n<\/div>\n<\/div>\n<\/div>\n<p><span style=\"font-size: 12pt;\">VIMATERIAL pu\u00f2 accettare la personalizzazione per tutti i suoi prodotti, i materiali target sono forniti con un servizio di rilegatura, se necessario, vi preghiamo di<span style=\"color: #0000ff;\"><a style=\"color: #0000ff;\" href=\"https:\/\/vimaterial.de\/it\/contatto\/\"> contattarci.<\/a><\/span><\/span><\/p>\n<p>&nbsp;<\/p>\n","protected":false},"featured_media":1029897,"comment_status":"open","ping_status":"closed","template":"","meta":{"_acf_changed":false},"product_brand":[],"product_cat":[199],"product_tag":[],"class_list":{"0":"post-1030335","1":"product","2":"type-product","3":"status-publish","4":"has-post-thumbnail","6":"product_cat-materiali-della-batteria","8":"first","9":"instock","10":"shipping-taxable","11":"purchasable","12":"product-type-variable"},"acf":[],"_links":{"self":[{"href":"https:\/\/vimaterial.de\/it\/wp-json\/wp\/v2\/product\/1030335","targetHints":{"allow":["GET"]}}],"collection":[{"href":"https:\/\/vimaterial.de\/it\/wp-json\/wp\/v2\/product"}],"about":[{"href":"https:\/\/vimaterial.de\/it\/wp-json\/wp\/v2\/types\/product"}],"replies":[{"embeddable":true,"href":"https:\/\/vimaterial.de\/it\/wp-json\/wp\/v2\/comments?post=1030335"}],"wp:featuredmedia":[{"embeddable":true,"href":"https:\/\/vimaterial.de\/it\/wp-json\/wp\/v2\/media\/1029897"}],"wp:attachment":[{"href":"https:\/\/vimaterial.de\/it\/wp-json\/wp\/v2\/media?parent=1030335"}],"wp:term":[{"taxonomy":"product_brand","embeddable":true,"href":"https:\/\/vimaterial.de\/it\/wp-json\/wp\/v2\/product_brand?post=1030335"},{"taxonomy":"product_cat","embeddable":true,"href":"https:\/\/vimaterial.de\/it\/wp-json\/wp\/v2\/product_cat?post=1030335"},{"taxonomy":"product_tag","embeddable":true,"href":"https:\/\/vimaterial.de\/it\/wp-json\/wp\/v2\/product_tag?post=1030335"}],"curies":[{"name":"wp","href":"https:\/\/api.w.org\/{rel}","templated":true}]}}