{"id":1030315,"date":"2024-06-18T18:28:09","date_gmt":"2024-06-18T10:28:09","guid":{"rendered":"https:\/\/vimaterial.de\/product\/ossido-di-tungsteno-e-litio\/"},"modified":"2025-02-27T15:19:05","modified_gmt":"2025-02-27T07:19:05","slug":"ossido-di-tungsteno-di-litio","status":"publish","type":"product","link":"https:\/\/vimaterial.de\/it\/product\/ossido-di-tungsteno-di-litio\/","title":{"rendered":"Ossido di tungsteno di litio"},"content":{"rendered":"<p>La polvere di ossido di litio tungsteno \u00e8 un tipo di polvere composta inorganica con struttura cristallina ortorombica composta da elementi di litio (Li), tungsteno (W) e ossigeno (O), che ha una buona stabilit\u00e0 chimica, alta densit\u00e0, propriet\u00e0 di assorbimento ottico specifiche in una certa gamma di lunghezze d&#8217;onda, nonch\u00e9 un&#8217;eccellente conduttivit\u00e0 ionica e altre caratteristiche speciali, e ha importanti applicazioni nei campi dei rivestimenti ottici, materiali scintillanti, elettroliti per batterie agli ioni di litio e alcune reazioni catalitiche. Elettrolita della batteria e reazione catalitica e altri campi.<\/p>\n<p>VIMATERIAL pu\u00f2 accettare la personalizzazione per tutti i suoi prodotti, i materiali target sono forniti con un servizio di rilegatura, se necessario, vi preghiamo di <span style=\"color: #0000ff;\"><a style=\"color: #0000ff;\" href=\"https:\/\/vimaterial.de\/it\/contatto\/\">contattarci<\/a><\/span>.<\/p>\n<h2><span style=\"font-size: 14pt;\">Caratteristiche<\/span><\/h2>\n<p>Formula chimica: Li2WO4<\/p>\n<p>Peso molecolare: 261,73 g\/mol<\/p>\n<p>Aspetto: polvere bianca<\/p>\n<p>Densit\u00e0: circa 4,56 g\/cm\u00b3<\/p>\n<p>Punto di fusione: 742\u00b0C<\/p>\n<p>Struttura cristallina: struttura cristallina del sistema cristallino monoclino<\/p>\n<h2><span style=\"font-size: 14pt;\">Applicazione<\/span><\/h2>\n<p>Batteria al litio: ossido di litio tungsteno Grazie alla sua elevata conduttivit\u00e0 ionica e stabilit\u00e0 chimica, pu\u00f2 essere utilizzato come materiale dell&#8217;elettrodo positivo della batteria al litio, che pu\u00f2 immagazzinare e rilasciare energia in modo stabile e presenta i vantaggi di un&#8217;elevata densit\u00e0 di energia e di una lunga durata del ciclo.<\/p>\n<p>Materiale termoelettrico: l&#8217;ossido di litio tungsteno \u00e8 un eccellente materiale termoelettrico, in grado di convertire l&#8217;energia termica in elettricit\u00e0 e ha un potenziale applicativo nel campo della conversione termoelettrica.<\/p>\n<p>Industria nucleare: l&#8217;ossido di litio tungsteno pu\u00f2 essere utilizzato per lo sviluppo di componenti orientati al plasma nei reattori a fusione nucleare e il suo alto punto di fusione e la buona conduttivit\u00e0 termica lo rendono adatto per ambienti estremi.<\/p>\n<p>Elettronica e semiconduttori: possono essere utilizzati per produrre componenti elettronici e semiconduttori come elettrodi e materiali conduttivi.<\/p>\n<h2><span style=\"font-size: 14pt;\">Controllo qualit\u00e0<\/span><\/h2>\n<p>Per ogni lotto di produzione viene implementato <span style=\"color: #0000ff;\"><a style=\"color: #0000ff;\" href=\"https:\/\/vimaterial.de\/it\/controllo-qualita\/\">un rigoroso<\/a> <\/span>sistema di controllo della qualit\u00e0 e vengono eseguiti test dettagliati in tutti gli aspetti, dal contenuto dei componenti, alle propriet\u00e0 fisiche alla microstruttura, ecc. E vengono forniti rapporti di prova dettagliati tempestivi e accurati.<\/p>\n<h2><span style=\"font-size: 14pt;\">Imballaggio e stoccaggio<\/span><\/h2>\n<p>La polvere di ossido di tungsteno di litio \u00e8 confezionata in sacchetti o bottiglie sottovuoto a doppio strato, all&#8217;esterno in cartoni resistenti o casse di legno e all&#8217;interno in morbidi cuscini.<\/p>\n<p>La polvere di ossido di litio tungsteno deve essere conservata in un ambiente asciutto, ventilato e fresco, sigillata e conservata in contenitori con atmosfera di gas inerte per evitare che si deteriori reagendo con l&#8217;umidit\u00e0 e l&#8217;ossigeno presenti nell&#8217;aria.<\/p>\n","protected":false},"excerpt":{"rendered":"<div class=\"message-box-content-wrapper-fgNGpz\">\n<div class=\"message-content message-box-content-xoCEoU receive-message-box-content-bNaFpa samantha-message-box-content-gWlptz\" data-testid=\"message_content\">\n<div class=\"container-ZYIsnH flow-markdown-body theme-samantha-Nbr9UN\" dir=\"ltr\" data-testid=\"message_text_content\" data-show-indicator=\"false\">\n<div class=\"auto-hide-last-sibling-br paragraph-JOTKXA paragraph-element br-paragraph-space\">Ossido di tungsteno di litio, noto anche come La polvere di ossido di litio tungsteno, \u00e8 un tipo di polvere composta inorganica con struttura cristallina ortorombica composta da elementi di litio (Li), tungsteno (W) e ossigeno (O). Questa polvere ha una buona stabilit\u00e0 chimica, alta densit\u00e0, propriet\u00e0 di assorbimento ottico specifiche in una certa gamma di lunghezze d&#8217;onda, nonch\u00e9 un&#8217;eccellente conduttivit\u00e0 ionica e altre caratteristiche speciali. Pertanto, ha importanti applicazioni nei campi dei rivestimenti ottici, materiali scintillanti, elettroliti per batterie agli ioni di litio e alcune reazioni catalitiche.<\/div>\n<\/div>\n<\/div>\n<\/div>\n<p>VIMATERIAL pu\u00f2 accettare la personalizzazione per tutti i suoi prodotti, i materiali target sono forniti con un servizio di rilegatura, se necessario, vi preghiamo di <span style=\"color: #0000ff;\"><a style=\"color: #0000ff;\" href=\"https:\/\/vimaterial.de\/it\/contatto\/\">contattarci<\/a><\/span>.<\/p>\n","protected":false},"featured_media":998688,"comment_status":"open","ping_status":"closed","template":"","meta":{"_acf_changed":false},"product_brand":[],"product_cat":[199],"product_tag":[],"class_list":{"0":"post-1030315","1":"product","2":"type-product","3":"status-publish","4":"has-post-thumbnail","6":"product_cat-materiali-della-batteria","8":"first","9":"instock","10":"shipping-taxable","11":"purchasable","12":"product-type-variable"},"acf":[],"_links":{"self":[{"href":"https:\/\/vimaterial.de\/it\/wp-json\/wp\/v2\/product\/1030315","targetHints":{"allow":["GET"]}}],"collection":[{"href":"https:\/\/vimaterial.de\/it\/wp-json\/wp\/v2\/product"}],"about":[{"href":"https:\/\/vimaterial.de\/it\/wp-json\/wp\/v2\/types\/product"}],"replies":[{"embeddable":true,"href":"https:\/\/vimaterial.de\/it\/wp-json\/wp\/v2\/comments?post=1030315"}],"wp:featuredmedia":[{"embeddable":true,"href":"https:\/\/vimaterial.de\/it\/wp-json\/wp\/v2\/media\/998688"}],"wp:attachment":[{"href":"https:\/\/vimaterial.de\/it\/wp-json\/wp\/v2\/media?parent=1030315"}],"wp:term":[{"taxonomy":"product_brand","embeddable":true,"href":"https:\/\/vimaterial.de\/it\/wp-json\/wp\/v2\/product_brand?post=1030315"},{"taxonomy":"product_cat","embeddable":true,"href":"https:\/\/vimaterial.de\/it\/wp-json\/wp\/v2\/product_cat?post=1030315"},{"taxonomy":"product_tag","embeddable":true,"href":"https:\/\/vimaterial.de\/it\/wp-json\/wp\/v2\/product_tag?post=1030315"}],"curies":[{"name":"wp","href":"https:\/\/api.w.org\/{rel}","templated":true}]}}