{"id":1030304,"date":"2024-06-18T18:27:43","date_gmt":"2024-06-18T10:27:43","guid":{"rendered":"https:\/\/vimaterial.de\/product\/lega-di-alluminio-al-neodimio-2\/"},"modified":"2025-02-27T16:13:35","modified_gmt":"2025-02-27T08:13:35","slug":"lega-di-alluminio-al-neodimio-2","status":"publish","type":"product","link":"https:\/\/vimaterial.de\/it\/product\/lega-di-alluminio-al-neodimio-2\/","title":{"rendered":"Lega di alluminio al neodimio"},"content":{"rendered":"<p><span style=\"color: #0000ff;\"><a style=\"color: #0000ff;\" href=\"https:\/\/vimaterial.de\/it\/product\/lega-di-alluminio-al-neodimio\/\">Alluminio Neodimio<\/a><\/span> I granuli di lega AlNd sono particelle di lega a base di alluminio (Al) contenenti elementi al neodimio (Nd), che hanno un&#8217;elevata resistenza, una buona resistenza al calore e determinate propriet\u00e0 magnetiche e hanno importanti applicazioni nel settore aerospaziale, nei materiali elettronici e nei materiali magnetici.<\/p>\n<p>VIMATERIAL pu\u00f2 accettare la personalizzazione per tutti i suoi prodotti, i materiali target sono forniti con un servizio di rilegatura, se necessario, vi preghiamo di<span style=\"color: #0000ff;\"><a style=\"color: #0000ff;\" href=\"https:\/\/vimaterial.de\/it\/contatto\/\"> contattarci<\/a><\/span>.<\/p>\n<h2><span style=\"color: #000000; font-size: 14pt;\">Quali sono le propriet\u00e0 speciali della lega di alluminio neodimio rispetto ad altre?<\/span><\/h2>\n<p>Propriet\u00e0 magnetiche: le leghe di alluminio in generale sono fondamentalmente non magnetiche o hanno propriet\u00e0 magnetiche molto deboli, mentre i granuli AlNd in lega di alluminio neodimio hanno determinate propriet\u00e0 magnetiche dovute alla presenza di neodimio, che possono sostituire alcune leghe magnetiche tradizionali per la produzione di piccoli sensori magnetici, marcatori magnetici e cos\u00ec via in scenari che non richiedono un alto livello di magnetismo ma devono combinarsi con la leggerezza e altre caratteristiche dell&#8217;alluminio.<\/p>\n<p>Prestazioni resistenti al calore: rispetto alle normali leghe di alluminio, l&#8217;elemento al neodimio nei granuli AlNd in lega di alluminio al neodimio pu\u00f2 aumentare significativamente la temperatura di ricristallizzazione delle leghe di alluminio, inibire la crescita dei grani ad alte temperature, in modo che possa ancora mantenere buone propriet\u00e0 meccaniche e stabilit\u00e0 organizzativa a temperature pi\u00f9 elevate.<\/p>\n<p>Prestazioni di elaborazione: Rispetto ad alcune leghe ad alta durezza, alta fragilit\u00e0, i granuli AlNd in lega di alluminio neodimio hanno una buona plasticit\u00e0 e lavorabilit\u00e0, facili da laminare, estrusione, forgiatura e altre tecnologie di lavorazione per realizzare una variet\u00e0 di forme di parti e componenti e non sono facili da crepe, fratture e altri difetti nel processo di lavorazione.<\/p>\n<p>Resistenza alla corrosione: rispetto alle normali leghe a base di ferro, i granuli AlNd in lega di alluminio neodimio sulla superficie dell&#8217;alluminio stesso sono facili da formare uno strato di film di ossido denso, hanno un certo grado di resistenza alla corrosione, il neodimio pu\u00f2 essere aggiunto per migliorare ulteriormente la superficie della struttura del film di ossido della lega, in modo che sia pi\u00f9 stabile e densa, Nell&#8217;umidit\u00e0, i mezzi corrosivi acidi e alcalini come la resistenza alla corrosione corrosiva \u00e8 pi\u00f9 forte.<\/p>\n<h2><span style=\"font-size: 14pt;\">Applicazioni<\/span><\/h2>\n<p>Campo aerospaziale: grazie alle sue eccellenti prestazioni e resistenza alle alte temperature, pu\u00f2 essere utilizzato nella produzione di parti strutturali di aerei e veicoli spaziali, parti di motori, ecc. Pu\u00f2 ridurre il peso dell&#8217;aereo e migliorarne le prestazioni e l&#8217;affidabilit\u00e0 allo stesso tempo.<\/p>\n<p>Industria nucleare: nei reattori nucleari, la lega di alluminio-niobio pu\u00f2 essere utilizzata per realizzare alcune parti chiave, come il rivestimento degli elementi di combustibile, perch\u00e9 ha una buona resistenza alle radiazioni e alle alte temperature.<\/p>\n<p>Industria elettronica: la lega di alluminio neodimio AlNd viene utilizzata nella produzione di materiali di incapsulamento per dispositivi elettronici, materiali di dissipazione del calore, ecc. Sfruttando la loro buona conduttivit\u00e0 termica ed elettrica.<\/p>\n<h2><span style=\"font-size: 14pt;\">Controllo qualit\u00e0<\/span><\/h2>\n<p>Per ogni lotto di produzione viene implementato <span style=\"color: #000080;\"><a style=\"color: #000080;\" href=\"https:\/\/vimaterial.de\/it\/controllo-qualita\/\"><span style=\"color: #0000ff;\">un rigoroso<\/span><\/a> <\/span>sistema di controllo della qualit\u00e0 e vengono eseguiti test dettagliati in tutti gli aspetti, dal contenuto dei componenti, alle propriet\u00e0 fisiche alla microstruttura, ecc. E vengono forniti rapporti di prova dettagliati tempestivi e accurati.<\/p>\n<h2><span style=\"font-size: 14pt;\">Imballaggio e stoccaggio<\/span><\/h2>\n<p>I granuli AlNd in lega di alluminio neodimio sono confezionati in sacchetti o bottiglie sottovuoto a doppio strato, all&#8217;esterno in cartoni resistenti o casse di legno e all&#8217;interno in morbidi cuscini.<\/p>\n<p>I granuli AlNd in lega di alluminio neodimio devono essere conservati in un ambiente asciutto e ben ventilato a una temperatura adeguata, evitando il contatto con sostanze corrosive come acqua, acido, alcali, ecc. \u00c8 meglio metterlo in contenitori sigillati per prevenire l&#8217;ossidazione e la contaminazione e per garantirne prestazioni stabili.<\/p>\n","protected":false},"excerpt":{"rendered":"<p><span style=\"color: #0000ff;\"><a style=\"color: #0000ff;\" href=\"https:\/\/vimaterial.de\/it\/product\/lega-di-alluminio-al-neodimio\/\">Alluminio Neodimio<\/a><\/span> I granuli di lega AlNd sono particelle di lega a base di alluminio (Al) contenenti elementi al neodimio (Nd), che hanno un&#8217;elevata resistenza, una buona resistenza al calore e determinate propriet\u00e0 magnetiche e hanno importanti applicazioni nel settore aerospaziale, nei materiali elettronici e nei materiali magnetici.<\/p>\n<p>VIMATERIAL pu\u00f2 accettare la personalizzazione per tutti i suoi prodotti, i materiali target sono forniti con un servizio di rilegatura, se necessario, vi preghiamo di<span style=\"color: #0000ff;\"><a style=\"color: #0000ff;\" href=\"https:\/\/vimaterial.de\/it\/contatto\/\"> contattarci<\/a><\/span>.<\/p>\n","protected":false},"featured_media":1029865,"comment_status":"open","ping_status":"closed","template":"","meta":{"_acf_changed":false},"product_brand":[],"product_cat":[198],"product_tag":[],"class_list":{"0":"post-1030304","1":"product","2":"type-product","3":"status-publish","4":"has-post-thumbnail","6":"product_cat-materiali-per-levaporazione","8":"first","9":"instock","10":"shipping-taxable","11":"purchasable","12":"product-type-variable"},"acf":[],"_links":{"self":[{"href":"https:\/\/vimaterial.de\/it\/wp-json\/wp\/v2\/product\/1030304","targetHints":{"allow":["GET"]}}],"collection":[{"href":"https:\/\/vimaterial.de\/it\/wp-json\/wp\/v2\/product"}],"about":[{"href":"https:\/\/vimaterial.de\/it\/wp-json\/wp\/v2\/types\/product"}],"replies":[{"embeddable":true,"href":"https:\/\/vimaterial.de\/it\/wp-json\/wp\/v2\/comments?post=1030304"}],"wp:featuredmedia":[{"embeddable":true,"href":"https:\/\/vimaterial.de\/it\/wp-json\/wp\/v2\/media\/1029865"}],"wp:attachment":[{"href":"https:\/\/vimaterial.de\/it\/wp-json\/wp\/v2\/media?parent=1030304"}],"wp:term":[{"taxonomy":"product_brand","embeddable":true,"href":"https:\/\/vimaterial.de\/it\/wp-json\/wp\/v2\/product_brand?post=1030304"},{"taxonomy":"product_cat","embeddable":true,"href":"https:\/\/vimaterial.de\/it\/wp-json\/wp\/v2\/product_cat?post=1030304"},{"taxonomy":"product_tag","embeddable":true,"href":"https:\/\/vimaterial.de\/it\/wp-json\/wp\/v2\/product_tag?post=1030304"}],"curies":[{"name":"wp","href":"https:\/\/api.w.org\/{rel}","templated":true}]}}