{"id":1029801,"date":"2024-06-17T16:12:07","date_gmt":"2024-06-17T08:12:07","guid":{"rendered":"https:\/\/vimaterial.de\/product\/disprosio-metallico-4\/"},"modified":"2025-07-10T17:58:16","modified_gmt":"2025-07-10T09:58:16","slug":"disprosio-metallico-4","status":"publish","type":"product","link":"https:\/\/vimaterial.de\/it\/product\/disprosio-metallico-4\/","title":{"rendered":"Disprosio metallico"},"content":{"rendered":"<p>L&#8217;obiettivo di sputtering <span style=\"color: #0000ff;\"><strong><a style=\"color: #0000ff;\" href=\"https:\/\/vimaterial.de\/it\/product\/disprosio-metallico-3\/\">Disprosio metallico <\/a><\/strong><\/span>\u00e8 fatto dell&#8217;elemento delle terre rare di alta purezza disprosio, che viene spesso utilizzato per la preparazione di materiali magnetici permanenti, materiali di memorizzazione ottici magnetici, materiali ottici a film sottile, droganti dei semiconduttori, ecc. mediante sputtering del magnetron ed \u00e8 ampiamente usato nei campi dei componenti elettronici, della memoria, dei display a schermo piatto, degli strumenti e dei contatori e dei motori.<\/p>\n<p>VIMATERIAL offre servizi di personalizzazione del prodotto e di rilegatura mirata, <span style=\"color: #0000ff;\"><a style=\"color: #0000ff;\" href=\"https:\/\/vimaterial.de\/it\/contatto\/\">contattaci.<\/a><\/span><\/p>\n<p><span style=\"font-size: 14pt;\"><strong>Propriet\u00e0 del disprosio metallico <\/strong><\/span><\/p>\n<p>Formula molecolare: Dy<\/p>\n<p>Peso molecolare: 162,50 g\/mol<\/p>\n<p>Aspetto: lucentezza metallica grigio argento, superficie liscia e pulita<\/p>\n<p>Densit\u00e0: circa 8.551 g\/cm\u00b3.<\/p>\n<p>Punto di fusione: 1412 \u00b0C<\/p>\n<p>Punto di ebollizione: 2562 \u00b0C<\/p>\n<p>Struttura cristallina: struttura esagonale compatta (hcp) a temperatura ambiente, trasformata in struttura cubica centrata sul corpo (bcc) ad alta temperatura.<\/p>\n<h3>Applicazione del disprosio metallico<\/h3>\n<p>Nel campo dei materiali a magneti permanenti, prepariamo rivestimenti modificati per magneti permanenti NdFeB come fonte di sputtering per migliorare le loro propriet\u00e0 magnetiche ad alta temperatura, che vengono utilizzate nei motori di fascia alta e in altre apparecchiature.<\/p>\n<p>Archiviazione magneto-ottica: i film sottili magneto-ottici drogati con disprosio possono essere spruzzati per creare supporti di memorizzazione ottica ad alta densit\u00e0 per migliorare la capacit\u00e0 di archiviazione e la stabilit\u00e0 delle informazioni.<\/p>\n<p>Pellicole ottiche: le pellicole sottili drogate con disprosio preparate mediante sputtering possono essere utilizzate per filtri ottici e pellicole per il miglioramento della trasparenza, utilizzate nelle apparecchiature laser e negli strumenti ottici di precisione.<\/p>\n<p>Semiconduttore: il disprosio viene introdotto nei materiali semiconduttori attraverso la tecnologia sputtering come fonte di drogaggio per regolarne le propriet\u00e0 elettriche e viene utilizzato nella produzione di specifici dispositivi a semiconduttore.<\/p>\n<h2><span style=\"font-size: 14pt;\">Controllo qualit\u00e0<\/span><\/h2>\n<p><span style=\"color: #0000ff;\"><a style=\"color: #0000ff;\" href=\"https:\/\/vimaterial.de\/it\/controllo-qualita\/\">VI HALBLEITERMATERIAL GmbH<\/a> <\/span>implementa un rigoroso controllo di qualit\u00e0 dell&#8217;intero processo e 8D meccanismo di risoluzione dei problemi per garantire che i prodotti siano conformi agli standard REACH, ASTM e di settore e supportare lo sviluppo sostenibile e la tracciabilit\u00e0 della catena di approvvigionamento. L&#8217;azienda si impegna a fornire ai clienti prodotti e servizi di alta qualit\u00e0 gestendo l&#8217;intero processo, dalla ricerca e sviluppo alla consegna, e aderendo al principio della rilavorazione dei prodotti non conformi.<\/p>\n<h2><span style=\"font-size: 14pt;\">Imballaggio e stoccaggio<\/span><\/h2>\n<p>I bersagli per polverizzazione <strong>catodica di disprosio metallico <\/strong>sono confezionati in sacchetti sigillati sottovuoto in contenitori sigillati per isolare l&#8217;aria e l&#8217;umidit\u00e0 e prevenire l&#8217;ossidazione; Lo strato esterno \u00e8 realizzato in custodia rigida e lo strato interno \u00e8 riempito con materiale antiurto per evitare deformazioni o danni alla superficie causati da collisioni durante il trasporto.<\/p>\n<p>Il bersaglio di <strong>sputtering del disprosio metallico<\/strong> deve essere conservato in un magazzino pulito asciutto e ventilato, con umidit\u00e0 relativa \u226450% e temperatura controllata a 15-30\u00b0C, lontano da gas corrosivi, polvere e luce intensa; Il materiale target deve essere posizionato orizzontalmente su un pallet a prova di umidit\u00e0, evitando di impilarlo e schiacciarlo.<\/p>\n","protected":false},"excerpt":{"rendered":"<p>L&#8217;obiettivo di sputtering <span style=\"color: #0000ff;\"><strong><a style=\"color: #0000ff;\" href=\"https:\/\/vimaterial.de\/it\/product\/disprosio-metallico-3\/\">Disprosio metallico <\/a><\/strong><\/span>\u00e8 fatto dell&#8217;elemento delle terre rare di alta purezza disprosio, che viene spesso utilizzato per la preparazione di materiali magnetici permanenti, materiali di memorizzazione ottici magnetici, materiali ottici a film sottile, droganti dei semiconduttori, ecc. mediante sputtering del magnetron ed \u00e8 ampiamente usato nei campi dei componenti elettronici, della memoria, dei display a schermo piatto, degli strumenti e dei contatori e dei motori.<\/p>\n<p>VIMATERIAL offre servizi di personalizzazione del prodotto e di rilegatura mirata, <span style=\"color: #0000ff;\"><a style=\"color: #0000ff;\" href=\"https:\/\/vimaterial.de\/it\/contatto\/\">contattaci.<\/a><\/span><\/p>\n","protected":false},"featured_media":1036263,"comment_status":"open","ping_status":"closed","template":"","meta":{"_acf_changed":false},"product_brand":[],"product_cat":[197],"product_tag":[],"class_list":{"0":"post-1029801","1":"product","2":"type-product","3":"status-publish","4":"has-post-thumbnail","6":"product_cat-obiettivi-di-sputtering-planari","8":"first","9":"instock","10":"shipping-taxable","11":"product-type-variable"},"acf":[],"_links":{"self":[{"href":"https:\/\/vimaterial.de\/it\/wp-json\/wp\/v2\/product\/1029801","targetHints":{"allow":["GET"]}}],"collection":[{"href":"https:\/\/vimaterial.de\/it\/wp-json\/wp\/v2\/product"}],"about":[{"href":"https:\/\/vimaterial.de\/it\/wp-json\/wp\/v2\/types\/product"}],"replies":[{"embeddable":true,"href":"https:\/\/vimaterial.de\/it\/wp-json\/wp\/v2\/comments?post=1029801"}],"wp:featuredmedia":[{"embeddable":true,"href":"https:\/\/vimaterial.de\/it\/wp-json\/wp\/v2\/media\/1036263"}],"wp:attachment":[{"href":"https:\/\/vimaterial.de\/it\/wp-json\/wp\/v2\/media?parent=1029801"}],"wp:term":[{"taxonomy":"product_brand","embeddable":true,"href":"https:\/\/vimaterial.de\/it\/wp-json\/wp\/v2\/product_brand?post=1029801"},{"taxonomy":"product_cat","embeddable":true,"href":"https:\/\/vimaterial.de\/it\/wp-json\/wp\/v2\/product_cat?post=1029801"},{"taxonomy":"product_tag","embeddable":true,"href":"https:\/\/vimaterial.de\/it\/wp-json\/wp\/v2\/product_tag?post=1029801"}],"curies":[{"name":"wp","href":"https:\/\/api.w.org\/{rel}","templated":true}]}}