{"id":1029782,"date":"2024-06-17T16:12:08","date_gmt":"2024-06-17T08:12:08","guid":{"rendered":"https:\/\/vimaterial.de\/product\/solfato-di-disprosio\/"},"modified":"2025-07-10T09:15:09","modified_gmt":"2025-07-10T01:15:09","slug":"solfato-di-disprosio","status":"publish","type":"product","link":"https:\/\/vimaterial.de\/it\/product\/solfato-di-disprosio\/","title":{"rendered":"Disprosio Solfato"},"content":{"rendered":"<p>La polvere di <span style=\"color: #0000ff;\"><a style=\"color: #0000ff;\" href=\"https:\/\/vimaterial.de\/it\/product\/disprosio-metallico-2\/\">Disprosio Solfato<\/a><a style=\"color: #0000ff;\" href=\"https:\/\/vimaterial.de\/it\/product\/disprosio-metallico-2\/\">\u00a0<\/a><\/span>\u00e8 solitamente una polvere cristallina di colore da bianco a giallo chiaro con la formula chimica Dy2(SO4)3 e densit\u00e0 relativa di 3,119. \u00c8 facilmente solubile in acqua e subisce una piccola quantit\u00e0 di idrolisi in acqua calda, e la soluzione acquosa \u00e8 debolmente acida e stabile a 110\u00b0C, ma perde tutta l&#8217;acqua cristallina quando riscaldata a 360\u00b0C. Viene utilizzato principalmente in materiali magnetici, marcatori fluorescenti, agenti di contrasto MRI, ecc. Utilizzato principalmente in materiali magnetici, marcatura fluorescente, agente di contrasto per risonanza magnetica (MRI) e altri campi.<\/p>\n<p>VIMATERIAL supporta la personalizzazione del prodotto, <span style=\"color: #0000ff;\"><a style=\"color: #0000ff;\" href=\"https:\/\/vimaterial.de\/it\/contatto\/\">contattaci.<\/a><\/span><\/p>\n<h2><span style=\"font-size: 14pt;\">Propriet\u00e0 del solfato di disprosio <\/span><\/h2>\n<p>Formula molecolare: Dy2(SO4)3<\/p>\n<p>Peso molecolare: circa 613,24 g\/mol<\/p>\n<p>Aspetto: polvere cristallina solitamente da bianca a giallo chiaro<\/p>\n<p>Struttura cristallina: sistema cristallino monoclino<\/p>\n<p>Solubilit\u00e0: solubile in acqua, insolubile in solventi organici.<\/p>\n<p>Stabilit\u00e0: pi\u00f9 stabile in ambiente asciutto, ma facile da assorbire l&#8217;umidit\u00e0 e deliquesce, deve essere sigillato e conservato.<\/p>\n<h2><span style=\"font-size: 14pt;\">Applicazioni del solfato di disprosio <\/span><\/h2>\n<p>Materiali ceramici: il <strong>solfato di disprosio<\/strong> pu\u00f2 essere utilizzato come additivo nei materiali ceramici per migliorare le prestazioni della ceramica, come migliorare la durezza e la resistenza al calore della ceramica. <strong>Il disprosio solfato<\/strong>e pu\u00f2 essere utilizzato nella produzione di vetri ottici speciali per aumentare l&#8217;indice di rifrazione e migliorare le propriet\u00e0 ottiche del vetro.<\/p>\n<p>Campo magnetico: il disprosio stesso ha importanti applicazioni nel campo magnetico. <strong>Il solfato di disprosio<\/strong> pu\u00f2 essere utilizzato come materiale precursore per la preparazione di materiali magnetici, nonch\u00e9 per la produzione di magneti permanenti e altri materiali magnetici.<\/p>\n<p>Campo biomedico: In campo biomedico, il <strong>disprosio solfato<\/strong> pu\u00f2 essere utilizzato come agente di contrasto per la risonanza magnetica (MRI) per migliorare il contrasto e la chiarezza dell&#8217;immagine, ma l&#8217;applicazione in questo settore \u00e8 ancora in fase di ricerca.<\/p>\n<h2><span style=\"font-size: 14pt;\">Controllo qualit\u00e0<\/span><\/h2>\n<p><span style=\"color: #0000ff;\"><a style=\"color: #0000ff;\" href=\"https:\/\/vimaterial.de\/it\/controllo-qualita\/\">VI HALBLEITERMATERIAL GmbH<\/a> <\/span>implementa un rigoroso controllo di qualit\u00e0 dell&#8217;intero processo e 8D meccanismo di risoluzione dei problemi per garantire che i prodotti siano conformi agli standard REACH, ASTM e di settore e supportino lo sviluppo sostenibile e la tracciabilit\u00e0 della catena di approvvigionamento. L&#8217;azienda si impegna a fornire ai clienti prodotti e servizi di alta qualit\u00e0 gestendo l&#8217;intero processo, dalla ricerca e sviluppo alla consegna, e aderendo al principio della rilavorazione dei prodotti non conformi.<\/p>\n<h2><span style=\"font-size: 14pt;\">Imballaggio e stoccaggio<\/span><\/h2>\n<p><strong>Il disprosio solfato<\/strong> \u00e8 confezionato in un sacchetto sottovuoto e in un cartone speciale per garantire la sicurezza del trasporto e la capacit\u00e0 pu\u00f2 essere personalizzata in base alle esigenze dei clienti.<\/p>\n<p><strong>Il solfato di disprosio<\/strong> deve essere sigillato e conservato in un ambiente asciutto, al riparo dalla luce per prevenire l&#8217;assorbimento e la decomposizione dell&#8217;umidit\u00e0.<\/p>\n","protected":false},"excerpt":{"rendered":"<p>La polvere di <span style=\"color: #0000ff;\"><a style=\"color: #0000ff;\" href=\"https:\/\/vimaterial.de\/it\/product\/disprosio-metallico-2\/\">Disprosio Solfato<\/a><a style=\"color: #0000ff;\" href=\"https:\/\/vimaterial.de\/it\/product\/disprosio-metallico-2\/\">\u00a0<\/a><\/span>\u00e8 solitamente una polvere cristallina di colore da bianco a giallo chiaro con la formula chimica Dy2(SO4)3 e densit\u00e0 relativa di 3,119. \u00c8 facilmente solubile in acqua e subisce una piccola quantit\u00e0 di idrolisi in acqua calda, e la soluzione acquosa \u00e8 debolmente acida e stabile a 110\u00b0C, ma perde tutta l&#8217;acqua cristallina quando riscaldata a 360\u00b0C. Viene utilizzato principalmente in materiali magnetici, marcatori fluorescenti, agenti di contrasto MRI, ecc. Utilizzato principalmente in materiali magnetici, marcatura fluorescente, agente di contrasto per risonanza magnetica (MRI) e altri campi.<\/p>\n<p>VIMATERIAL supporta la personalizzazione del prodotto, <span style=\"color: #0000ff;\"><a style=\"color: #0000ff;\" href=\"https:\/\/vimaterial.de\/it\/contatto\/\">contattaci.<\/a><\/span><\/p>\n","protected":false},"featured_media":1038554,"comment_status":"open","ping_status":"closed","template":"","meta":{"_acf_changed":false},"product_brand":[],"product_cat":[203],"product_tag":[],"class_list":{"0":"post-1029782","1":"product","2":"type-product","3":"status-publish","4":"has-post-thumbnail","6":"product_cat-materiali-per-terre-rare","8":"first","9":"instock","10":"shipping-taxable","11":"purchasable","12":"product-type-variable"},"acf":[],"_links":{"self":[{"href":"https:\/\/vimaterial.de\/it\/wp-json\/wp\/v2\/product\/1029782","targetHints":{"allow":["GET"]}}],"collection":[{"href":"https:\/\/vimaterial.de\/it\/wp-json\/wp\/v2\/product"}],"about":[{"href":"https:\/\/vimaterial.de\/it\/wp-json\/wp\/v2\/types\/product"}],"replies":[{"embeddable":true,"href":"https:\/\/vimaterial.de\/it\/wp-json\/wp\/v2\/comments?post=1029782"}],"wp:featuredmedia":[{"embeddable":true,"href":"https:\/\/vimaterial.de\/it\/wp-json\/wp\/v2\/media\/1038554"}],"wp:attachment":[{"href":"https:\/\/vimaterial.de\/it\/wp-json\/wp\/v2\/media?parent=1029782"}],"wp:term":[{"taxonomy":"product_brand","embeddable":true,"href":"https:\/\/vimaterial.de\/it\/wp-json\/wp\/v2\/product_brand?post=1029782"},{"taxonomy":"product_cat","embeddable":true,"href":"https:\/\/vimaterial.de\/it\/wp-json\/wp\/v2\/product_cat?post=1029782"},{"taxonomy":"product_tag","embeddable":true,"href":"https:\/\/vimaterial.de\/it\/wp-json\/wp\/v2\/product_tag?post=1029782"}],"curies":[{"name":"wp","href":"https:\/\/api.w.org\/{rel}","templated":true}]}}