{"id":1029776,"date":"2024-06-17T16:12:08","date_gmt":"2024-06-17T08:12:08","guid":{"rendered":"https:\/\/vimaterial.de\/product\/nitrato-di-disprosio-idrato\/"},"modified":"2025-07-09T17:41:54","modified_gmt":"2025-07-09T09:41:54","slug":"nitrato-di-disprosio-idrato","status":"publish","type":"product","link":"https:\/\/vimaterial.de\/it\/product\/nitrato-di-disprosio-idrato\/","title":{"rendered":"Idrato di nitrato di disprosio"},"content":{"rendered":"<p>La polvere di <span style=\"color: #0000ff;\"><a style=\"color: #0000ff;\" href=\"https:\/\/vimaterial.de\/it\/search\/?type=name&#038;keyword=Dysprosium+nitrate\"><strong>idrato di nitrato di disprosio<\/strong><\/a><\/span> \u00e8 un tipo di polvere cristallina facilmente deliquescente che di solito appare giallo chiaro, facilmente solubile in acqua ed etanolo, pu\u00f2 essere utilizzata per produrre disprosio e composti di ferro, intermedi di composti di disprosio, reagenti chimici e cos\u00ec via.<\/p>\n<p>VIMATERIAL supporta la personalizzazione del prodotto, <span style=\"color: #0000ff;\"><a style=\"color: #0000ff;\" href=\"https:\/\/vimaterial.de\/it\/contatto\/\">contattaci.<\/a><\/span><\/p>\n<h2><span style=\"font-size: 14pt;\">Propriet\u00e0 del nitrato di disprosio idrato <\/span><\/h2>\n<p>Formula molecolare: Dy(NO\u2083)\u2083-xH\u2082O<\/p>\n<p>Aspetto: polvere cristallina da incolore a giallo chiaro<\/p>\n<p>Struttura cristallina: sistema cristallino ortorombico<\/p>\n<p>Solubilit\u00e0: molto solubile in acqua ed etanolo, forte deliquescenza<\/p>\n<h2><span style=\"font-size: 14pt;\">Applicazioni dell&#8217;idrato di nitrato di disprosio <\/span><\/h2>\n<p>Preparazione di materiali di terre rare: \u00e8 una materia prima importante per la preparazione di altri composti di disprosio o materiali di terre rare.<\/p>\n<p>Industria della ceramica e del vetro: il disprosio pu\u00f2 essere utilizzato come additivo nella produzione di vetri ottici speciali, ceramiche strutturali, ecc., al fine di migliorare le propriet\u00e0 dei materiali, come aumentare l&#8217;indice di rifrazione del vetro e migliorare la resistenza alle alte temperature della ceramica.<\/p>\n<p>Reagenti analitici: il disprosio pu\u00f2 essere utilizzato nelle analisi chimiche e nei test, come reagente analitico per testare e analizzare altre sostanze in laboratorio.<\/p>\n<p>Altri campi: Nell&#8217;industria nucleare, il <strong>nitrato di disprosio idrato<\/strong> pu\u00f2 essere utilizzato nelle barre di controllo dei reattori nucleari, ecc., Per controllare la velocit\u00e0 delle reazioni nucleari utilizzando la sua propriet\u00e0 di assorbimento dei neutroni.<\/p>\n<h2><span style=\"font-size: 14pt;\">Controllo qualit\u00e0<\/span><\/h2>\n<p><span style=\"color: #0000ff;\"><a style=\"color: #0000ff;\" href=\"https:\/\/vimaterial.de\/it\/controllo-qualita\/\">VI HALBLEITERMATERIAL GmbH<\/a><\/span> implementa rigorosamente un sistema di controllo della qualit\u00e0 a processo completo, aderisce al principio della rilavorazione per i prodotti difettosi e rilascia ogni lotto di prodotti solo dopo aver superato test dettagliati delle specifiche. Rispettiamo pienamente gli standard REACH e ASTM per garantire la coerenza dei lotti e stabilire un sistema completo di tracciabilit\u00e0 dei documenti per costruire una catena di approvvigionamento responsabile.<\/p>\n<h2><span style=\"font-size: 14pt;\">Imballaggio e stoccaggio<\/span><\/h2>\n<p>Il nitrato idrato di disprosio viene insaccato sottovuoto e quindi confezionato in cartoni speciali per garantire un trasporto sicuro e la capacit\u00e0 di imballaggio pu\u00f2 essere personalizzata in base alle esigenze del cliente.<\/p>\n<p>Dy(NO\u2083)\u2083-xH\u2082O deve essere rigorosamente resistente all&#8217;umidit\u00e0 e alla luce, sigillato e conservato in un ambiente asciutto (umidit\u00e0 \u2264 30% RH, temperatura 15-25 \u00b0C), per evitare il contatto con la materia organica.<\/p>\n","protected":false},"excerpt":{"rendered":"<p>La polvere di <span style=\"color: #0000ff;\"><a style=\"color: #0000ff;\" href=\"https:\/\/vimaterial.de\/it\/search\/?type=name&#038;keyword=Dysprosium+nitrate\"><strong>idrato di nitrato di disprosio<\/strong><\/a><\/span> \u00e8 un tipo di polvere cristallina facilmente deliquescente che di solito appare giallo chiaro, facilmente solubile in acqua ed etanolo, pu\u00f2 essere utilizzata per produrre disprosio e composti di ferro, intermedi di composti di disprosio, reagenti chimici e cos\u00ec via.<\/p>\n<p>VIMATERIAL supporta la personalizzazione del prodotto, <span style=\"color: #0000ff;\"><a style=\"color: #0000ff;\" href=\"https:\/\/vimaterial.de\/it\/contatto\/\">contattaci.<\/a><\/span><\/p>\n","protected":false},"featured_media":1038548,"comment_status":"open","ping_status":"closed","template":"","meta":{"_acf_changed":false},"product_brand":[],"product_cat":[203],"product_tag":[],"class_list":{"0":"post-1029776","1":"product","2":"type-product","3":"status-publish","4":"has-post-thumbnail","6":"product_cat-materiali-per-terre-rare","8":"first","9":"instock","10":"shipping-taxable","11":"purchasable","12":"product-type-variable"},"acf":[],"_links":{"self":[{"href":"https:\/\/vimaterial.de\/it\/wp-json\/wp\/v2\/product\/1029776","targetHints":{"allow":["GET"]}}],"collection":[{"href":"https:\/\/vimaterial.de\/it\/wp-json\/wp\/v2\/product"}],"about":[{"href":"https:\/\/vimaterial.de\/it\/wp-json\/wp\/v2\/types\/product"}],"replies":[{"embeddable":true,"href":"https:\/\/vimaterial.de\/it\/wp-json\/wp\/v2\/comments?post=1029776"}],"wp:featuredmedia":[{"embeddable":true,"href":"https:\/\/vimaterial.de\/it\/wp-json\/wp\/v2\/media\/1038548"}],"wp:attachment":[{"href":"https:\/\/vimaterial.de\/it\/wp-json\/wp\/v2\/media?parent=1029776"}],"wp:term":[{"taxonomy":"product_brand","embeddable":true,"href":"https:\/\/vimaterial.de\/it\/wp-json\/wp\/v2\/product_brand?post=1029776"},{"taxonomy":"product_cat","embeddable":true,"href":"https:\/\/vimaterial.de\/it\/wp-json\/wp\/v2\/product_cat?post=1029776"},{"taxonomy":"product_tag","embeddable":true,"href":"https:\/\/vimaterial.de\/it\/wp-json\/wp\/v2\/product_tag?post=1029776"}],"curies":[{"name":"wp","href":"https:\/\/api.w.org\/{rel}","templated":true}]}}