{"id":1029754,"date":"2024-06-17T16:19:53","date_gmt":"2024-06-17T08:19:53","guid":{"rendered":"https:\/\/vimaterial.de\/product\/lutezio-metallico-3\/"},"modified":"2025-03-04T11:32:45","modified_gmt":"2025-03-04T03:32:45","slug":"lutezio-metallico-3","status":"publish","type":"product","link":"https:\/\/vimaterial.de\/it\/product\/lutezio-metallico-3\/","title":{"rendered":"Lutezio metallico"},"content":{"rendered":"<p><span style=\"color: #0000ff;\"><a style=\"color: #0000ff;\" href=\"https:\/\/vimaterial.de\/it\/product\/lutezio-metallico-2\/\">Lutezio<\/a><\/span> L&#8217;asta \u00e8 un&#8217;asta metallica in lutezio con elevata purezza e buone propriet\u00e0 fisiche e chimiche. Grazie alla sua elevata sezione d&#8217;urto di assorbimento dei neutroni e alla buona stabilit\u00e0 alla radioattivit\u00e0, l&#8217;asta di lutezio \u00e8 ampiamente utilizzata nelle barre di controllo dei reattori nucleari, nella produzione di radiofarmaci medici, negli strumenti di ricerca scientifica di fascia alta e negli additivi per leghe speciali.<\/p>\n<p><span style=\"font-size: 12pt;\">VIMATERIAL fornisce barre in metallo lutezio in varie specifiche e supporta il servizio di rilegatura del bersaglio. Accettiamo la personalizzazione dei prodotti,<a href=\"https:\/\/vimaterial.de\/it\/contatto\/\"><span style=\"color: #0000ff;\"> contattaci.<\/span><\/a> <\/span><\/p>\n<h2><span style=\"font-size: 14pt;\">Caratteristiche<br \/>\n<\/span><\/h2>\n<p>Formula molecolare: Lu<\/p>\n<p>Peso molecolare: 174.967<\/p>\n<p>Aspetto: Colore metallizzato bianco-argento<\/p>\n<p>Densit\u00e0: 9,84 g\/cm\u00b3<\/p>\n<p>Punto di fusione: 1663\u00b0C<\/p>\n<p>Punto di ebollizione: 3395\u00b0C<\/p>\n<p>Struttura cristallina: Struttura esagonale compatta<\/p>\n<h2><span style=\"font-size: 14pt;\">Applicazioni<\/span><\/h2>\n<p>Nell&#8217;industria nucleare, le barre di lutezio sono utilizzate come barre di controllo nei reattori nucleari grazie alla loro elevata sezione d&#8217;urto di assorbimento dei neutroni, controllando efficacemente la velocit\u00e0 delle reazioni nucleari e garantendo un funzionamento sicuro e stabile dei reattori, e come materiali importanti nei rivelatori di neutroni per rilevare l&#8217;intensit\u00e0 e la distribuzione della radiazione neutronica.<\/p>\n<p>Campo medico: il lutezio 177 \u00e8 un importante radioisotopo, che pu\u00f2 essere preparato lavorando le barre di lutezio. \u00c8 comunemente usato nei radiofarmaci, come nel trattamento dei tumori neuroendocrini, dove pu\u00f2 fornire con precisione sostanze radioattive alle cellule tumorali per scopi terapeutici.<\/p>\n<p>Le barre di lutezio sono utilizzate nella produzione di componenti elettronici speciali, come dispositivi a semiconduttore ad alte prestazioni e circuiti integrati, dove l&#8217;aggiunta di lutezio migliora le propriet\u00e0 elettriche del materiale e aumenta la stabilit\u00e0 e l&#8217;affidabilit\u00e0 del dispositivo.<\/p>\n<p>Ottica: le barre di lutezio possono essere utilizzate come materie prime nella preparazione di composti a base di lutezio con propriet\u00e0 ottiche speciali, come l&#8217;ossido di lutezio, che vengono utilizzati nella produzione di materiali ottici come vetro ottico e cristalli laser e svolgono un ruolo nella tecnologia laser e nelle comunicazioni ottiche.<\/p>\n<h2><span style=\"font-size: 14pt;\">Controllo qualit\u00e0<\/span><\/h2>\n<p><span style=\"color: #0000ff;\"><a style=\"color: #0000ff;\" href=\"https:\/\/vimaterial.de\/it\/controllo-qualita\/\">Ogni lotto<\/a><\/span> di prodotti protegge rigorosamente la qualit\u00e0, dalla selezione dei fornitori di materie prime, all&#8217;uso di apparecchiature di collaudo avanzate per monitorare accuratamente l&#8217;intero processo di produzione, al prodotto finito attraverso molti cicli di campionamento severo e certificazione autorevole di terze parti, al sistema di controllo della qualit\u00e0 a tutto tondo e a tolleranza zero per garantire che ogni lotto di prodotti soddisfi e superi gli elevati standard del settore, per fornire ai nostri clienti la migliore qualit\u00e0 e i prodotti pi\u00f9 stabili.<\/p>\n<h2><span style=\"font-size: 14pt;\">Imballaggio e stoccaggio<\/span><\/h2>\n<p>Le barre di lutezio metallico sono imballate in casse di legno dopo un doppio sacco a vuoto.<\/p>\n<p>Le barre metalliche di lutezio devono essere conservate in un ambiente asciutto e pulito in contenitori sigillati per prevenire l&#8217;ossidazione, preferibilmente in un ambiente protetto da un gas inerte come l&#8217;azoto e lontano da forti campi magnetici, alte temperature e sostanze chimiche corrosive.<\/p>\n","protected":false},"excerpt":{"rendered":"<p><span style=\"color: #0000ff;\"><a style=\"color: #0000ff;\" href=\"https:\/\/vimaterial.de\/it\/product\/lutezio-metallico-2\/\">Lutezio<\/a><\/span> L&#8217;asta \u00e8 un&#8217;asta metallica in lutezio con elevata purezza e buone propriet\u00e0 fisiche e chimiche. Grazie alla sua elevata sezione d&#8217;urto di assorbimento dei neutroni e alla buona stabilit\u00e0 alla radioattivit\u00e0, l&#8217;asta di lutezio \u00e8 ampiamente utilizzata nelle barre di controllo dei reattori nucleari, nella produzione di radiofarmaci medici, negli strumenti di ricerca scientifica di fascia alta e negli additivi per leghe speciali.<\/p>\n<p><span style=\"font-size: 12pt;\">VIMATERIAL fornisce barre in metallo lutezio in varie specifiche e supporta il servizio di rilegatura del bersaglio. Accettiamo la personalizzazione dei prodotti,<a href=\"https:\/\/vimaterial.de\/it\/contatto\/\"><span style=\"color: #0000ff;\"> contattaci.<\/span><\/a><\/span><\/p>\n","protected":false},"featured_media":1034663,"comment_status":"open","ping_status":"closed","template":"","meta":{"_acf_changed":false},"product_brand":[],"product_cat":[207],"product_tag":[],"class_list":{"0":"post-1029754","1":"product","2":"type-product","3":"status-publish","4":"has-post-thumbnail","6":"product_cat-profilo","8":"first","9":"instock","10":"shipping-taxable","11":"product-type-variable"},"acf":[],"_links":{"self":[{"href":"https:\/\/vimaterial.de\/it\/wp-json\/wp\/v2\/product\/1029754","targetHints":{"allow":["GET"]}}],"collection":[{"href":"https:\/\/vimaterial.de\/it\/wp-json\/wp\/v2\/product"}],"about":[{"href":"https:\/\/vimaterial.de\/it\/wp-json\/wp\/v2\/types\/product"}],"replies":[{"embeddable":true,"href":"https:\/\/vimaterial.de\/it\/wp-json\/wp\/v2\/comments?post=1029754"}],"wp:featuredmedia":[{"embeddable":true,"href":"https:\/\/vimaterial.de\/it\/wp-json\/wp\/v2\/media\/1034663"}],"wp:attachment":[{"href":"https:\/\/vimaterial.de\/it\/wp-json\/wp\/v2\/media?parent=1029754"}],"wp:term":[{"taxonomy":"product_brand","embeddable":true,"href":"https:\/\/vimaterial.de\/it\/wp-json\/wp\/v2\/product_brand?post=1029754"},{"taxonomy":"product_cat","embeddable":true,"href":"https:\/\/vimaterial.de\/it\/wp-json\/wp\/v2\/product_cat?post=1029754"},{"taxonomy":"product_tag","embeddable":true,"href":"https:\/\/vimaterial.de\/it\/wp-json\/wp\/v2\/product_tag?post=1029754"}],"curies":[{"name":"wp","href":"https:\/\/api.w.org\/{rel}","templated":true}]}}