{"id":1029628,"date":"2024-06-17T16:19:55","date_gmt":"2024-06-17T08:19:55","guid":{"rendered":"https:\/\/vimaterial.de\/product\/lutezio-acetato-idrato\/"},"modified":"2025-03-03T17:03:04","modified_gmt":"2025-03-03T09:03:04","slug":"lutezio-acetato-idrato","status":"publish","type":"product","link":"https:\/\/vimaterial.de\/it\/product\/lutezio-acetato-idrato\/","title":{"rendered":"Acetato di lutezio idrato"},"content":{"rendered":"<p>La polvere di idrato di acetato di lutezio \u00e8 una polvere cristallina bianca o incolore leggermente igroscopica, solubile in acqua e acidi minerali forti e pu\u00f2 essere utilizzata come importante materia prima chimica per un&#8217;ampia gamma di applicazioni in cristalli laser, ceramica, vetro e catalizzatori.<\/p>\n<p>VIMATERIAL fornisce polvere di acetato di lutezio idrato in varie specifiche e supporta il servizio di legatura del bersaglio. Accettiamo la personalizzazione dei prodotti, <span style=\"color: #0000ff;\"><a style=\"color: #0000ff;\" href=\"https:\/\/vimaterial.de\/it\/contatto\/\">contattaci.<\/a><\/span><\/p>\n<h2><span style=\"font-size: 14pt;\">Quali sono le propriet\u00e0 della polvere di Lu(O2C2H3)3-xH2O?<\/span><\/h2>\n<p>Propriet\u00e0 ottiche: le propriet\u00e0 di fluorescenza, in condizioni di luce di eccitazione specifica Lu\u00b3\u207a fluorescenza ionica dovuta al salto di elettroni, possono essere utilizzate per la marcatura fluorescente e altri campi; e propriet\u00e0 di assorbimento della luce, pu\u00f2 assorbire specifiche lunghezze d&#8217;onda della luce, pu\u00f2 essere utilizzato per il filtraggio ottico e altri dispositivi ottici.<\/p>\n<p>Propriet\u00e0 elettriche: con la conducibilit\u00e0 ionica, gli ioni Lu\u00b3\u207a e gli ioni acetato possono condurre elettricit\u00e0 in determinate condizioni e possono essere utilizzati in elettroliti solidi e altri campi per realizzare il trasferimento di carica; Allo stesso tempo, le propriet\u00e0 dielettriche, possono essere utilizzate come materiale dielettrico per la produzione di condensatori e altri dispositivi elettronici per immagazzinare e regolare la carica.<\/p>\n<p>In termini di propriet\u00e0 magnetiche: mostra propriet\u00e0 paramagnetiche, generando intensit\u00e0 di magnetizzazione isotropa sotto campo magnetico, che pu\u00f2 essere utilizzato come agente di contrasto MRI; Ha reattivit\u00e0 magnetica, le propriet\u00e0 magnetiche cambiano di conseguenza quando cambia il campo magnetico esterno, che pu\u00f2 essere utilizzato per la preparazione di materiali magneticamente reattivi per realizzare la consegna direzionale di farmaci e cos\u00ec via.<\/p>\n<h2><span style=\"font-size: 14pt;\">Applicazioni<\/span><\/h2>\n<p>Biomedico: nel bio-imaging, la polvere di acetato di lutezio idrato pu\u00f2 essere utilizzata come materiale fluorescente per emettere una fluorescenza caratteristica per aiutare a osservare i processi fisiologici negli organismi viventi.<\/p>\n<p>Ottica: utilizzando le sue propriet\u00e0 di assorbimento della luce, la polvere pu\u00f2 essere utilizzata per creare filtri ottici per schermare la luce a lunghezze d&#8217;onda specifiche e migliorare la risoluzione degli strumenti ottici.<\/p>\n<p>Energia: con la sua conduttivit\u00e0 ionica, le polveri di idrato di acetato di lutezio possono essere utilizzate come materiali elettrolitici per batterie allo stato solido per migliorare l&#8217;efficienza del trasporto ionico delle batterie e per migliorare le prestazioni della batteria.<\/p>\n<p>Elettronica: in base alle sue propriet\u00e0 dielettriche, la polvere pu\u00f2 essere utilizzata come materiale dielettrico nella produzione di condensatori ceramici multistrato per aumentare il valore di capacit\u00e0 e migliorare la stabilit\u00e0 dei dispositivi elettronici.<\/p>\n<h2><span style=\"font-size: 14pt;\">Controllo qualit\u00e0<\/span><\/h2>\n<p><span style=\"color: #0000ff;\"><a style=\"color: #0000ff;\" href=\"https:\/\/vimaterial.de\/it\/controllo-qualita\/\">Ogni lotto<\/a> <\/span>di prodotti protegge rigorosamente la qualit\u00e0, dalla selezione dei fornitori di materie prime, all&#8217;uso di apparecchiature di collaudo avanzate per monitorare accuratamente l&#8217;intero processo di produzione, al prodotto finito attraverso molti cicli di campionamento severo e certificazione autorevole di terze parti, al sistema di controllo della qualit\u00e0 a tutto tondo e a tolleranza zero per garantire che ogni lotto di prodotti soddisfi e superi gli elevati standard del settore, per fornire ai nostri clienti la migliore qualit\u00e0 e i prodotti pi\u00f9 stabili.<\/p>\n<h2><span style=\"font-size: 14pt;\">Imballaggio e stoccaggio<\/span><\/h2>\n<p>L&#8217;idrato di acetato di lutezio \u00e8 confezionato in un sacchetto sottovuoto o in un flacone sottovuoto in cartone per garantire un trasporto sicuro.<\/p>\n<p>L&#8217;idrato di acetato di lutezio deve essere conservato in un ambiente fresco, asciutto e ben ventilato, lontano da fonti di calore e fuoco e deve essere sigillato per evitare che assorba l&#8217;umidit\u00e0 nell&#8217;aria e reagisca con altre sostanze ed evitare di mescolarlo con agenti ossidanti forti, acidi forti e altre sostanze<\/p>\n","protected":false},"excerpt":{"rendered":"<p>La polvere di idrato di acetato di lutezio \u00e8 una polvere cristallina bianca o incolore leggermente igroscopica, solubile in acqua e acidi minerali forti e pu\u00f2 essere utilizzata come importante materia prima chimica per un&#8217;ampia gamma di applicazioni in cristalli laser, ceramica, vetro e catalizzatori.<\/p>\n<p>VIMATERIAL fornisce polvere di acetato di lutezio idrato in varie specifiche e supporta il servizio di legatura del bersaglio. Accettiamo la personalizzazione dei prodotti, <span style=\"color: #0000ff;\"><a style=\"color: #0000ff;\" href=\"https:\/\/vimaterial.de\/it\/contatto\/\">contattaci.<\/a><\/span><\/p>\n<p>&nbsp;<\/p>\n","protected":false},"featured_media":1034708,"comment_status":"open","ping_status":"closed","template":"","meta":{"_acf_changed":false},"product_brand":[],"product_cat":[203],"product_tag":[],"class_list":{"0":"post-1029628","1":"product","2":"type-product","3":"status-publish","4":"has-post-thumbnail","6":"product_cat-materiali-per-terre-rare","8":"first","9":"instock","10":"shipping-taxable","11":"purchasable","12":"product-type-variable"},"acf":[],"_links":{"self":[{"href":"https:\/\/vimaterial.de\/it\/wp-json\/wp\/v2\/product\/1029628","targetHints":{"allow":["GET"]}}],"collection":[{"href":"https:\/\/vimaterial.de\/it\/wp-json\/wp\/v2\/product"}],"about":[{"href":"https:\/\/vimaterial.de\/it\/wp-json\/wp\/v2\/types\/product"}],"replies":[{"embeddable":true,"href":"https:\/\/vimaterial.de\/it\/wp-json\/wp\/v2\/comments?post=1029628"}],"wp:featuredmedia":[{"embeddable":true,"href":"https:\/\/vimaterial.de\/it\/wp-json\/wp\/v2\/media\/1034708"}],"wp:attachment":[{"href":"https:\/\/vimaterial.de\/it\/wp-json\/wp\/v2\/media?parent=1029628"}],"wp:term":[{"taxonomy":"product_brand","embeddable":true,"href":"https:\/\/vimaterial.de\/it\/wp-json\/wp\/v2\/product_brand?post=1029628"},{"taxonomy":"product_cat","embeddable":true,"href":"https:\/\/vimaterial.de\/it\/wp-json\/wp\/v2\/product_cat?post=1029628"},{"taxonomy":"product_tag","embeddable":true,"href":"https:\/\/vimaterial.de\/it\/wp-json\/wp\/v2\/product_tag?post=1029628"}],"curies":[{"name":"wp","href":"https:\/\/api.w.org\/{rel}","templated":true}]}}