{"id":1029616,"date":"2024-06-17T16:19:55","date_gmt":"2024-06-17T08:19:55","guid":{"rendered":"https:\/\/vimaterial.de\/product\/lutezio-telluride\/"},"modified":"2025-03-03T17:33:01","modified_gmt":"2025-03-03T09:33:01","slug":"lutezio-telluride","status":"publish","type":"product","link":"https:\/\/vimaterial.de\/it\/product\/lutezio-telluride\/","title":{"rendered":"Tellururo di lutezio"},"content":{"rendered":"<p>La polvere di tellururo di lutezio \u00e8 una polvere composta da elementi di lutezio e tellurio, con aspetto nero ed elevata stabilit\u00e0 chimica, che viene utilizzata principalmente nei settori della termoelettricit\u00e0, dell&#8217;elettronica e dell&#8217;ottica.<\/p>\n<p>VIMATERIAL fornisce polvere di tellururo di lutezio in varie specifiche e supporta il servizio di legatura mirata. Accettiamo la personalizzazione dei prodotti, <span style=\"color: #0000ff;\"><a style=\"color: #0000ff;\" href=\"https:\/\/vimaterial.de\/it\/contatto\/\">contattaci.<\/a><\/span><\/p>\n<h2><span style=\"font-size: 14pt;\">Caratteristiche<\/span><\/h2>\n<p>Formula molecolare: Lu\u2082Te\u2083.<\/p>\n<p>Peso molecolare: circa 681,42<\/p>\n<p>Aspetto: Solitamente polvere nera o grigio scuro.<\/p>\n<p>Struttura cristallina: Appartiene al sistema cristallino esagonale, nella sua struttura cristallina, gli atomi di lutezio e tellurio si ripetono periodicamente secondo una specifica disposizione reticolare esagonale, con una certa simmetria e configurazione spaziale.<\/p>\n<h2><span style=\"font-size: 14pt;\">Applicazioni<\/span><\/h2>\n<p>Materiali semiconduttori: pu\u00f2 essere utilizzato per preparare dispositivi a semiconduttore o come drogante di materiali semiconduttori. La sua speciale struttura elettronica e le caratteristiche della banda di energia lo rendono potenzialmente prezioso nel campo dei semiconduttori e pu\u00f2 supportare l&#8217;ottimizzazione delle propriet\u00e0 dei materiali semiconduttori.<\/p>\n<p>Materiali ottici: Nel campo dell&#8217;ottica, la polvere di tellururo di lutezio pu\u00f2 essere utilizzata per preparare materiali luminescenti e fluorescenti. La polvere di tellururo di lutezio pu\u00f2 emettere luce di lunghezze d&#8217;onda specifiche in condizioni specifiche e pu\u00f2 essere utilizzata in display ottici, illuminazione e altre applicazioni.<\/p>\n<p>Additivi per leghe: pu\u00f2 essere aggiunto a determinate leghe come additivo per migliorare le propriet\u00e0 delle leghe, come aumentare la durezza, la resistenza e la resistenza alla corrosione delle leghe.<\/p>\n<h2><span style=\"font-size: 14pt;\">Controllo qualit\u00e0<\/span><\/h2>\n<p><span style=\"color: #0000ff;\"><a style=\"color: #0000ff;\" href=\"https:\/\/vimaterial.de\/it\/controllo-qualita\/\">Ogni lotto<\/a><\/span> di prodotti protegge rigorosamente la qualit\u00e0, dalla selezione dei fornitori di materie prime, all&#8217;uso di apparecchiature di collaudo avanzate per monitorare accuratamente l&#8217;intero processo di produzione, al prodotto finito attraverso molti cicli di campionamento severo e certificazione autorevole di terze parti, al sistema di controllo della qualit\u00e0 a tutto tondo e a tolleranza zero per garantire che ogni lotto di prodotti soddisfi e superi gli elevati standard del settore, per fornire ai nostri clienti la migliore qualit\u00e0 e i prodotti pi\u00f9 stabili.<\/p>\n<h2><span style=\"font-size: 14pt;\">Imballaggio e stoccaggio<\/span><\/h2>\n<p>La polvere di lutezio tellururo \u00e8 confezionata in un sacchetto sottovuoto o in una bottiglia sottovuoto in cartone per garantire un trasporto sicuro.<\/p>\n<p>La polvere di lutezio tellururo deve essere conservata in un ambiente asciutto, a bassa temperatura e privo di ossigeno, solitamente sigillata in contenitori riempiti con gas inerte, evitando il contatto con aria e umidit\u00e0 per prevenire l&#8217;ossidazione e il deterioramento.<\/p>\n","protected":false},"excerpt":{"rendered":"<p>La polvere di tellururo di lutezio \u00e8 una polvere composta da elementi di lutezio e tellurio, con aspetto nero ed elevata stabilit\u00e0 chimica, che viene utilizzata principalmente nei settori della termoelettricit\u00e0, dell&#8217;elettronica e dell&#8217;ottica.<\/p>\n<p>VIMATERIAL fornisce polvere di tellururo di lutezio in varie specifiche e supporta il servizio di legatura mirata. Accettiamo la personalizzazione dei prodotti, <span style=\"color: #0000ff;\"><a style=\"color: #0000ff;\" href=\"https:\/\/vimaterial.de\/it\/contatto\/\">contattaci.<\/a><\/span><\/p>\n<p>&nbsp;<\/p>\n","protected":false},"featured_media":1034718,"comment_status":"open","ping_status":"closed","template":"","meta":{"_acf_changed":false},"product_brand":[],"product_cat":[203],"product_tag":[],"class_list":{"0":"post-1029616","1":"product","2":"type-product","3":"status-publish","4":"has-post-thumbnail","6":"product_cat-materiali-per-terre-rare","8":"first","9":"instock","10":"shipping-taxable","11":"product-type-variable"},"acf":[],"_links":{"self":[{"href":"https:\/\/vimaterial.de\/it\/wp-json\/wp\/v2\/product\/1029616","targetHints":{"allow":["GET"]}}],"collection":[{"href":"https:\/\/vimaterial.de\/it\/wp-json\/wp\/v2\/product"}],"about":[{"href":"https:\/\/vimaterial.de\/it\/wp-json\/wp\/v2\/types\/product"}],"replies":[{"embeddable":true,"href":"https:\/\/vimaterial.de\/it\/wp-json\/wp\/v2\/comments?post=1029616"}],"wp:featuredmedia":[{"embeddable":true,"href":"https:\/\/vimaterial.de\/it\/wp-json\/wp\/v2\/media\/1034718"}],"wp:attachment":[{"href":"https:\/\/vimaterial.de\/it\/wp-json\/wp\/v2\/media?parent=1029616"}],"wp:term":[{"taxonomy":"product_brand","embeddable":true,"href":"https:\/\/vimaterial.de\/it\/wp-json\/wp\/v2\/product_brand?post=1029616"},{"taxonomy":"product_cat","embeddable":true,"href":"https:\/\/vimaterial.de\/it\/wp-json\/wp\/v2\/product_cat?post=1029616"},{"taxonomy":"product_tag","embeddable":true,"href":"https:\/\/vimaterial.de\/it\/wp-json\/wp\/v2\/product_tag?post=1029616"}],"curies":[{"name":"wp","href":"https:\/\/api.w.org\/{rel}","templated":true}]}}