{"id":1029568,"date":"2024-06-17T16:19:56","date_gmt":"2024-06-17T08:19:56","guid":{"rendered":"https:\/\/vimaterial.de\/product\/fosfato-di-lutezio\/"},"modified":"2025-02-28T18:00:18","modified_gmt":"2025-02-28T10:00:18","slug":"fosfato-di-lutezio","status":"publish","type":"product","link":"https:\/\/vimaterial.de\/it\/product\/fosfato-di-lutezio\/","title":{"rendered":"Fosfato di lutezio"},"content":{"rendered":"<p>La polvere di fosfato di lutezio \u00e8 una polvere di composto inorganico bianco o bianco sporco con una certa stabilit\u00e0 chimica e propriet\u00e0 fisico-chimiche uniche, che ha potenziali applicazioni nei campi dell&#8217;ottica, della scienza dei materiali e dell&#8217;elettronica.<\/p>\n<p>VIMATERIAL fornisce polvere LuPO4 in varie specifiche e supporta il servizio di legatura del bersaglio. Accettiamo la personalizzazione dei prodotti, <span style=\"color: #0000ff;\"><a style=\"color: #0000ff;\" href=\"https:\/\/vimaterial.de\/it\/contatto\/\">contattaci<\/a><\/span>.<\/p>\n<h2><span style=\"font-size: 14pt;\">Caratteristiche<\/span><\/h2>\n<p>Formula molecolare: LuPO\u2084<\/p>\n<p>Peso molecolare: circa 291,94<\/p>\n<p>Aspetto: solido polveroso bianco<\/p>\n<p>Densit\u00e0: circa 6,36 g\/cm\u00b3<\/p>\n<p>Punto di fusione: circa 1670\u00b0C<\/p>\n<p>Struttura cristallina: Ha una struttura cristallina di monazite e appartiene al sistema cristallino monoclino. In questa struttura, gli ioni Lu\u00b3\u207a e gli ioni PO\u2084\u00b3- interagiscono tra loro attraverso il legame ionico per formare una specifica disposizione spaziale.<\/p>\n<h2><span style=\"font-size: 14pt;\">Applicazioni<\/span><\/h2>\n<p>Materiali ceramici: pu\u00f2 essere utilizzato come additivo per materiali ceramici per migliorare le prestazioni di sinterizzazione della ceramica e migliorare le propriet\u00e0 fisiche come la durezza e la resistenza all&#8217;usura.<\/p>\n<p>Materiali in vetro: il fosfato di lutezio pu\u00f2 essere utilizzato come additivo nella produzione di vetro per modificare le propriet\u00e0 ottiche del vetro e per migliorare la resistenza agli shock termici e la stabilit\u00e0 chimica del vetro.<\/p>\n<p>Materiali luminescenti: Pu\u00f2 essere utilizzato per preparare materiali luminescenti come i fosfori. La polvere di fosfato di lutezio pu\u00f2 emettere lunghezze d&#8217;onda specifiche della luce sotto l&#8217;eccitazione di raggi ultravioletti o altre fonti di eccitazione, con elevata efficienza luminosa e buona stabilit\u00e0 luminosa e pu\u00f2 essere utilizzata nel campo dell&#8217;illuminazione e della visualizzazione.<\/p>\n<p>Materiali per laser: grazie alle sue speciali propriet\u00e0 ottiche, il lutezio fosfato ha anche potenziali applicazioni nei materiali per laser.<\/p>\n<h2><span style=\"font-size: 14pt;\">Controllo qualit\u00e0<\/span><\/h2>\n<p><span style=\"color: #0000ff;\"><a style=\"color: #0000ff;\" href=\"https:\/\/vimaterial.de\/it\/controllo-qualita\/\">Ogni lotto<\/a><\/span> di prodotti protegge rigorosamente la qualit\u00e0, dalla selezione dei fornitori di materie prime, all&#8217;uso di apparecchiature di collaudo avanzate per monitorare accuratamente l&#8217;intero processo di produzione, al prodotto finito attraverso molti cicli di campionamento severo e certificazione autorevole di terze parti, al sistema di controllo della qualit\u00e0 a tutto tondo e a tolleranza zero per garantire che ogni lotto di prodotti soddisfi e superi gli elevati standard del settore, per fornire ai nostri clienti la migliore qualit\u00e0 e i prodotti pi\u00f9 stabili.<\/p>\n<h2><span style=\"font-size: 14pt;\">Imballaggio e stoccaggio<\/span><\/h2>\n<p>La polvere di fosfato di lutezio \u00e8 confezionata in un sacchetto sottovuoto o in una bottiglia sottovuoto in cartone per garantire un trasporto sicuro.<\/p>\n<p>La polvere di fosfato di lutezio deve essere conservata in un ambiente asciutto, fresco e ben ventilato, imballata in contenitori sigillati per prevenire l&#8217;umidit\u00e0, l&#8217;ossidazione e la reazione con altre sostanze chimiche a contatto.<\/p>\n","protected":false},"excerpt":{"rendered":"<p>La polvere di fosfato di lutezio \u00e8 una polvere di composto inorganico bianco o bianco sporco con una certa stabilit\u00e0 chimica e propriet\u00e0 fisico-chimiche uniche, che ha potenziali applicazioni nei campi dell&#8217;ottica, della scienza dei materiali e dell&#8217;elettronica.<\/p>\n<p>VIMATERIAL fornisce polvere LuPO4 in varie specifiche e supporta il servizio di legatura del bersaglio. Accettiamo la personalizzazione dei prodotti, <span style=\"color: #0000ff;\"><a style=\"color: #0000ff;\" href=\"https:\/\/vimaterial.de\/it\/contatto\/\">contattaci<\/a><\/span>.<\/p>\n","protected":false},"featured_media":1034748,"comment_status":"open","ping_status":"closed","template":"","meta":{"_acf_changed":false},"product_brand":[],"product_cat":[165],"product_tag":[],"class_list":{"0":"post-1029568","1":"product","2":"type-product","3":"status-publish","4":"has-post-thumbnail","6":"product_cat-senza-categoria","8":"first","9":"instock","10":"shipping-taxable","11":"product-type-variable"},"acf":[],"_links":{"self":[{"href":"https:\/\/vimaterial.de\/it\/wp-json\/wp\/v2\/product\/1029568","targetHints":{"allow":["GET"]}}],"collection":[{"href":"https:\/\/vimaterial.de\/it\/wp-json\/wp\/v2\/product"}],"about":[{"href":"https:\/\/vimaterial.de\/it\/wp-json\/wp\/v2\/types\/product"}],"replies":[{"embeddable":true,"href":"https:\/\/vimaterial.de\/it\/wp-json\/wp\/v2\/comments?post=1029568"}],"wp:featuredmedia":[{"embeddable":true,"href":"https:\/\/vimaterial.de\/it\/wp-json\/wp\/v2\/media\/1034748"}],"wp:attachment":[{"href":"https:\/\/vimaterial.de\/it\/wp-json\/wp\/v2\/media?parent=1029568"}],"wp:term":[{"taxonomy":"product_brand","embeddable":true,"href":"https:\/\/vimaterial.de\/it\/wp-json\/wp\/v2\/product_brand?post=1029568"},{"taxonomy":"product_cat","embeddable":true,"href":"https:\/\/vimaterial.de\/it\/wp-json\/wp\/v2\/product_cat?post=1029568"},{"taxonomy":"product_tag","embeddable":true,"href":"https:\/\/vimaterial.de\/it\/wp-json\/wp\/v2\/product_tag?post=1029568"}],"curies":[{"name":"wp","href":"https:\/\/api.w.org\/{rel}","templated":true}]}}