{"id":1029536,"date":"2024-06-17T16:19:57","date_gmt":"2024-06-17T08:19:57","guid":{"rendered":"https:\/\/vimaterial.de\/product\/fosfuro-di-silicio\/"},"modified":"2025-02-27T17:25:17","modified_gmt":"2025-02-27T09:25:17","slug":"fosfuro-di-silicio","status":"publish","type":"product","link":"https:\/\/vimaterial.de\/it\/product\/fosfuro-di-silicio\/","title":{"rendered":"Fosfuro di silicio"},"content":{"rendered":"<p>La polvere di fosfuro di silicio \u00e8 una sostanza polverosa da grigia a nera con elevata durezza, alto punto di fusione, buona stabilit\u00e0 chimica e alcune propriet\u00e0 dei semiconduttori. Viene utilizzato principalmente nei settori dell&#8217;imballaggio elettronico, dei materiali ceramici, dei materiali refrattari, ecc. La polvere TiP \u00e8 una polvere grigia con lucentezza metallica, con elevata durezza, buona conduttivit\u00e0 elettrica e termica e buona stabilit\u00e0 chimica.<\/p>\n<p>VIMATERIAL pu\u00f2 accettare la personalizzazione per tutti i suoi prodotti, i materiali target sono forniti con un servizio di rilegatura, se necessario, vi preghiamo di <span style=\"color: #0000ff;\"><a style=\"color: #0000ff;\" href=\"https:\/\/vimaterial.de\/it\/contatto\/\">contattarci.<\/a><\/span><\/p>\n<h2><span style=\"font-size: 14pt;\">Caratteristiche<\/span><\/h2>\n<p>Formula chimica: SiP<\/p>\n<p>Peso molecolare: circa 59,06<\/p>\n<p>Densit\u00e0: circa 2,034 g\/cm3<\/p>\n<p>Aspetto: polvere grigia o grigio-nera.<\/p>\n<p>Struttura cristallina: Sistema cristallino ortorombico, cristallo lamellare 2D, struttura cristallina con caratteristiche lamellari.<\/p>\n<h2><span style=\"font-size: 14pt;\">Applicazione<\/span><\/h2>\n<p>Campo dei semiconduttori: poich\u00e9 il fosfuro di silicio ha propriet\u00e0 semiconduttrici, pu\u00f2 essere utilizzato per preparare dispositivi a semiconduttore.<\/p>\n<p>Potenziatore di materiale: pu\u00f2 essere utilizzato come potenziatore di materiali compositi e, dopo il composito con altri materiali, pu\u00f2 migliorare la resistenza, la durezza, la resistenza al calore e altre propriet\u00e0 del materiale.<\/p>\n<p>Materiale di rivestimento: pu\u00f2 essere utilizzato per preparare rivestimenti resistenti alla corrosione ad alta temperatura, applicati alla protezione delle superfici metalliche, all&#8217;aerospaziale e in altri campi, possono migliorare la durata e le prestazioni delle parti.<\/p>\n<h2><span style=\"font-size: 14pt;\">Controllo qualit\u00e0<\/span><\/h2>\n<p>Per ogni lotto di produzione viene implementato <span style=\"color: #0000ff;\"><a style=\"color: #0000ff;\" href=\"https:\/\/vimaterial.de\/it\/controllo-qualita\/\">un rigoroso<\/a> <\/span>sistema di controllo della qualit\u00e0 e vengono eseguiti test dettagliati in tutti gli aspetti, dal contenuto dei componenti, alle propriet\u00e0 fisiche alla microstruttura, ecc. E vengono forniti rapporti di prova dettagliati tempestivi e accurati.<\/p>\n<h2><span style=\"font-size: 14pt;\">Imballaggio e stoccaggio<\/span><\/h2>\n<p>La polvere di fosfuro di silicone \u00e8 confezionata in sacchetti o flaconi sottovuoto a doppio strato, all&#8217;esterno in cartoni resistenti o casse di legno e all&#8217;interno in morbidi cuscini.<\/p>\n<p>La polvere di fosfuro di silicio deve essere conservata in un ambiente fresco, asciutto e ben ventilato, lontano da fuoco, calore e forti ossidanti, ecc., e deve essere sigillata e conservata in contenitori con atmosfera di gas inerte per evitare che reagisca con l&#8217;ossigeno e l&#8217;umidit\u00e0 nell&#8217;aria e si deteriori.<\/p>\n","protected":false},"excerpt":{"rendered":"<p>La polvere di fosfuro di silicio \u00e8 una sostanza polverosa da grigia a nera con elevata durezza, alto punto di fusione, buona stabilit\u00e0 chimica e alcune propriet\u00e0 dei semiconduttori. Viene utilizzato principalmente nei settori dell&#8217;imballaggio elettronico, dei materiali ceramici, dei materiali refrattari, ecc. La polvere TiP \u00e8 una polvere grigia con lucentezza metallica, con elevata durezza, buona conduttivit\u00e0 elettrica e termica e buona stabilit\u00e0 chimica.<\/p>\n<p>VIMATERIAL pu\u00f2 accettare la personalizzazione per tutti i suoi prodotti, i materiali target sono forniti con un servizio di rilegatura, se necessario, vi preghiamo di <span style=\"color: #0000ff;\"><a style=\"color: #0000ff;\" href=\"https:\/\/vimaterial.de\/it\/contatto\/\">contattarci.<\/a><\/span><\/p>\n<p>&nbsp;<\/p>\n","protected":false},"featured_media":1037672,"comment_status":"open","ping_status":"closed","template":"","meta":{"_acf_changed":false},"product_brand":[],"product_cat":[213],"product_tag":[],"class_list":{"0":"post-1029536","1":"product","2":"type-product","3":"status-publish","4":"has-post-thumbnail","6":"product_cat-materiali-al-fosforo","8":"first","9":"instock","10":"shipping-taxable","11":"product-type-variable"},"acf":[],"_links":{"self":[{"href":"https:\/\/vimaterial.de\/it\/wp-json\/wp\/v2\/product\/1029536","targetHints":{"allow":["GET"]}}],"collection":[{"href":"https:\/\/vimaterial.de\/it\/wp-json\/wp\/v2\/product"}],"about":[{"href":"https:\/\/vimaterial.de\/it\/wp-json\/wp\/v2\/types\/product"}],"replies":[{"embeddable":true,"href":"https:\/\/vimaterial.de\/it\/wp-json\/wp\/v2\/comments?post=1029536"}],"wp:featuredmedia":[{"embeddable":true,"href":"https:\/\/vimaterial.de\/it\/wp-json\/wp\/v2\/media\/1037672"}],"wp:attachment":[{"href":"https:\/\/vimaterial.de\/it\/wp-json\/wp\/v2\/media?parent=1029536"}],"wp:term":[{"taxonomy":"product_brand","embeddable":true,"href":"https:\/\/vimaterial.de\/it\/wp-json\/wp\/v2\/product_brand?post=1029536"},{"taxonomy":"product_cat","embeddable":true,"href":"https:\/\/vimaterial.de\/it\/wp-json\/wp\/v2\/product_cat?post=1029536"},{"taxonomy":"product_tag","embeddable":true,"href":"https:\/\/vimaterial.de\/it\/wp-json\/wp\/v2\/product_tag?post=1029536"}],"curies":[{"name":"wp","href":"https:\/\/api.w.org\/{rel}","templated":true}]}}