{"id":1029533,"date":"2024-06-17T16:19:57","date_gmt":"2024-06-17T08:19:57","guid":{"rendered":"https:\/\/vimaterial.de\/product\/fosfuro-di-titanio\/"},"modified":"2025-02-27T17:01:44","modified_gmt":"2025-02-27T09:01:44","slug":"fosfuro-di-titanio","status":"publish","type":"product","link":"https:\/\/vimaterial.de\/it\/product\/fosfuro-di-titanio\/","title":{"rendered":"Fosfuro di titanio"},"content":{"rendered":"<p>La polvere di fosfuro di titanio \u00e8 una polvere grigia con lucentezza metallica, con elevata durezza, buona conduttivit\u00e0 elettrica e termica, buona stabilit\u00e0 chimica, utilizzata principalmente in rivestimenti resistenti all&#8217;usura, dispositivi elettronici, catalizzatori e altri campi.<\/p>\n<p>VIMATERIAL pu\u00f2 accettare la personalizzazione per tutti i suoi prodotti, i materiali target sono forniti con un servizio di rilegatura, se necessario, vi preghiamo di <span style=\"color: #0000ff;\"><a style=\"color: #0000ff;\" href=\"https:\/\/vimaterial.de\/it\/contatto\/\">contattarci<\/a><\/span>.<\/p>\n<p>Caratteristiche<\/p>\n<p>Formula chimica: TiP<\/p>\n<p>Peso molecolare: 78,84<\/p>\n<p>Aspetto: polvere grigia o nero-grigia<\/p>\n<p>Densit\u00e0: La densit\u00e0 relativa \u00e8 di circa 3,95 g\/cm\u00b3<\/p>\n<p>Punto di fusione: alto punto di fusione, circa 1990\u00b0C.<\/p>\n<p>Applicazione<\/p>\n<p>Rivestimenti resistenti all&#8217;usura: la polvere di fosfuro di titanio pu\u00f2 essere utilizzata come componente chiave nella superficie delle parti meccaniche attraverso la spruzzatura termica e altri processi per formare rivestimenti resistenti all&#8217;usura e ad alta durezza, che possono migliorare notevolmente la durata delle parti in ambienti ad alto attrito.<\/p>\n<p>Elettronica: le polveri di fosfuro di titanio sono utilizzate nella produzione di dispositivi elettronici per la preparazione di componenti elettronici specifici, come linee conduttive o elettrodi in alcuni nuovi circuiti integrati, per garantire una trasmissione efficiente dei segnali elettronici grazie alla loro buona conduttivit\u00e0 elettrica.<\/p>\n<p>Catalizzatori: grazie alla loro speciale struttura chimica e propriet\u00e0 superficiali, le polveri di fosfuro di titanio possono essere utilizzate come catalizzatori o vettori di catalizzatori per ridurre l&#8217;energia di attivazione e migliorare le velocit\u00e0 di reazione e la selettivit\u00e0 del prodotto in determinate reazioni chimiche, come specifiche reazioni di sintesi organica.<\/p>\n<p>Controllo qualit\u00e0<\/p>\n<p>Per ogni lotto di produzione viene implementato <span style=\"color: #0000ff;\"><a style=\"color: #0000ff;\" href=\"https:\/\/vimaterial.de\/it\/controllo-qualita\/\">un rigoroso<\/a><\/span> sistema di controllo della qualit\u00e0 e vengono eseguiti test dettagliati in tutti gli aspetti, dal contenuto dei componenti, alle propriet\u00e0 fisiche alla microstruttura, ecc. E vengono forniti rapporti di prova dettagliati tempestivi e accurati.<\/p>\n<p>Imballaggio e stoccaggio<\/p>\n<p>La polvere di fosfuro di titanio \u00e8 confezionata in sacchetti o flaconi sottovuoto a doppio strato, all&#8217;esterno in cartoni resistenti o casse di legno e all&#8217;interno in morbidi cuscini.<\/p>\n<p>La polvere di fosfuro di titanio deve essere conservata in un ambiente fresco, asciutto e ben ventilato, in confezioni sottovuoto o contenitori sigillati per prevenire umidit\u00e0, ossidazione e contaminazione e lontano da sostanze corrosive come acidi e alcali forti e fonti di accensione e calore.<\/p>\n","protected":false},"excerpt":{"rendered":"<p>La polvere di fosfuro di titanio \u00e8 una polvere grigia con lucentezza metallica, con elevata durezza, buona conduttivit\u00e0 elettrica e termica, buona stabilit\u00e0 chimica, utilizzata principalmente in rivestimenti resistenti all&#8217;usura, dispositivi elettronici, catalizzatori e altri campi.<\/p>\n<p>VIMATERIAL pu\u00f2 accettare la personalizzazione per tutti i suoi prodotti, i materiali target sono forniti con un servizio di rilegatura, se necessario, vi preghiamo di <span style=\"color: #0000ff;\"><a style=\"color: #0000ff;\" href=\"https:\/\/vimaterial.de\/it\/contatto\/\">contattarci<\/a><\/span>.<\/p>\n","protected":false},"featured_media":1037665,"comment_status":"open","ping_status":"closed","template":"","meta":{"_acf_changed":false},"product_brand":[],"product_cat":[213],"product_tag":[],"class_list":{"0":"post-1029533","1":"product","2":"type-product","3":"status-publish","4":"has-post-thumbnail","6":"product_cat-materiali-al-fosforo","8":"first","9":"instock","10":"shipping-taxable","11":"product-type-variable"},"acf":[],"_links":{"self":[{"href":"https:\/\/vimaterial.de\/it\/wp-json\/wp\/v2\/product\/1029533","targetHints":{"allow":["GET"]}}],"collection":[{"href":"https:\/\/vimaterial.de\/it\/wp-json\/wp\/v2\/product"}],"about":[{"href":"https:\/\/vimaterial.de\/it\/wp-json\/wp\/v2\/types\/product"}],"replies":[{"embeddable":true,"href":"https:\/\/vimaterial.de\/it\/wp-json\/wp\/v2\/comments?post=1029533"}],"wp:featuredmedia":[{"embeddable":true,"href":"https:\/\/vimaterial.de\/it\/wp-json\/wp\/v2\/media\/1037665"}],"wp:attachment":[{"href":"https:\/\/vimaterial.de\/it\/wp-json\/wp\/v2\/media?parent=1029533"}],"wp:term":[{"taxonomy":"product_brand","embeddable":true,"href":"https:\/\/vimaterial.de\/it\/wp-json\/wp\/v2\/product_brand?post=1029533"},{"taxonomy":"product_cat","embeddable":true,"href":"https:\/\/vimaterial.de\/it\/wp-json\/wp\/v2\/product_cat?post=1029533"},{"taxonomy":"product_tag","embeddable":true,"href":"https:\/\/vimaterial.de\/it\/wp-json\/wp\/v2\/product_tag?post=1029533"}],"curies":[{"name":"wp","href":"https:\/\/api.w.org\/{rel}","templated":true}]}}