{"id":1029505,"date":"2024-06-17T16:12:08","date_gmt":"2024-06-17T08:12:08","guid":{"rendered":"https:\/\/vimaterial.de\/product\/ossido-di-disprosio-2\/"},"modified":"2025-07-10T11:34:25","modified_gmt":"2025-07-10T03:34:25","slug":"ossido-di-disprosio-2","status":"publish","type":"product","link":"https:\/\/vimaterial.de\/it\/product\/ossido-di-disprosio-2\/","title":{"rendered":"Ossido di disprosio"},"content":{"rendered":"<p>I granuli di <span style=\"color: #0000ff;\"><a style=\"color: #0000ff;\" href=\"https:\/\/vimaterial.de\/it\/product\/ossido-di-disprosio-3\/\"><strong>ossido di disprosio<\/strong><\/a><\/span> sono particelle solide giallastre o giallo-brunastre con alto punto di fusione, buona stabilit\u00e0 chimica, insolubili in acqua e alcali (ad eccezione degli alcali forti), che svolgono un ruolo importante nei campi dei materiali magnetici, dei materiali ottici, dei materiali ceramici e cos\u00ec via.<\/p>\n<p>VIMATERIAL supporta la personalizzazione del prodotto, <span style=\"color: #0000ff;\"><a style=\"color: #0000ff;\" href=\"https:\/\/vimaterial.de\/it\/contatto\/\">contattaci<\/a><\/span>.<\/p>\n<h2><span style=\"font-size: 14pt;\">Propriet\u00e0 dell&#8217;ossido di disprosio <\/span><\/h2>\n<p>Formula molecolare: Dy\u2082O\u2083<\/p>\n<p>Peso molecolare: 373,00 g\/mol<\/p>\n<p>Aspetto: particelle da bianche a giallo chiaro<\/p>\n<p>Densit\u00e0: 7,81 g\/cm\u00b3 (25 \u00b0C)<\/p>\n<p>Punto di fusione: circa 2408\u00b0C<\/p>\n<p>Struttura cristallina: fase cubica<\/p>\n<p>Solubilit\u00e0: Insolubile in acqua, ma solubile in acidi inorganici.<\/p>\n<h2><span style=\"font-size: 14pt;\">Applicazioni <strong>dell&#8217;ossido di disprosio<\/strong><\/span><\/h2>\n<p>Materiali magnetici permanenti: l&#8217;aggiunta di circa il 2-3% di ossido di disprosio ai magneti permanenti NdFeB pu\u00f2 aumentarne significativamente la coercitivit\u00e0, che \u00e8 un importante additivo per i magneti NdFeB. \u00c8 un additivo importante per i magneti NdFeB. Con la crescente domanda di magneti NdFeB, l&#8217;ossido di disprosio \u00e8 sempre pi\u00f9 ampiamente utilizzato in questo campo.<\/p>\n<p>Materiali ottici: <strong>l&#8217;ossido di disprosio<\/strong> viene utilizzato nella produzione di lampade ad alogenuri metallici e altre fonti di illuminazione per migliorare l&#8217;efficienza luminosa e la resa cromatica delle sorgenti luminose.<\/p>\n<p>Materiali di archiviazione magneto-ottici: <strong>l&#8217;ossido di disprosio<\/strong> pu\u00f2 essere utilizzato per preparare materiali di archiviazione magneto-ottici per memorizzare e leggere le informazioni utilizzando il suo effetto magneto-ottico.<\/p>\n<h2><span style=\"font-size: 14pt;\">Controllo qualit\u00e0<\/span><\/h2>\n<p><span style=\"color: #0000ff;\"><a style=\"color: #0000ff;\" href=\"https:\/\/vimaterial.de\/it\/controllo-qualita\/\">VI HALBLEITERMATERIAL GmbH<\/a><\/span> implementa un rigoroso controllo di qualit\u00e0 dell&#8217;intero processo e 8D meccanismo di risoluzione dei problemi per garantire che i prodotti siano conformi agli standard REACH, ASTM e di settore e supportino lo sviluppo sostenibile e la tracciabilit\u00e0 della catena di approvvigionamento. L&#8217;azienda si impegna a fornire ai clienti prodotti e servizi di alta qualit\u00e0 gestendo l&#8217;intero processo, dalla ricerca e sviluppo alla consegna, e aderendo al principio della rilavorazione dei prodotti non conformi.<\/p>\n<h2><span style=\"font-size: 14pt;\">Imballaggio e stoccaggio<\/span><\/h2>\n<p>Confezionato sottovuoto e poi imbottigliato, imballaggio esterno in cartone, la capacit\u00e0 pu\u00f2 essere personalizzata.<\/p>\n<p>I granuli <strong>di Dy\u2082O\u2083<\/strong> devono essere rigorosamente sigillati in un ambiente asciutto, al riparo dalla luce e dall&#8217;umidit\u00e0, al fine di mantenere la loro stabilit\u00e0 chimica e le propriet\u00e0 superficiali.<\/p>\n","protected":false},"excerpt":{"rendered":"<p>I granuli di <span style=\"color: #0000ff;\"><a style=\"color: #0000ff;\" href=\"https:\/\/vimaterial.de\/it\/product\/ossido-di-disprosio-3\/\"><strong>ossido di disprosio<\/strong><\/a><\/span> sono particelle solide giallastre o giallo-brunastre con alto punto di fusione, buona stabilit\u00e0 chimica, insolubili in acqua e alcali (ad eccezione degli alcali forti), che svolgono un ruolo importante nei campi dei materiali magnetici, dei materiali ottici, dei materiali ceramici e cos\u00ec via.<\/p>\n<p>VIMATERIAL supporta la personalizzazione del prodotto, <span style=\"color: #0000ff;\"><a style=\"color: #0000ff;\" href=\"https:\/\/vimaterial.de\/it\/contatto\/\">contattaci<\/a><\/span>.<\/p>\n","protected":false},"featured_media":1038560,"comment_status":"open","ping_status":"closed","template":"","meta":{"_acf_changed":false},"product_brand":[],"product_cat":[198],"product_tag":[],"class_list":{"0":"post-1029505","1":"product","2":"type-product","3":"status-publish","4":"has-post-thumbnail","6":"product_cat-materiali-per-levaporazione","8":"first","9":"instock","10":"shipping-taxable","11":"product-type-variable"},"acf":[],"_links":{"self":[{"href":"https:\/\/vimaterial.de\/it\/wp-json\/wp\/v2\/product\/1029505","targetHints":{"allow":["GET"]}}],"collection":[{"href":"https:\/\/vimaterial.de\/it\/wp-json\/wp\/v2\/product"}],"about":[{"href":"https:\/\/vimaterial.de\/it\/wp-json\/wp\/v2\/types\/product"}],"replies":[{"embeddable":true,"href":"https:\/\/vimaterial.de\/it\/wp-json\/wp\/v2\/comments?post=1029505"}],"wp:featuredmedia":[{"embeddable":true,"href":"https:\/\/vimaterial.de\/it\/wp-json\/wp\/v2\/media\/1038560"}],"wp:attachment":[{"href":"https:\/\/vimaterial.de\/it\/wp-json\/wp\/v2\/media?parent=1029505"}],"wp:term":[{"taxonomy":"product_brand","embeddable":true,"href":"https:\/\/vimaterial.de\/it\/wp-json\/wp\/v2\/product_brand?post=1029505"},{"taxonomy":"product_cat","embeddable":true,"href":"https:\/\/vimaterial.de\/it\/wp-json\/wp\/v2\/product_cat?post=1029505"},{"taxonomy":"product_tag","embeddable":true,"href":"https:\/\/vimaterial.de\/it\/wp-json\/wp\/v2\/product_tag?post=1029505"}],"curies":[{"name":"wp","href":"https:\/\/api.w.org\/{rel}","templated":true}]}}