{"id":1029489,"date":"2024-06-17T16:12:09","date_gmt":"2024-06-17T08:12:09","guid":{"rendered":"https:\/\/vimaterial.de\/product\/ossido-di-disprosio\/"},"modified":"2025-07-07T17:06:11","modified_gmt":"2025-07-07T09:06:11","slug":"ossido-di-disprosio","status":"publish","type":"product","link":"https:\/\/vimaterial.de\/it\/product\/ossido-di-disprosio\/","title":{"rendered":"Ossido di disprosio"},"content":{"rendered":"<p>Il bersaglio sputtering <strong><span style=\"color: #0000ff;\"><a style=\"color: #0000ff;\" href=\"https:\/\/vimaterial.de\/it\/product\/ossido-di-disprosio-3\/\">dell&#8217;ossido di disprosio<\/a><\/span><\/strong> \u00e8 un tipo di materiale utilizzato nello sputtering magnetron e in altre tecnologie di rivestimento. L&#8217;ossido di disprosio (Dy\u2082O\u2083) \u00e8 l&#8217;ingrediente principale, che di solito ha le caratteristiche di elevata purezza, alte densit\u00e0 e composizioni omogenee, ecc. Pu\u00f2 essere ampiamente utilizzato nei semiconduttori, nell&#8217;ottica, nel magnetismo, nell&#8217;energia atomica e in molti altri campi per la preparazione di film sottili funzionali.<\/p>\n<p>VIMATERIAL offre la personalizzazione dei prodotti, <span style=\"color: #0000ff;\"><a style=\"color: #0000ff;\" href=\"https:\/\/vimaterial.de\/it\/contatto\/\">contattaci<\/a><\/span>.<\/p>\n<h2><span style=\"font-size: 14pt;\">Propriet\u00e0 dell&#8217;ossido di disprosio<\/span><\/h2>\n<p>Formula molecolare: Dy\u2082O\u2083<\/p>\n<p>Peso molecolare: 373,00 g\/mol<\/p>\n<p>Aspetto: bersaglio da bianco a giallo chiaro<\/p>\n<p>Densit\u00e0: 7,81 g\/cm\u00b3 (teorica)<\/p>\n<p>Punto di fusione: circa 2400\u00b0C<\/p>\n<p>Punto di ebollizione: circa 3900\u00b0C<\/p>\n<p>Struttura cristallina: fase cubica<\/p>\n<h2><span style=\"font-size: 14pt;\">Applicazioni dell&#8217;ossido di disprosio<\/span><\/h2>\n<p>Campo dei semiconduttori: pu\u00f2 essere utilizzato per preparare film semiconduttori nel processo di produzione dei semiconduttori.<\/p>\n<p>Ottica: i bersagli sputtering <strong>Dy2O3 <\/strong>possono essere utilizzati per preparare pellicole ottiche grazie al suo alto indice di rifrazione e trasparenza.<\/p>\n<p>Magnetismo: i bersagli sputtering <strong>Dy2O3<\/strong> vengono utilizzati per la preparazione di pellicole magnetiche, come materiali di registrazione magnetici e sensori magnetici, grazie alle sue forti propriet\u00e0 magnetiche. Queste pellicole magnetiche hanno importanti applicazioni nell&#8217;archiviazione delle informazioni e nel rilevamento dei segnali magnetici.<\/p>\n<p>Nuovo campo energetico: nel nuovo campo energetico, come la produzione di celle solari, i bersagli sputtering<strong> Dy2O3<\/strong> possono essere utilizzati per preparare materiali per elettrodi o materiali per strati funzionali per celle solari, migliorando l&#8217;efficienza di conversione fotoelettrica e la stabilit\u00e0 delle celle solari.<\/p>\n<h2><span style=\"font-size: 14pt;\">Controllo qualit\u00e0<\/span><\/h2>\n<p><span style=\"color: #0000ff;\"><a style=\"color: #0000ff;\" href=\"https:\/\/vimaterial.de\/it\/controllo-qualita\/\">VI HALBLEITERMATERIAL GmbH<\/a><\/span> implementa rigorosamente un sistema di controllo della qualit\u00e0 a processo completo, aderisce al principio della rilavorazione per i prodotti difettosi e rilascia ogni lotto di prodotti solo dopo aver superato test dettagliati delle specifiche. Ci impegniamo a costruire una catena di approvvigionamento responsabile rispettando gli standard REACH e ASTM, garantendo la coerenza dei lotti e stabilendo un sistema di tracciabilit\u00e0 completo e documentato.<\/p>\n<h2><span style=\"font-size: 14pt;\">Imballaggio e stoccaggio<\/span><\/h2>\n<p>I bersagli sputtering <strong>Dy2O3<\/strong> sono confezionati sottovuoto e inseriti in scatole personalizzate, e trasportati in appositi cartoni per garantire un trasporto sicuro.<\/p>\n<p>I bersagli sputtering <strong>Dy2O3<\/strong> devono essere conservati in condizioni asciutte e sigillate per evitare l&#8217;assorbimento di umidit\u00e0 e la contaminazione, e si consiglia di collocarli in un ambiente ventilato e asciutto dopo il confezionamento sottovuoto.<\/p>\n","protected":false},"excerpt":{"rendered":"<p>Il bersaglio sputtering <strong><span style=\"color: #0000ff;\"><a style=\"color: #0000ff;\" href=\"https:\/\/vimaterial.de\/it\/product\/ossido-di-disprosio-3\/\">dell&#8217;ossido di disprosio<\/a><\/span><\/strong> \u00e8 un tipo di materiale utilizzato nello sputtering magnetron e in altre tecnologie di rivestimento. L&#8217;ossido di disprosio (Dy\u2082O\u2083) \u00e8 l&#8217;ingrediente principale, che di solito ha le caratteristiche di elevata purezza, alte densit\u00e0 e composizioni omogenee, ecc. Pu\u00f2 essere ampiamente utilizzato nei semiconduttori, nell&#8217;ottica, nel magnetismo, nell&#8217;energia atomica e in molti altri campi per la preparazione di film sottili funzionali.<\/p>\n<p>VIMATERIAL offre la personalizzazione dei prodotti, <span style=\"color: #0000ff;\"><a style=\"color: #0000ff;\" href=\"https:\/\/vimaterial.de\/it\/contatto\/\">contattaci<\/a><\/span>.<\/p>\n","protected":false},"featured_media":1038507,"comment_status":"open","ping_status":"closed","template":"","meta":{"_acf_changed":false},"product_brand":[],"product_cat":[197],"product_tag":[],"class_list":{"0":"post-1029489","1":"product","2":"type-product","3":"status-publish","4":"has-post-thumbnail","6":"product_cat-obiettivi-di-sputtering-planari","8":"first","9":"instock","10":"shipping-taxable","11":"product-type-variable"},"acf":[],"_links":{"self":[{"href":"https:\/\/vimaterial.de\/it\/wp-json\/wp\/v2\/product\/1029489","targetHints":{"allow":["GET"]}}],"collection":[{"href":"https:\/\/vimaterial.de\/it\/wp-json\/wp\/v2\/product"}],"about":[{"href":"https:\/\/vimaterial.de\/it\/wp-json\/wp\/v2\/types\/product"}],"replies":[{"embeddable":true,"href":"https:\/\/vimaterial.de\/it\/wp-json\/wp\/v2\/comments?post=1029489"}],"wp:featuredmedia":[{"embeddable":true,"href":"https:\/\/vimaterial.de\/it\/wp-json\/wp\/v2\/media\/1038507"}],"wp:attachment":[{"href":"https:\/\/vimaterial.de\/it\/wp-json\/wp\/v2\/media?parent=1029489"}],"wp:term":[{"taxonomy":"product_brand","embeddable":true,"href":"https:\/\/vimaterial.de\/it\/wp-json\/wp\/v2\/product_brand?post=1029489"},{"taxonomy":"product_cat","embeddable":true,"href":"https:\/\/vimaterial.de\/it\/wp-json\/wp\/v2\/product_cat?post=1029489"},{"taxonomy":"product_tag","embeddable":true,"href":"https:\/\/vimaterial.de\/it\/wp-json\/wp\/v2\/product_tag?post=1029489"}],"curies":[{"name":"wp","href":"https:\/\/api.w.org\/{rel}","templated":true}]}}