{"id":1029422,"date":"2024-06-17T16:16:10","date_gmt":"2024-06-17T08:16:10","guid":{"rendered":"https:\/\/vimaterial.de\/product\/lega-di-ferro-al-disprosio-2\/"},"modified":"2025-07-07T14:34:02","modified_gmt":"2025-07-07T06:34:02","slug":"lega-di-ferro-al-disprosio-2","status":"publish","type":"product","link":"https:\/\/vimaterial.de\/it\/product\/lega-di-ferro-al-disprosio-2\/","title":{"rendered":"Lega di ferro disprosio"},"content":{"rendered":"<p>La polvere di <span style=\"color: #0000ff;\"><a style=\"color: #0000ff;\" href=\"https:\/\/vimaterial.de\/it\/product\/lega-di-ferro-al-disprosio\/\"><strong>lega di ferro disprosio<\/strong><\/a><\/span> \u00e8 un tipo di polvere di lega metallica composta da elementi di terre rare disprosio e ferro, con determinate propriet\u00e0 magnetiche, in polvere e facile da ossidare in aria, che ha importanti applicazioni in molti campi come i materiali a magneti permanenti neodimio-ferro-boro.<\/p>\n<p>VIMATERIAL supporta la personalizzazione del prodotto, <span style=\"color: #0000ff;\"><a style=\"color: #0000ff;\" href=\"https:\/\/vimaterial.de\/it\/contatto\/\">contattaci<\/a><\/span>.<\/p>\n<h2><span style=\"font-size: 14pt;\">Propriet\u00e0 della lega di ferro disprosio<\/span><\/h2>\n<p>Colore: Solitamente polvere metallizzata grigio-nera con lucentezza metallica.<\/p>\n<p>Struttura cristallina: fase cubica\/esagonale<\/p>\n<p>Magnetismo: la ferrolega di disprosio ha un forte magnetismo, che \u00e8 dovuto al disprosio stesso \u00e8 un elemento di terre rare con una struttura elettronica speciale e la polvere di lega formata dopo la combinazione con il ferro ha un&#8217;elevata permeabilit\u00e0 magnetica e saturazione magnetica.<\/p>\n<p>Propriet\u00e0 chimiche: la lega di disprosio \u00e8 facile da ossidare all&#8217;aria, quindi deve essere adeguatamente conservata, generalmente utilizzando lo strato interno di doppi sacchetti di plastica riempiti sottovuoto con gas argon, lo strato esterno del pacchetto del tamburo di ferro. \u00c8 facilmente solubile in acidi e reagisce chimicamente sotto l&#8217;azione degli acidi per produrre i corrispondenti composti salini.<\/p>\n<h2><span style=\"font-size: 14pt;\">Applicazione della lega di ferro disprosio <\/span><\/h2>\n<p>resistenza alla corrosione dei magneti permanenti, in modo che possano mantenere buone propriet\u00e0 magnetiche ad alte temperature e in ambienti complessi, e sono ampiamente utilizzati nei motori di azionamento dei veicoli elettrici, nei generatori eolici, nei dispositivi elettronici e nelle apparecchiature mediche e in altri campi.<\/p>\n<p>Materiali di registrazione magnetica ottica: la polvere di <strong>lega di ferro disprosio<\/strong> ha elevate propriet\u00e0 magnetiche e buone caratteristiche di registrazione magnetica e pu\u00f2 essere utilizzata per produrre materiali di registrazione magnetica come dischi rigidi e nastri magnetici, nonch\u00e9 dispositivi di registrazione magnetica ottica come sensori magnetici e memorie casuali magnetiche, che possono realizzare l&#8217;archiviazione e la lettura delle informazioni ad alta efficienza.<\/p>\n<h2><span style=\"font-size: 14pt;\">Controllo qualit\u00e0<\/span><\/h2>\n<p><span style=\"color: #0000ff;\"><a style=\"color: #0000ff;\" href=\"https:\/\/vimaterial.de\/it\/controllo-qualita\/\">VI HALBLEITERMATERIAL GmbH<\/a> <\/span>implementa rigorosamente un sistema di controllo della qualit\u00e0 a processo completo, aderisce al principio della rilavorazione e ripetizione per i prodotti difettosi e ogni lotto di prodotti supera un test dettagliato delle specifiche prima del rilascio. Rispettiamo pienamente gli standard REACH e ASTM per garantire la coerenza dei lotti e stabilire un sistema completo di tracciabilit\u00e0 dei documenti, e ci impegniamo a costruire una catena di approvvigionamento responsabile.<\/p>\n<h2><span style=\"font-size: 14pt;\">Imballaggio e stoccaggio<\/span><\/h2>\n<p>Viene confezionato in bottiglie sottovuoto a doppio strato e quindi confezionato in cartoni speciali per garantire la sicurezza del trasporto e la capacit\u00e0 pu\u00f2 essere personalizzata in base alle esigenze dei clienti.<\/p>\n<p><strong>La polvere di DyFe<\/strong> deve essere sigillata e conservata in un ambiente asciutto per evitare l&#8217;ossidazione e il deterioramento, si consiglia di conservare a temperatura \u226425\u00b0C e umidit\u00e0 \u226410%RH.<\/p>\n","protected":false},"excerpt":{"rendered":"<p>La polvere di <span style=\"color: #0000ff;\"><a style=\"color: #0000ff;\" href=\"https:\/\/vimaterial.de\/it\/product\/lega-di-ferro-al-disprosio\/\"><strong>lega di ferro disprosio<\/strong><\/a><\/span> \u00e8 un tipo di polvere di lega metallica composta da elementi di terre rare disprosio e ferro, con determinate propriet\u00e0 magnetiche, in polvere e facile da ossidare in aria, che ha importanti applicazioni in molti campi come i materiali a magneti permanenti neodimio-ferro-boro.<\/p>\n<p>VIMATERIAL supporta la personalizzazione del prodotto, <span style=\"color: #0000ff;\"><a style=\"color: #0000ff;\" href=\"https:\/\/vimaterial.de\/it\/contatto\/\">contattaci<\/a><\/span>.<\/p>\n","protected":false},"featured_media":1038472,"comment_status":"open","ping_status":"closed","template":"","meta":{"_acf_changed":false},"product_brand":[],"product_cat":[203],"product_tag":[],"class_list":{"0":"post-1029422","1":"product","2":"type-product","3":"status-publish","4":"has-post-thumbnail","6":"product_cat-materiali-per-terre-rare","8":"first","9":"instock","10":"shipping-taxable","11":"product-type-variable"},"acf":[],"_links":{"self":[{"href":"https:\/\/vimaterial.de\/it\/wp-json\/wp\/v2\/product\/1029422","targetHints":{"allow":["GET"]}}],"collection":[{"href":"https:\/\/vimaterial.de\/it\/wp-json\/wp\/v2\/product"}],"about":[{"href":"https:\/\/vimaterial.de\/it\/wp-json\/wp\/v2\/types\/product"}],"replies":[{"embeddable":true,"href":"https:\/\/vimaterial.de\/it\/wp-json\/wp\/v2\/comments?post=1029422"}],"wp:featuredmedia":[{"embeddable":true,"href":"https:\/\/vimaterial.de\/it\/wp-json\/wp\/v2\/media\/1038472"}],"wp:attachment":[{"href":"https:\/\/vimaterial.de\/it\/wp-json\/wp\/v2\/media?parent=1029422"}],"wp:term":[{"taxonomy":"product_brand","embeddable":true,"href":"https:\/\/vimaterial.de\/it\/wp-json\/wp\/v2\/product_brand?post=1029422"},{"taxonomy":"product_cat","embeddable":true,"href":"https:\/\/vimaterial.de\/it\/wp-json\/wp\/v2\/product_cat?post=1029422"},{"taxonomy":"product_tag","embeddable":true,"href":"https:\/\/vimaterial.de\/it\/wp-json\/wp\/v2\/product_tag?post=1029422"}],"curies":[{"name":"wp","href":"https:\/\/api.w.org\/{rel}","templated":true}]}}