{"id":1029416,"date":"2024-06-17T16:16:10","date_gmt":"2024-06-17T08:16:10","guid":{"rendered":"https:\/\/vimaterial.de\/product\/fluoruro-di-disprosio-dfm\/"},"modified":"2025-07-07T11:31:55","modified_gmt":"2025-07-07T03:31:55","slug":"fluoruro-di-disprosio-dfm","status":"publish","type":"product","link":"https:\/\/vimaterial.de\/it\/product\/fluoruro-di-disprosio-dfm\/","title":{"rendered":"Fluoruro di disprosio (DFM)"},"content":{"rendered":"<p>La polvere di <strong><span style=\"color: #0000ff;\"><a style=\"color: #0000ff;\" href=\"https:\/\/vimaterial.de\/it\/product\/fluoruro-di-disprosio-dfm-2\/\">fluoruro di disprosio<\/a><\/span> <\/strong>\u00e8 solitamente una polvere cristallina bianca o giallo molto pallido, struttura cristallina cubica o romboedrica verde chiaro centrata sulla faccia, con una struttura cristallina altamente stabile e un&#8217;eccellente stabilit\u00e0 termica, insolubile in acqua e acido diluito. \u00c8 ampiamente utilizzato in ottica, elettronica, fusione dei metalli e molti altri campi.<\/p>\n<p>VIMATERIAL supporta la personalizzazione del prodotto<span style=\"color: #0000ff;\">, <a style=\"color: #0000ff;\" href=\"https:\/\/vimaterial.de\/it\/contatto\/\">contattaci<\/a>.<\/span><\/p>\n<h2><span style=\"font-size: 14pt;\">Propriet\u00e0 del fluoruro di disprosio <\/span><\/h2>\n<p>Formula molecolare:<strong>DyF\u2083<\/strong><\/p>\n<p>Peso molecolare: 219,50 g\/mol<\/p>\n<p>Aspetto: polvere bianca<\/p>\n<p>Densit\u00e0:7,5 g\/cm\u00b3 (valore teorico)<\/p>\n<p>Punto di fusione: circa 1150\u00b0C<\/p>\n<p>Punto di ebollizione: circa 2200\u00b0C (pu\u00f2 decomporsi ad alta temperatura)<\/p>\n<p>Struttura cristallina: sistema cristallino esagonale<\/p>\n<p>Solubilit\u00e0: insolubile in acqua, solubile in acido concentrato caldo<\/p>\n<h2><span style=\"font-size: 14pt;\">Applicazioni del fluoruro di disprosio<\/span><\/h2>\n<p>Preparazione di materiali fluorescenti:<strong> il fluoruro di disprosio<\/strong> pu\u00f2 essere utilizzato per preparare materiali fluorescenti contenenti ioni metallici di disprosio, che hanno importanti applicazioni nel campo dei laser e dell&#8217;illuminazione, ad esempio pu\u00f2 essere utilizzato per produrre fosfori speciali per migliorare l&#8217;effetto fluorescente.<\/p>\n<p>Rivestimento ottico: il <strong>fluoruro di disprosio<\/strong> pu\u00f2 essere utilizzato come materiale di rivestimento ottico per migliorare le prestazioni degli elementi ottici, come migliorare le propriet\u00e0 antiriflesso e antiusura delle lenti.<\/p>\n<p>Industria elettronica: pu\u00f2 essere utilizzato per preparare materiali magnetici, come magneti al disprosio, che possono essere applicati alla retroilluminazione dei display a cristalli liquidi, ecc. Aiuta a migliorare le prestazioni dei materiali magnetici. Aiuta a migliorare le prestazioni e la stabilit\u00e0 dei materiali magnetici.<\/p>\n<h2><span style=\"font-size: 14pt;\">Controllo qualit\u00e0<\/span><\/h2>\n<p><span style=\"color: #0000ff;\"><a style=\"color: #0000ff;\" href=\"https:\/\/vimaterial.de\/it\/controllo-qualita\/\">VI HALBLEITERMATERIAL GmbH <\/a><\/span> implementa rigorosamente un sistema di controllo della qualit\u00e0 a processo completo, aderisce al principio della rilavorazione e della ripetizione dei prodotti difettosi e rilascia ogni lotto di prodotti solo dopo aver superato test dettagliati delle specifiche. Ci impegniamo a costruire una catena di approvvigionamento responsabile rispettando gli standard REACH e ASTM, garantendo la coerenza dei lotti e stabilendo un sistema di tracciabilit\u00e0 completo e documentato.<\/p>\n<h2><span style=\"font-size: 14pt;\">Imballaggio e stoccaggio<\/span><\/h2>\n<p><strong>Il fluoruro di disprosio<\/strong> \u00e8 confezionato in flaconi a doppio vuoto in cartoni speciali per garantire un trasporto sicuro. La capacit\u00e0 pu\u00f2 essere sottoimballata in base alle esigenze dei clienti.<\/p>\n<p><strong>La polvere DyF\u2083<\/strong> deve essere sigillata e conservata in un ambiente asciutto. Si consiglia il confezionamento sottovuoto per prevenire l&#8217;assorbimento e l&#8217;ossidazione dell&#8217;umidit\u00e0. L&#8217;ambiente di stoccaggio deve mantenere la temperatura inferiore a 25\u00b0C, l&#8217;umidit\u00e0 relativa \u226420% di umidit\u00e0 relativa ed evitare la luce solare diretta. Questo prodotto \u00e8 facile da assorbire l&#8217;umidit\u00e0 e deteriorarsi, deve essere tenuto lontano da sostanze acide e ossidanti.<\/p>\n","protected":false},"excerpt":{"rendered":"<p>La polvere di <strong><span style=\"color: #0000ff;\"><a style=\"color: #0000ff;\" href=\"https:\/\/vimaterial.de\/it\/product\/fluoruro-di-disprosio-dfm-2\/\">fluoruro di disprosio<\/a><\/span> <\/strong>\u00e8 solitamente una polvere cristallina bianca o giallo molto pallido, struttura cristallina cubica o romboedrica verde chiaro centrata sulla faccia, con una struttura cristallina altamente stabile e un&#8217;eccellente stabilit\u00e0 termica, insolubile in acqua e acido diluito. \u00c8 ampiamente utilizzato in ottica, elettronica, fusione dei metalli e molti altri campi.<\/p>\n<p>VIMATERIAL supporta la personalizzazione del prodotto<span style=\"color: #0000ff;\">, <a style=\"color: #0000ff;\" href=\"https:\/\/vimaterial.de\/it\/contatto\/\">contattaci<\/a>.<\/span><\/p>\n","protected":false},"featured_media":1038465,"comment_status":"open","ping_status":"closed","template":"","meta":{"_acf_changed":false},"product_brand":[],"product_cat":[203],"product_tag":[],"class_list":{"0":"post-1029416","1":"product","2":"type-product","3":"status-publish","4":"has-post-thumbnail","6":"product_cat-materiali-per-terre-rare","8":"first","9":"instock","10":"shipping-taxable","11":"purchasable","12":"product-type-variable"},"acf":[],"_links":{"self":[{"href":"https:\/\/vimaterial.de\/it\/wp-json\/wp\/v2\/product\/1029416","targetHints":{"allow":["GET"]}}],"collection":[{"href":"https:\/\/vimaterial.de\/it\/wp-json\/wp\/v2\/product"}],"about":[{"href":"https:\/\/vimaterial.de\/it\/wp-json\/wp\/v2\/types\/product"}],"replies":[{"embeddable":true,"href":"https:\/\/vimaterial.de\/it\/wp-json\/wp\/v2\/comments?post=1029416"}],"wp:featuredmedia":[{"embeddable":true,"href":"https:\/\/vimaterial.de\/it\/wp-json\/wp\/v2\/media\/1038465"}],"wp:attachment":[{"href":"https:\/\/vimaterial.de\/it\/wp-json\/wp\/v2\/media?parent=1029416"}],"wp:term":[{"taxonomy":"product_brand","embeddable":true,"href":"https:\/\/vimaterial.de\/it\/wp-json\/wp\/v2\/product_brand?post=1029416"},{"taxonomy":"product_cat","embeddable":true,"href":"https:\/\/vimaterial.de\/it\/wp-json\/wp\/v2\/product_cat?post=1029416"},{"taxonomy":"product_tag","embeddable":true,"href":"https:\/\/vimaterial.de\/it\/wp-json\/wp\/v2\/product_tag?post=1029416"}],"curies":[{"name":"wp","href":"https:\/\/api.w.org\/{rel}","templated":true}]}}