{"id":1029404,"date":"2024-06-17T16:16:10","date_gmt":"2024-06-17T08:16:10","guid":{"rendered":"https:\/\/vimaterial.de\/product\/lega-di-ferro-al-disprosio\/"},"modified":"2025-07-07T15:01:50","modified_gmt":"2025-07-07T07:01:50","slug":"lega-di-ferro-al-disprosio","status":"publish","type":"product","link":"https:\/\/vimaterial.de\/it\/product\/lega-di-ferro-al-disprosio\/","title":{"rendered":"Lega di ferro disprosio"},"content":{"rendered":"<p>Il bersaglio sputtering in <span style=\"color: #0000ff;\"><a style=\"color: #0000ff;\" href=\"https:\/\/vimaterial.de\/it\/product\/lega-di-ferro-al-disprosio-2\/\"><strong>lega di ferro disprosio<\/strong><\/a><\/span> \u00e8 un materiale chiave costituito dagli elementi delle terre rare disprosio e ferro, che viene utilizzato per formare film sottili su substrati nelle tecniche di deposizione sputtering e ha importanti applicazioni in molti campi come semiconduttori, registrazione magnetica e ottica. Propriet\u00e0 come l&#8217;elevata purezza, la buona struttura cristallina e la distribuzione uniforme della composizione sono solitamente necessarie per garantire la qualit\u00e0 e le prestazioni dei film sottili durante lo sputtering.<\/p>\n<p>VIMATERIAL offre prodotti personalizzati, non esitate <span style=\"color: #0000ff;\"><a style=\"color: #0000ff;\" href=\"https:\/\/vimaterial.de\/it\/contatto\/\">a contattarci.<\/a><\/span><\/p>\n<h2><span style=\"font-size: 14pt;\">Propriet\u00e0 della lega di ferro disprosio<\/span><\/h2>\n<p>Formula molecolare: forma della lega, pu\u00f2 essere personalizzata<\/p>\n<p>Aspetto: bersaglio metallico grigio-nero<\/p>\n<p>Elevato punto di fusione e resistenza alle alte temperature: la lega di disprosio ha un alto punto di fusione, che consente ai bersagli sputtering di resistere a bombardamenti ad alta energia e alte temperature durante il processo di sputtering senza fondersi o deformarsi, garantendo la stabilit\u00e0 del processo di sputtering e la durata del target.<\/p>\n<p>Buona conduttivit\u00e0 elettrica: per applicazioni a film sottile che richiedono conduttivit\u00e0 elettrica, la buona conduttivit\u00e0 elettrica dei bersagli sputtering disprosio-ferrolega assicura che i film depositati abbiano un&#8217;eccellente conduttivit\u00e0 elettrica per soddisfare le esigenze dei dispositivi elettronici e di altri campi.<\/p>\n<h2><span style=\"font-size: 14pt;\">Applicazioni della lega di ferro disprosio<\/span><\/h2>\n<p>Campo di registrazione magnetico:<strong> la lega di ferro disprosio<\/strong> ha eccellenti propriet\u00e0 magnetiche e pu\u00f2 essere utilizzata per preparare pellicole di registrazione magnetiche con elevata coercitivit\u00e0 e alta permeabilit\u00e0, aumentando cos\u00ec la densit\u00e0 di archiviazione e la velocit\u00e0 di lettura\/scrittura dei supporti di registrazione magnetici.<\/p>\n<p>Campo dei semiconduttori: nel processo di produzione di chip semiconduttori, vari film sottili, come strati conduttivi e barriera, devono essere depositati sulla superficie del wafer. I bersagli sputtering in <strong>lega di disprosio-ferr<\/strong> possono essere utilizzati per preparare questi film per fornire una buona conduttivit\u00e0, propriet\u00e0 barriera e stabilit\u00e0 termica per soddisfare i requisiti di alte prestazioni dei dispositivi a semiconduttore.<\/p>\n<p>Campo ottico: nel campo del rivestimento ottico, i bersagli sputtering in lega di disprosio possono essere utilizzati per preparare film sottili con propriet\u00e0 ottiche speciali, come film di miglioramento della trasmittanza, film riflettente e film filtrante della luce.<\/p>\n<h2><span style=\"font-size: 14pt;\">Controllo qualit\u00e0<\/span><\/h2>\n<p><span style=\"color: #0000ff;\"><a style=\"color: #0000ff;\" href=\"https:\/\/vimaterial.de\/it\/controllo-qualita\/\">VI HALBLEITERMATERIAL GmbH<\/a> <\/span>implementa rigorosamente un sistema di controllo della qualit\u00e0 a processo completo, aderisce al principio della rilavorazione per i prodotti difettosi e rilascia ogni lotto di prodotti solo dopo aver superato test dettagliati delle specifiche. Ci impegniamo a costruire una catena di approvvigionamento responsabile rispettando gli standard REACH e ASTM, garantendo la coerenza dei lotti e stabilendo un sistema di tracciabilit\u00e0 completo e documentato.<\/p>\n<h2><span style=\"font-size: 14pt;\">Imballaggio e stoccaggio<\/span><\/h2>\n<p><strong>I bersagli in lega di ferro disprosio<\/strong> sono confezionati in scatole speciali dopo il vuoto e protetti in cartoni per la spedizione.<\/p>\n<p>I target in lega <strong>DyFe<\/strong> devono essere sigillati e conservati in un ambiente asciutto per evitare ossidazioni e danni meccanici. Si consiglia una temperatura di stoccaggio \u2264 25 \u00b0C, umidit\u00e0 \u2264 10% di umidit\u00e0 relativa, lontano da acidi, alogeni e sostanze ossidanti.<\/p>\n","protected":false},"excerpt":{"rendered":"<p>Il bersaglio sputtering in <span style=\"color: #0000ff;\"><a style=\"color: #0000ff;\" href=\"https:\/\/vimaterial.de\/it\/product\/lega-di-ferro-al-disprosio-2\/\"><strong>lega di ferro disprosio<\/strong><\/a><\/span> \u00e8 un materiale chiave costituito dagli elementi delle terre rare disprosio e ferro, che viene utilizzato per formare film sottili su substrati nelle tecniche di deposizione sputtering e ha importanti applicazioni in molti campi come semiconduttori, registrazione magnetica e ottica. Propriet\u00e0 come l&#8217;elevata purezza, la buona struttura cristallina e la distribuzione uniforme della composizione sono solitamente necessarie per garantire la qualit\u00e0 e le prestazioni dei film sottili durante lo sputtering.<\/p>\n<p>VIMATERIAL offre prodotti personalizzati, non esitate <span style=\"color: #0000ff;\"><a style=\"color: #0000ff;\" href=\"https:\/\/vimaterial.de\/it\/contatto\/\">a contattarci.<\/a><\/span><\/p>\n","protected":false},"featured_media":1038477,"comment_status":"open","ping_status":"closed","template":"","meta":{"_acf_changed":false},"product_brand":[],"product_cat":[197],"product_tag":[],"class_list":{"0":"post-1029404","1":"product","2":"type-product","3":"status-publish","4":"has-post-thumbnail","6":"product_cat-obiettivi-di-sputtering-planari","8":"first","9":"instock","10":"shipping-taxable","11":"product-type-variable"},"acf":[],"_links":{"self":[{"href":"https:\/\/vimaterial.de\/it\/wp-json\/wp\/v2\/product\/1029404","targetHints":{"allow":["GET"]}}],"collection":[{"href":"https:\/\/vimaterial.de\/it\/wp-json\/wp\/v2\/product"}],"about":[{"href":"https:\/\/vimaterial.de\/it\/wp-json\/wp\/v2\/types\/product"}],"replies":[{"embeddable":true,"href":"https:\/\/vimaterial.de\/it\/wp-json\/wp\/v2\/comments?post=1029404"}],"wp:featuredmedia":[{"embeddable":true,"href":"https:\/\/vimaterial.de\/it\/wp-json\/wp\/v2\/media\/1038477"}],"wp:attachment":[{"href":"https:\/\/vimaterial.de\/it\/wp-json\/wp\/v2\/media?parent=1029404"}],"wp:term":[{"taxonomy":"product_brand","embeddable":true,"href":"https:\/\/vimaterial.de\/it\/wp-json\/wp\/v2\/product_brand?post=1029404"},{"taxonomy":"product_cat","embeddable":true,"href":"https:\/\/vimaterial.de\/it\/wp-json\/wp\/v2\/product_cat?post=1029404"},{"taxonomy":"product_tag","embeddable":true,"href":"https:\/\/vimaterial.de\/it\/wp-json\/wp\/v2\/product_tag?post=1029404"}],"curies":[{"name":"wp","href":"https:\/\/api.w.org\/{rel}","templated":true}]}}