{"id":1029381,"date":"2024-06-17T16:16:11","date_gmt":"2024-06-17T08:16:11","guid":{"rendered":"https:\/\/vimaterial.de\/product\/disprosio-scandate\/"},"modified":"2025-07-04T14:35:36","modified_gmt":"2025-07-04T06:35:36","slug":"disprosio-scandate","status":"publish","type":"product","link":"https:\/\/vimaterial.de\/it\/product\/disprosio-scandate\/","title":{"rendered":"Scansione del disprosio"},"content":{"rendered":"<p><span style=\"color: #0000ff;\"><a style=\"color: #0000ff;\" href=\"https:\/\/vimaterial.de\/it\/product\/ossido-di-disprosio-2\/\">Scansione del disprosio<\/a><\/span> \u00e8 un ossido di metalli delle terre rare con una speciale struttura cristallina, che pu\u00f2 essere utilizzato come materiale di substrato monocristallino di alta qualit\u00e0 e ha importanti applicazioni in campi di ricerca come la refrigerazione cardiaca e la crescita epitassiale a film sottile.<\/p>\n<p>VIMATERIAL supporta la personalizzazione del prodotto, <span style=\"color: #0000ff;\"><a style=\"color: #0000ff;\" href=\"https:\/\/vimaterial.de\/it\/contatto\/\">contattaci.<\/a><\/span><\/p>\n<h2><span style=\"font-size: 14pt;\">Propriet\u00e0 di Dysprosium Scandate<\/span><\/h2>\n<p>Formula molecolare: DyScO\u2083<\/p>\n<p>Peso molecolare: circa 279,41 g\/mol<\/p>\n<p>Aspetto: cristallo singolo trasparente da incolore a giallo chiaro (il foglio lucido di solito ha una superficie a specchio)<\/p>\n<p>Densit\u00e0: circa 6,3 g\/cm\u00b3.<\/p>\n<p>Punto di fusione: ~2100\u00b0C (stabile alle alte temperature, nessun punto di ebollizione chiaro)<\/p>\n<p>Struttura cristallina: struttura calcogenuria ortorombica (gruppo spaziale Pbnm), basso disadattamento reticolare con calcogenuri comuni (es. SrTiO\u2083)<\/p>\n<p>Costante dielettrica: circa 20-25 (ottime prestazioni alle alte frequenze)<\/p>\n<p>Coefficiente di dilatazione termica: Buona corrispondenza con vari materiali funzionali (ad es. film ferroelettrici, superconduttori)<\/p>\n<h2><span style=\"font-size: 14pt;\">Applicazioni di Dysprosium Scandate<\/span><\/h2>\n<p>Crescita di film sottili: \u00e8 un materiale di substrato comune per la crescita di film sottili di ossidi complessi come superconduttori ad alta temperatura (ad es. YBCO), ferroelettrici e magneti. La crescita epitassiale di film sottili su substrati di disprosio scandinato consente un controllo preciso della struttura e delle propriet\u00e0 dei film, gettando le basi per un&#8217;ampia gamma di dispositivi elettronici, energetici e ottici.<\/p>\n<h2><span style=\"font-size: 14pt;\">Controllo qualit\u00e0<\/span><\/h2>\n<p><span style=\"color: #0000ff;\"><a style=\"color: #0000ff;\" href=\"https:\/\/vimaterial.de\/it\/controllo-qualita\/\">VI HALBLEITERMATERIAL GmbH<\/a><\/span> implementa un rigoroso controllo di qualit\u00e0 dell&#8217;intero processo e 8D meccanismo di risoluzione dei problemi per garantire che i prodotti siano conformi agli standard REACH, ASTM e di settore e supportare lo sviluppo sostenibile e la tracciabilit\u00e0 della catena di approvvigionamento. L&#8217;azienda si impegna a fornire ai clienti prodotti e servizi di alta qualit\u00e0 gestendo l&#8217;intero processo, dalla ricerca e sviluppo alla consegna, e aderendo al principio della rilavorazione dei prodotti non conformi.<\/p>\n<h2><span style=\"font-size: 14pt;\">Imballaggio e stoccaggio<\/span><\/h2>\n<p><strong>Dysprosium Scandate<\/strong> viene confezionato in scatole speciali e posto in cartoni speciali dopo il trattamento sottovuoto per garantire i requisiti di trasporto, oppure pu\u00f2 essere imballato in base alle esigenze del cliente.<\/p>\n<p>I substrati <strong>Dysprosium Scandate<\/strong> devono essere conservati in un ambiente asciutto e privo di polvere, sigillato e protetto dalla luce, evitando l&#8217;umidit\u00e0 e la contaminazione superficiale.<\/p>\n","protected":false},"excerpt":{"rendered":"<p><span style=\"color: #0000ff;\"><a style=\"color: #0000ff;\" href=\"https:\/\/vimaterial.de\/it\/product\/ossido-di-disprosio-2\/\">Scansione del disprosio<\/a><\/span> \u00e8 un ossido di metalli delle terre rare con una speciale struttura cristallina, che pu\u00f2 essere utilizzato come materiale di substrato monocristallino di alta qualit\u00e0 e ha importanti applicazioni in campi di ricerca come la refrigerazione cardiaca e la crescita epitassiale a film sottile.<\/p>\n<p>VIMATERIAL supporta la personalizzazione del prodotto, <span style=\"color: #0000ff;\"><a style=\"color: #0000ff;\" href=\"https:\/\/vimaterial.de\/it\/contatto\/\">contattaci.<\/a><\/span><\/p>\n<p>&nbsp;<\/p>\n<p>&nbsp;<\/p>\n","protected":false},"featured_media":1038423,"comment_status":"open","ping_status":"closed","template":"","meta":{"_acf_changed":false},"product_brand":[],"product_cat":[198],"product_tag":[],"class_list":{"0":"post-1029381","1":"product","2":"type-product","3":"status-publish","4":"has-post-thumbnail","6":"product_cat-materiali-per-levaporazione","8":"first","9":"instock","10":"shipping-taxable","11":"product-type-variable"},"acf":[],"_links":{"self":[{"href":"https:\/\/vimaterial.de\/it\/wp-json\/wp\/v2\/product\/1029381","targetHints":{"allow":["GET"]}}],"collection":[{"href":"https:\/\/vimaterial.de\/it\/wp-json\/wp\/v2\/product"}],"about":[{"href":"https:\/\/vimaterial.de\/it\/wp-json\/wp\/v2\/types\/product"}],"replies":[{"embeddable":true,"href":"https:\/\/vimaterial.de\/it\/wp-json\/wp\/v2\/comments?post=1029381"}],"wp:featuredmedia":[{"embeddable":true,"href":"https:\/\/vimaterial.de\/it\/wp-json\/wp\/v2\/media\/1038423"}],"wp:attachment":[{"href":"https:\/\/vimaterial.de\/it\/wp-json\/wp\/v2\/media?parent=1029381"}],"wp:term":[{"taxonomy":"product_brand","embeddable":true,"href":"https:\/\/vimaterial.de\/it\/wp-json\/wp\/v2\/product_brand?post=1029381"},{"taxonomy":"product_cat","embeddable":true,"href":"https:\/\/vimaterial.de\/it\/wp-json\/wp\/v2\/product_cat?post=1029381"},{"taxonomy":"product_tag","embeddable":true,"href":"https:\/\/vimaterial.de\/it\/wp-json\/wp\/v2\/product_tag?post=1029381"}],"curies":[{"name":"wp","href":"https:\/\/api.w.org\/{rel}","templated":true}]}}