{"id":1029363,"date":"2024-06-17T16:16:11","date_gmt":"2024-06-17T08:16:11","guid":{"rendered":"https:\/\/vimaterial.de\/product\/ossido-di-olmio-3\/"},"modified":"2025-07-07T10:53:49","modified_gmt":"2025-07-07T02:53:49","slug":"ossido-di-olmio-3","status":"publish","type":"product","link":"https:\/\/vimaterial.de\/it\/product\/ossido-di-olmio-3\/","title":{"rendered":"Ossido di Olmio"},"content":{"rendered":"<p>La polvere di <span style=\"color: #0000ff;\"><a style=\"color: #0000ff;\" href=\"https:\/\/vimaterial.de\/it\/product\/ossido-di-olmio-2\/\">ossido di olmio<\/a><\/span> \u00e8 una struttura di tipo ossido di scandio isotropo cristallina giallo chiaro, insolubile in acqua ma solubile in acido con un alto punto di fusione, e l&#8217;ossido di disprosio \u00e8 un composto dell&#8217;elemento delle terre rare olmio, noto per essere un elemento paramagnetico molto forte, e dell&#8217;elemento ossigeno.<\/p>\n<p>VIMATERIAL supporta la personalizzazione del prodotto, <span style=\"color: #0000ff;\"><a style=\"color: #0000ff;\" href=\"https:\/\/vimaterial.de\/it\/contatto\/\">contattaci.<\/a><\/span><\/p>\n<h2><span style=\"font-size: 14pt;\">Propriet\u00e0 dell&#8217;ossido di olmio<\/span><\/h2>\n<p>Formula molecolare: Ho\u2082O\u2083<\/p>\n<p>Peso molecolare: 377,86 g\/mol<\/p>\n<p>Aspetto: polvere da giallo chiaro a verde giallastro<\/p>\n<p>Densit\u00e0: 8,41 g\/cm\u00b3<\/p>\n<p>Punto di fusione: 2415\u00b0C<\/p>\n<p>Punto di ebollizione: circa 3900\u00b0C (sublimazione\/decomposizione)<\/p>\n<p>Struttura cristallina: Sistema cristallino cubico (gruppo spaziale Ia-3)<\/p>\n<p>Solubilit\u00e0: insolubile in acqua, solubile in acidi forti<\/p>\n<p>Magnetismo: Paramagnetico<\/p>\n<h2><span style=\"font-size: 14pt;\">Applicazioni dell&#8217;ossido di olmio<\/span><\/h2>\n<p>Laser e optoelettronica: la polvere di Ho\u2082O\u2083 \u00e8 una materia prima chiave per la preparazione di cristalli laser Ho:YAG e l&#8217;uscita laser con lunghezza d&#8217;onda di 2,1 \u03bcm da tali laser \u00e8 particolarmente adatta per la litotrissia medica e la chirurgia dei tessuti molli. Inoltre, in campo militare, i laser a fibra drogati con Ho\u2082O\u2083 possono essere utilizzati per applicazioni come le contromisure a infrarossi e il laser ranging.<\/p>\n<p>Industria dell&#8217;energia nucleare: grazie alla sua sezione d&#8217;urto di assorbimento dei neutroni estremamente elevata, l&#8217;Ho\u2082O\u2083 \u00e8 ampiamente utilizzato come materiale per barre di controllo per reattori nucleari, che pu\u00f2 regolare efficacemente la velocit\u00e0 di reazione a catena. Nel frattempo, nello smaltimento delle scorie nucleari, l&#8217;Ho\u2082O\u2083 pu\u00f2 anche essere utilizzato come materiale velenoso per neutroni per aiutare a immagazzinare in sicurezza i materiali radioattivi.<\/p>\n<p>Materiali funzionali speciali: come substrato per materiali luminescenti di conversione verso l&#8217;alto, l&#8217;Ho\u2082O\u2083 pu\u00f2 raggiungere un&#8217;emissione di luce visibile altamente efficiente se co-drogato con il plasma Yb\u00b3\u207a, ampiamente utilizzato nei marcatori anticontraffazione e nel bio-imaging. Inoltre, nel campo dei materiali magnetici, Ho\u2082O\u2083 viene utilizzato nello sviluppo di nuovi materiali magnetici di refrigerazione e dispositivi spintronici grazie alla sua speciale configurazione elettronica 4f.<\/p>\n<h2><span style=\"font-size: 14pt;\">Controllo qualit\u00e0<\/span><\/h2>\n<p><span style=\"color: #0000ff;\"><a style=\"color: #0000ff;\" href=\"https:\/\/vimaterial.de\/it\/controllo-qualita\/\">VI HALBLEITERMATERIAL GmbH<\/a><\/span> implementa rigorosamente un sistema di controllo della qualit\u00e0 a processo completo, aderisce al principio della rilavorazione e del rifacimento dei prodotti difettosi e ogni lotto di prodotti supera un test dettagliato delle specifiche prima del rilascio. Ci impegniamo a costruire una catena di approvvigionamento responsabile rispettando pienamente gli standard REACH e ASTM, garantendo la coerenza dei lotti e stabilendo un sistema completo di tracciabilit\u00e0 dei documenti.<\/p>\n<h2><span style=\"font-size: 14pt;\">Imballaggio e stoccaggio<\/span><\/h2>\n<p>La polvere di <strong>ossido di olmio<\/strong> \u00e8 confezionata in flaconi a doppio vuoto e poi protetta in cartoni speciali per garantire un trasporto sicuro.<\/p>\n<p><strong>Ho\u2082O\u2083<\/strong> deve essere sigillato e conservato in un ambiente asciutto, evitare il contatto con umidit\u00e0, gas acidi, per evitare il deterioramento dell&#8217;umidit\u00e0 del materiale.<\/p>\n","protected":false},"excerpt":{"rendered":"<p>La polvere di <span style=\"color: #0000ff;\"><a style=\"color: #0000ff;\" href=\"https:\/\/vimaterial.de\/it\/product\/ossido-di-olmio-2\/\">ossido di olmio<\/a><\/span> \u00e8 una struttura di tipo ossido di scandio isotropo cristallina giallo chiaro, insolubile in acqua ma solubile in acido con un alto punto di fusione, e l&#8217;ossido di disprosio \u00e8 un composto dell&#8217;elemento delle terre rare olmio, noto per essere un elemento paramagnetico molto forte, e dell&#8217;elemento ossigeno.<\/p>\n<p>VIMATERIAL supporta la personalizzazione del prodotto, <span style=\"color: #0000ff;\"><a style=\"color: #0000ff;\" href=\"https:\/\/vimaterial.de\/it\/contatto\/\">contattaci.<\/a><\/span><\/p>\n","protected":false},"featured_media":1034378,"comment_status":"open","ping_status":"closed","template":"","meta":{"_acf_changed":false},"product_brand":[],"product_cat":[205,203],"product_tag":[],"class_list":{"0":"post-1029363","1":"product","2":"type-product","3":"status-publish","4":"has-post-thumbnail","6":"product_cat-materiali-ossidi-idrossidi","7":"product_cat-materiali-per-terre-rare","9":"first","10":"instock","11":"shipping-taxable","12":"purchasable","13":"product-type-variable"},"acf":[],"_links":{"self":[{"href":"https:\/\/vimaterial.de\/it\/wp-json\/wp\/v2\/product\/1029363","targetHints":{"allow":["GET"]}}],"collection":[{"href":"https:\/\/vimaterial.de\/it\/wp-json\/wp\/v2\/product"}],"about":[{"href":"https:\/\/vimaterial.de\/it\/wp-json\/wp\/v2\/types\/product"}],"replies":[{"embeddable":true,"href":"https:\/\/vimaterial.de\/it\/wp-json\/wp\/v2\/comments?post=1029363"}],"wp:featuredmedia":[{"embeddable":true,"href":"https:\/\/vimaterial.de\/it\/wp-json\/wp\/v2\/media\/1034378"}],"wp:attachment":[{"href":"https:\/\/vimaterial.de\/it\/wp-json\/wp\/v2\/media?parent=1029363"}],"wp:term":[{"taxonomy":"product_brand","embeddable":true,"href":"https:\/\/vimaterial.de\/it\/wp-json\/wp\/v2\/product_brand?post=1029363"},{"taxonomy":"product_cat","embeddable":true,"href":"https:\/\/vimaterial.de\/it\/wp-json\/wp\/v2\/product_cat?post=1029363"},{"taxonomy":"product_tag","embeddable":true,"href":"https:\/\/vimaterial.de\/it\/wp-json\/wp\/v2\/product_tag?post=1029363"}],"curies":[{"name":"wp","href":"https:\/\/api.w.org\/{rel}","templated":true}]}}