{"id":1029338,"date":"2024-06-17T16:16:12","date_gmt":"2024-06-17T08:16:12","guid":{"rendered":"https:\/\/vimaterial.de\/product\/ossido-di-olmio\/"},"modified":"2025-06-27T14:23:36","modified_gmt":"2025-06-27T06:23:36","slug":"ossido-di-olmio","status":"publish","type":"product","link":"https:\/\/vimaterial.de\/it\/product\/ossido-di-olmio\/","title":{"rendered":"Ossido di Olmio"},"content":{"rendered":"<p><strong><span style=\"color: #0000ff;\"><a style=\"color: #0000ff;\" href=\"https:\/\/vimaterial.de\/it\/product\/ossido-di-olmio-2\/\">L&#8217;obiettivo<\/a><\/span> di sputtering dell&#8217;ossido di olmio<\/strong> \u00e8 un tipo di materiale chiave utilizzato nello sputtering del magnetron e in altre tecnologie di rivestimento, che \u00e8 fatto di ossido di olmio come ingrediente principale attraverso una speciale tecnologia di lavorazione per depositare il film sottile di ossido di olmio sul substrato ed \u00e8 ampiamente utilizzato nei campi dell&#8217;ottica, dell&#8217;elettronica, della nuova energia e di altri materiali chiave.<\/p>\n<p>VIMATERIAL supporta la personalizzazione e la ricerca del prodotto, <span style=\"color: #0000ff;\"><a style=\"color: #0000ff;\" href=\"https:\/\/vimaterial.de\/it\/contatto\/\">contattaci<\/a> <\/span>se ne hai bisogno.<\/p>\n<h2><span style=\"font-size: 14pt;\">Caratteristica dell&#8217;ossido di olmio<\/span><\/h2>\n<p>Formula molecolare: Ho\u2082O\u2083<\/p>\n<p>Peso molecolare: circa 377,86 g\/mol<\/p>\n<p>Aspetto: ceramica grumosa da giallo chiaro a marrone giallastro con superficie liscia e densa.<\/p>\n<p>Densit\u00e0: 8,36 g\/cm\u00b3 a temperatura ambiente, materiale ceramico ad alta densit\u00e0.<\/p>\n<p>Punto di fusione: circa 2415\u00b0C<\/p>\n<p>Punto di ebollizione: circa 3900\u00b0C, la volatilizzazione allo stato liquido ad alta temperatura \u00e8 lenta.<\/p>\n<p>Struttura cristallina: struttura cubica del tipo Sc\u2082O\u2083 (struttura difettosa della fluorite) a temperatura ambiente, gruppo spaziale Ia3, costante reticolare circa 1,06 nm.<\/p>\n<p>Stabilit\u00e0 chimica: a temperatura e pressione normali, ha una buona stabilit\u00e0 chimica e non \u00e8 facile reagire con l&#8217;ossigeno e l&#8217;umidit\u00e0 nell&#8217;aria.<\/p>\n<p>Buona formazione del film: nel processo di sputtering, si pu\u00f2 formare un film uniforme e denso, dovuto alla buona adesione e coesione degli atomi di ossido di <strong>olmio<\/strong> dopo lo sputtering, e pu\u00f2 formare rapidamente una struttura del film stabile sulla superficie del substrato. Questa buona formazione del film \u00e8 molto importante per la preparazione di dispositivi a film sottile di alta qualit\u00e0 per l&#8217;ottica e l&#8217;elettronica.<\/p>\n<h2><span style=\"font-size: 14pt;\"><strong>Applicazioni dell&#8217;ossido di olmio<\/strong><\/span><\/h2>\n<p>Materiali laser: pu\u00f2 essere utilizzato come drogante per materiali laser per la fabbricazione di laser a stato solido. Sputtering di un sottile film di ossido di olmio, \u00e8 possibile formare uno strato di drogante uniforme su un materiale di substrato come un cristallo laser o un vetro, migliorando cos\u00ec le prestazioni e l&#8217;efficienza del laser.<\/p>\n<p>Rivestimenti ottici: rivestimenti utilizzati per lenti ottiche, finestre ottiche e altri componenti ottici per migliorarne le propriet\u00e0 ottiche.<\/p>\n<p>Archiviazione ottica: <strong>i bersagli sputtering di ossido di olmio<\/strong> vengono utilizzati per preparare supporti di memorizzazione ottica nel campo della memorizzazione ottica.<\/p>\n<p>Produzione di semiconduttori:<strong> i bersagli sputtering di ossido di olmio<\/strong> vengono utilizzati per preparare strutture a film sottile per dispositivi a semiconduttore durante la produzione di semiconduttori.<\/p>\n<h2><span style=\"font-size: 14pt;\">Controllo qualit\u00e0<\/span><\/h2>\n<p><span style=\"color: #0000ff;\"><a style=\"color: #0000ff;\" href=\"https:\/\/vimaterial.de\/it\/controllo-qualita\/\">Ogni lotto<\/a> <\/span>di prodotti \u00e8 soggetto a un rigoroso sistema di controllo della qualit\u00e0, che viene gestito attraverso l&#8217;intero processo dalla ricerca e sviluppo, alla produzione al trasporto e al servizio clienti, e segue rigorosamente l&#8217;8D procedura di risoluzione dei problemi per indagare le deviazioni e rispettare pienamente i requisiti dell&#8217;Unione Europea, garantendo la fornitura di prodotti e servizi di alta qualit\u00e0.<\/p>\n<h2><span style=\"font-size: 14pt;\">Imballaggio e stoccaggio<\/span><\/h2>\n<p>I prodotti sono confezionati sottovuoto e protetti da apposite scatole durante il trasporto per garantire un trasporto sicuro.<\/p>\n<p><strong>I bersagli all&#8217;ossido di olmio<\/strong> devono essere sigillati e conservati in un ambiente asciutto e fresco, evitando il contatto con aria, umidit\u00e0 e sostanze corrosive, con la temperatura controllata a temperatura ambiente e l&#8217;umidit\u00e0 \u2264 il 40% di umidit\u00e0 relativa per prevenire il deterioramento ossidativo.<\/p>\n","protected":false},"excerpt":{"rendered":"<p><strong><span style=\"color: #0000ff;\"><a style=\"color: #0000ff;\" href=\"https:\/\/vimaterial.de\/it\/product\/ossido-di-olmio-2\/\">L&#8217;obiettivo<\/a><\/span> di sputtering dell&#8217;ossido di olmio<\/strong> \u00e8 un tipo di materiale chiave utilizzato nello sputtering del magnetron e in altre tecnologie di rivestimento, che \u00e8 fatto di ossido di olmio come ingrediente principale attraverso una speciale tecnologia di lavorazione per depositare il film sottile di ossido di olmio sul substrato ed \u00e8 ampiamente utilizzato nei campi dell&#8217;ottica, dell&#8217;elettronica, della nuova energia e di altri materiali chiave.<\/p>\n<p>VIMATERIAL supporta la personalizzazione e la ricerca del prodotto, <span style=\"color: #0000ff;\"><a style=\"color: #0000ff;\" href=\"https:\/\/vimaterial.de\/it\/contatto\/\">contattaci<\/a> <\/span>se ne hai bisogno.<\/p>\n","protected":false},"featured_media":1034383,"comment_status":"open","ping_status":"closed","template":"","meta":{"_acf_changed":false},"product_brand":[],"product_cat":[197],"product_tag":[],"class_list":{"0":"post-1029338","1":"product","2":"type-product","3":"status-publish","4":"has-post-thumbnail","6":"product_cat-obiettivi-di-sputtering-planari","8":"first","9":"instock","10":"shipping-taxable","11":"product-type-variable"},"acf":[],"_links":{"self":[{"href":"https:\/\/vimaterial.de\/it\/wp-json\/wp\/v2\/product\/1029338","targetHints":{"allow":["GET"]}}],"collection":[{"href":"https:\/\/vimaterial.de\/it\/wp-json\/wp\/v2\/product"}],"about":[{"href":"https:\/\/vimaterial.de\/it\/wp-json\/wp\/v2\/types\/product"}],"replies":[{"embeddable":true,"href":"https:\/\/vimaterial.de\/it\/wp-json\/wp\/v2\/comments?post=1029338"}],"wp:featuredmedia":[{"embeddable":true,"href":"https:\/\/vimaterial.de\/it\/wp-json\/wp\/v2\/media\/1034383"}],"wp:attachment":[{"href":"https:\/\/vimaterial.de\/it\/wp-json\/wp\/v2\/media?parent=1029338"}],"wp:term":[{"taxonomy":"product_brand","embeddable":true,"href":"https:\/\/vimaterial.de\/it\/wp-json\/wp\/v2\/product_brand?post=1029338"},{"taxonomy":"product_cat","embeddable":true,"href":"https:\/\/vimaterial.de\/it\/wp-json\/wp\/v2\/product_cat?post=1029338"},{"taxonomy":"product_tag","embeddable":true,"href":"https:\/\/vimaterial.de\/it\/wp-json\/wp\/v2\/product_tag?post=1029338"}],"curies":[{"name":"wp","href":"https:\/\/api.w.org\/{rel}","templated":true}]}}