{"id":1029317,"date":"2024-06-17T16:16:12","date_gmt":"2024-06-17T08:16:12","guid":{"rendered":"https:\/\/vimaterial.de\/product\/solfuro-di-olmio\/"},"modified":"2025-07-03T16:36:01","modified_gmt":"2025-07-03T08:36:01","slug":"solfuro-di-olmio","status":"publish","type":"product","link":"https:\/\/vimaterial.de\/it\/product\/solfuro-di-olmio\/","title":{"rendered":"Solfuro di Olmio"},"content":{"rendered":"<p>La polvere di <span style=\"color: #0000ff;\"><a style=\"color: #0000ff;\" href=\"https:\/\/vimaterial.de\/it\/product\/solfuro-di-tulio\/\"><strong>solfuro di olmio <\/strong><\/a><\/span>\u00e8 una polvere di composto inorganico composta dagli elementi olmio e zolfo, con un aspetto giallo o di altro colore e propriet\u00e0 chimiche e fisiche specifiche, che \u00e8 di valore di ricerca nel campo della scienza dei materiali e della ricerca chimica.<\/p>\n<p>VIMATERIL supporta la personalizzazione e lo sviluppo del prodotto, <span style=\"color: #0000ff;\"><a style=\"color: #0000ff;\" href=\"https:\/\/vimaterial.de\/it\/contatto\/\">contattaci.<\/a><\/span><\/p>\n<h2><span style=\"font-size: 14pt;\">Propriet\u00e0 del solfuro di olmio<\/span><\/h2>\n<p>Formula molecolare: Ho\u2082S\u2083<\/p>\n<p>Peso molecolare: circa 426,17 g\/mol<\/p>\n<p>Aspetto: polvere nera brunastra<\/p>\n<p>Stabilit\u00e0 chimica: la polvere di solfuro di olmio ha una buona stabilit\u00e0 chimica a temperatura e pressione ambiente e in un ambiente inerte e non \u00e8 facile da reagire con acidi e basi comuni.<\/p>\n<p>Propriet\u00e0 ottiche: Sulla base delle caratteristiche comuni dei solfuri di terre rare, la polvere di Ho\u2082S\u2083 ha ampie propriet\u00e0 di assorbimento spettrale e trasmissione a infrarossi, preziose per applicazioni in materiali ottici a infrarossi e materiali per substrati fluorescenti.<\/p>\n<h2><span style=\"font-size: 14pt;\">Applicazioni del solfuro di olmio<\/span><\/h2>\n<p>Esplorazione della ricerca scientifica: come materiale di ricerca all&#8217;avanguardia, \u00e8 ampiamente utilizzato nei laboratori multidisciplinari di chimica, fisica, scienza dei materiali, ecc., fornendo campioni importanti per lo studio della struttura cristallina, delle propriet\u00e0 elettroniche e del meccanismo di reazione chimica dei solfuri delle terre rare.<\/p>\n<p>Sviluppo di materiali ottici: come substrati di materiali ottici a infrarossi o supporti di materiali luminescenti, possono essere utilizzati per preparare materiali per finestre a infrarossi ad alte prestazioni, rivelatori a infrarossi o dispositivi di visualizzazione fluorescenti mediante drogaggio e modifica, e per promuovere l&#8217;innovazione tecnologica nel campo dei materiali ottici.<\/p>\n<h2><span style=\"font-size: 14pt;\">Controllo qualit\u00e0<\/span><\/h2>\n<p><span style=\"color: #0000ff;\"><a style=\"color: #0000ff;\" href=\"https:\/\/vimaterial.de\/it\/controllo-qualita\/\">Ogni lotto<\/a> <\/span>di prodotti Implementiamo un rigoroso sistema di qualit\u00e0, con un rigoroso processo di ispezione delle materie prime per garantire la coerenza dei materiali in entrata, un processo completo per l&#8217;isolamento e il trattamento dei prodotti difettosi per garantire che nessun prodotto difettoso confluisca nel processo successivo e rigorosi standard di ispezione della fabbrica per i prodotti finiti per garantire la coerenza della qualit\u00e0 dei prodotti spediti fuori dalla fabbrica.<\/p>\n<p>Ci sono registri completi di ispezione della produzione nell&#8217;intero processo di produzione, che possono realizzare la tracciabilit\u00e0 dell&#8217;intero processo dei prodotti. Supportiamo inoltre i clienti nella presentazione di requisiti di ispezione di terze parti.<\/p>\n<h2><span style=\"font-size: 14pt;\">Imballaggio e stoccaggio<\/span><\/h2>\n<p>La polvere di <strong>solfuro di olmio<\/strong> viene imbottigliata e poi insaccata sottovuoto e collocata in cartoni personalizzati per garantire un trasporto sicuro.<\/p>\n<p>La polvere di <strong>solfuro di olmio<\/strong> viene conservata in un ambiente fresco, asciutto e ben ventilato, lontano dal fuoco e dagli ossidanti.<\/p>\n","protected":false},"excerpt":{"rendered":"<p>La polvere di <span style=\"color: #0000ff;\"><a style=\"color: #0000ff;\" href=\"https:\/\/vimaterial.de\/it\/product\/solfuro-di-tulio\/\"><strong>solfuro di olmio <\/strong><\/a><\/span>\u00e8 una polvere di composto inorganico composta dagli elementi olmio e zolfo, con un aspetto giallo o di altro colore e propriet\u00e0 chimiche e fisiche specifiche, che \u00e8 di valore di ricerca nel campo della scienza dei materiali e della ricerca chimica.<\/p>\n<p>VIMATERIL supporta la personalizzazione e lo sviluppo del prodotto, <span style=\"color: #0000ff;\"><a style=\"color: #0000ff;\" href=\"https:\/\/vimaterial.de\/it\/contatto\/\">contattaci.<\/a><\/span><\/p>\n","protected":false},"featured_media":1034388,"comment_status":"open","ping_status":"closed","template":"","meta":{"_acf_changed":false},"product_brand":[],"product_cat":[203],"product_tag":[],"class_list":{"0":"post-1029317","1":"product","2":"type-product","3":"status-publish","4":"has-post-thumbnail","6":"product_cat-materiali-per-terre-rare","8":"first","9":"instock","10":"shipping-taxable","11":"purchasable","12":"product-type-variable"},"acf":[],"_links":{"self":[{"href":"https:\/\/vimaterial.de\/it\/wp-json\/wp\/v2\/product\/1029317","targetHints":{"allow":["GET"]}}],"collection":[{"href":"https:\/\/vimaterial.de\/it\/wp-json\/wp\/v2\/product"}],"about":[{"href":"https:\/\/vimaterial.de\/it\/wp-json\/wp\/v2\/types\/product"}],"replies":[{"embeddable":true,"href":"https:\/\/vimaterial.de\/it\/wp-json\/wp\/v2\/comments?post=1029317"}],"wp:featuredmedia":[{"embeddable":true,"href":"https:\/\/vimaterial.de\/it\/wp-json\/wp\/v2\/media\/1034388"}],"wp:attachment":[{"href":"https:\/\/vimaterial.de\/it\/wp-json\/wp\/v2\/media?parent=1029317"}],"wp:term":[{"taxonomy":"product_brand","embeddable":true,"href":"https:\/\/vimaterial.de\/it\/wp-json\/wp\/v2\/product_brand?post=1029317"},{"taxonomy":"product_cat","embeddable":true,"href":"https:\/\/vimaterial.de\/it\/wp-json\/wp\/v2\/product_cat?post=1029317"},{"taxonomy":"product_tag","embeddable":true,"href":"https:\/\/vimaterial.de\/it\/wp-json\/wp\/v2\/product_tag?post=1029317"}],"curies":[{"name":"wp","href":"https:\/\/api.w.org\/{rel}","templated":true}]}}