{"id":1029309,"date":"2024-06-17T16:16:12","date_gmt":"2024-06-17T08:16:12","guid":{"rendered":"https:\/\/vimaterial.de\/product\/fluoruro-di-olmio-dfm-2\/"},"modified":"2025-07-03T17:47:47","modified_gmt":"2025-07-03T09:47:47","slug":"fluoruro-di-olmio-dfm-2","status":"publish","type":"product","link":"https:\/\/vimaterial.de\/it\/product\/fluoruro-di-olmio-dfm-2\/","title":{"rendered":"Fluoruro di olmio (DFM)"},"content":{"rendered":"<p>La polvere di <span style=\"color: #0000ff;\"><a style=\"color: #0000ff;\" href=\"https:\/\/vimaterial.de\/it\/product\/fluoruro-di-olmio-dfm\/\"><strong>fluoruro di olmio<\/strong> <\/a><\/span>\u00e8 un materiale inorganico da bianco a giallo chiaro con eccellenti propriet\u00e0 ottiche e magnetiche, ampiamente utilizzato in vetro di terre rare, cristalli laser, rivestimenti ottici e materiali magnetici.<\/p>\n<p>VIMATERIAL supporta la personalizzazione, <span style=\"color: #0000ff;\"><a style=\"color: #0000ff;\" href=\"https:\/\/vimaterial.de\/it\/contatto\/\">contattaci<\/a><\/span>.<\/p>\n<h2><span style=\"font-size: 14pt;\">Propriet\u00e0 del fluoruro di olmio<\/span><\/h2>\n<p>Formula molecolare: HoF\u2083<\/p>\n<p>Peso molecolare: 221,93 g\/mol<\/p>\n<p>N. CAS: 13760-78-6<\/p>\n<p>Aspetto: polvere da bianca a giallo chiaro<\/p>\n<p>Densit\u00e0: circa 7,64 g\/cm\u00b3<\/p>\n<p>Punto di fusione: 1143\u00b0C<\/p>\n<p>Punto di ebollizione: circa 2200\u00b0C (pu\u00f2 decomporsi ad alta temperatura)<\/p>\n<p>Struttura cristallina: Sistema cristallino esagonale<\/p>\n<p>Solubilit\u00e0: insolubile in acqua, solubile in acido concentrato caldo<\/p>\n<h2><span style=\"font-size: 14pt;\">Applicazioni del fluoruro di olmio<\/span><\/h2>\n<p>Rivestimento ottico: il <strong>fluoruro di olmio<\/strong> pu\u00f2 essere utilizzato nella preparazione di pellicole ottiche per migliorare le prestazioni dei componenti ottici, come migliorare la riflettivit\u00e0 e la trasmittanza, ecc. Viene utilizzato negli strumenti ottici e nelle lenti degli occhiali.<\/p>\n<p>Drogaggio della fibra ottica: il <strong>fluoruro di olmio<\/strong> pu\u00f2 essere drogato in fibra ottica per migliorare le prestazioni ottiche della fibra ottica, come il miglioramento della capacit\u00e0 di trasmissione dei segnali ottici e la capacit\u00e0 anti-interferenza, che \u00e8 di grande importanza per lo sviluppo della rete di comunicazione ad alta velocit\u00e0.<\/p>\n<p>Cristalli laser: i cristalli laser drogati con olmio possono essere utilizzati come droganti per la produzione di cristalli laser, come i cristalli laser drogati con olmio possono essere utilizzati nella tecnologia laser, che ha una vasta gamma di applicazioni nel campo della lavorazione medica e industriale.<\/p>\n<p>Materiale semiconduttore: pu\u00f2 essere utilizzato come drogante per materiali semiconduttori per modificare le propriet\u00e0 elettriche dei semiconduttori e viene utilizzato nella produzione di apparecchiature elettroniche.<\/p>\n<h2><span style=\"font-size: 14pt;\">Controllo qualit\u00e0<\/span><\/h2>\n<p><span style=\"color: #0000ff;\"><a style=\"color: #0000ff;\" href=\"https:\/\/vimaterial.de\/it\/controllo-qualita\/\">VIMATERIAL<\/a><\/span> esegue rigorosamente l&#8217;intero sistema di controllo della qualit\u00e0 del processo, aderisce al principio di rilavorazione e ripetizione per i prodotti difettosi e ogni lotto di prodotti supera il test dettagliato delle specifiche prima del rilascio. Rispettiamo pienamente le normative REACH e gli standard ASTM per garantire la coerenza dei lotti e stabiliamo un sistema completo di tracciabilit\u00e0 dei documenti per costruire una catena di approvvigionamento responsabile.<\/p>\n<h2><span style=\"font-size: 14pt;\">Imballaggio e stoccaggio<\/span><\/h2>\n<p>La polvere di <strong>fluoruro di olmio<\/strong> \u00e8 confezionata in flaconi sottovuoto a doppio strato, la capacit\u00e0 pu\u00f2 essere personalizzata in base alle esigenze del cliente e il pacchetto completo \u00e8 collocato in cartoni personalizzati per garantire un trasporto sicuro.<\/p>\n<p>La polvere di <strong>fluoruro di olmio<\/strong> deve essere rigorosamente sigillata, protetta dalla luce e conservata in un ambiente asciutto per prevenire l&#8217;assorbimento e l&#8217;ossidazione dell&#8217;umidit\u00e0.<\/p>\n","protected":false},"excerpt":{"rendered":"<p><span style=\"color: #0000ff;\"><a style=\"color: #0000ff;\" href=\"https:\/\/vimaterial.de\/it\/product\/fluoruro-di-olmio-dfm\/\"><strong>Fluoruro di olmio<\/strong> <\/a><\/span>La polvere \u00e8 un materiale inorganico dal bianco al giallo chiaro con eccellenti propriet\u00e0 ottiche e magnetiche, ampiamente utilizzato nel vetro delle terre rare, nei cristalli laser, nel rivestimento ottico e nei materiali magnetici.<\/p>\n<p>VIMATERIAL supporta la personalizzazione, <span style=\"color: #0000ff;\"><a style=\"color: #0000ff;\" href=\"https:\/\/vimaterial.de\/it\/contatto\/\">contattaci<\/a><\/span>.<\/p>\n","protected":false},"featured_media":1034403,"comment_status":"open","ping_status":"closed","template":"","meta":{"_acf_changed":false},"product_brand":[],"product_cat":[203],"product_tag":[],"class_list":{"0":"post-1029309","1":"product","2":"type-product","3":"status-publish","4":"has-post-thumbnail","6":"product_cat-materiali-per-terre-rare","8":"first","9":"instock","10":"shipping-taxable","11":"purchasable","12":"product-type-variable"},"acf":[],"_links":{"self":[{"href":"https:\/\/vimaterial.de\/it\/wp-json\/wp\/v2\/product\/1029309","targetHints":{"allow":["GET"]}}],"collection":[{"href":"https:\/\/vimaterial.de\/it\/wp-json\/wp\/v2\/product"}],"about":[{"href":"https:\/\/vimaterial.de\/it\/wp-json\/wp\/v2\/types\/product"}],"replies":[{"embeddable":true,"href":"https:\/\/vimaterial.de\/it\/wp-json\/wp\/v2\/comments?post=1029309"}],"wp:featuredmedia":[{"embeddable":true,"href":"https:\/\/vimaterial.de\/it\/wp-json\/wp\/v2\/media\/1034403"}],"wp:attachment":[{"href":"https:\/\/vimaterial.de\/it\/wp-json\/wp\/v2\/media?parent=1029309"}],"wp:term":[{"taxonomy":"product_brand","embeddable":true,"href":"https:\/\/vimaterial.de\/it\/wp-json\/wp\/v2\/product_brand?post=1029309"},{"taxonomy":"product_cat","embeddable":true,"href":"https:\/\/vimaterial.de\/it\/wp-json\/wp\/v2\/product_cat?post=1029309"},{"taxonomy":"product_tag","embeddable":true,"href":"https:\/\/vimaterial.de\/it\/wp-json\/wp\/v2\/product_tag?post=1029309"}],"curies":[{"name":"wp","href":"https:\/\/api.w.org\/{rel}","templated":true}]}}