{"id":1029301,"date":"2024-06-17T16:16:12","date_gmt":"2024-06-17T08:16:12","guid":{"rendered":"https:\/\/vimaterial.de\/product\/fluoruro-di-olmio-dfm\/"},"modified":"2025-07-03T17:20:03","modified_gmt":"2025-07-03T09:20:03","slug":"fluoruro-di-olmio-dfm","status":"publish","type":"product","link":"https:\/\/vimaterial.de\/it\/product\/fluoruro-di-olmio-dfm\/","title":{"rendered":"Fluoruro di olmio (DFM)"},"content":{"rendered":"<p>I granuli di <span style=\"color: #0000ff;\"><a style=\"color: #0000ff;\" href=\"https:\/\/vimaterial.de\/it\/product\/fluoruro-di-olmio-dfm-2\/\"><strong>fluoruro di olmio<\/strong> <\/a><\/span>(DFM) sono un tipo di particelle di fluoruro di terre rare sotto forma di solido giallo, con tipi di cristalli esagonali e ortorombici, alta densit\u00e0, punto di fusione di 1143 \u00b0C, punto di ebollizione di 2200 \u00b0C, insolubili in acqua e acido diluito, stabili a temperatura ambiente e pressione normale e possono essere utilizzati nei campi dei rivestimenti ottici, drogaggio di fibre ottiche, cristalli laser, ecc.<\/p>\n<p>VIMATERIAL accetta la personalizzazione e lo sviluppo del prodotto, <span style=\"color: #0000ff;\"><a style=\"color: #0000ff;\" href=\"https:\/\/vimaterial.de\/it\/contatto\/\">contattaci<\/a><\/span>.<\/p>\n<h2><span style=\"font-size: 14pt;\">Propriet\u00e0 del fluoruro di olmio<\/span><\/h2>\n<p>Formula molecolare : HoF\u2083<\/p>\n<p>Peso molecolare: 221,93 g\/mol<\/p>\n<p>Aspetto: particelle da bianche a giallo chiaro<\/p>\n<p>Densit\u00e0: circa 7,64 g\/cm\u00b3<\/p>\n<p>Punto di fusione: circa 1143\u00b0C<\/p>\n<p>Struttura cristallina: Sistema cristallino esagonale (gruppo spaziale: P6\u2083\/cm)<\/p>\n<p>Solubilit\u00e0: insolubile in acqua, solubile in acidi forti<\/p>\n<h2><span style=\"font-size: 14pt;\">Applicazione del fluoruro di olmio<\/span><\/h2>\n<p>Rivestimento ottico: il <strong>fluoruro di olmio<\/strong> pu\u00f2 essere utilizzato nella preparazione di pellicole ottiche, che possono migliorare le prestazioni dei componenti ottici, come l&#8217;aumento della riflettivit\u00e0 e della trasmittanza, ecc. Viene utilizzato negli strumenti ottici e nelle lenti degli occhiali.<\/p>\n<p>Drogaggio delle fibre ottiche: il <strong>fluoruro di olmio<\/strong> pu\u00f2 essere utilizzato per migliorare le propriet\u00e0 ottiche delle fibre ottiche, come il miglioramento della trasmissione dei segnali ottici e della capacit\u00e0 anti-interferenza, che \u00e8 di grande importanza per lo sviluppo di reti di comunicazione ad alta velocit\u00e0.<\/p>\n<p>Cristalli laser: il <strong>fluoruro di olmio<\/strong> \u00e8 un drogante per cristalli laser, come i cristalli laser drogati con olmio, che possono essere utilizzati nella tecnologia laser e hanno una vasta gamma di applicazioni nei campi di lavorazione medica e industriale.<\/p>\n<p>Materiali semiconduttori: il <strong>fluoruro di olmio<\/strong> pu\u00f2 essere utilizzato come drogante nei materiali semiconduttori per modificare le propriet\u00e0 elettriche dei semiconduttori, che possono essere utilizzati nella produzione di dispositivi elettronici.<\/p>\n<h2><span style=\"font-size: 14pt;\">Controllo qualit\u00e0<\/span><\/h2>\n<p><span style=\"color: #0000ff;\"><a style=\"color: #0000ff;\" href=\"https:\/\/vimaterial.de\/it\/controllo-qualita\/\">Ogni lotto<\/a> <\/span>di prodotti segue un rigoroso processo di controllo della qualit\u00e0, l&#8217;intero processo pu\u00f2 essere realizzato in tutta la tracciabilit\u00e0, i prodotti dalle materie prime ai prodotti finiti, vengono utilizzati in test di ispezione di qualit\u00e0 multistrato, garantiscono rigorosamente la qualit\u00e0 e la consistenza dei prodotti.<\/p>\n<h2><span style=\"font-size: 14pt;\">Imballaggio e stoccaggio<\/span><\/h2>\n<p>I granuli di <strong>fluoruro di olmio<\/strong> sono confezionati in flaconi a doppio vuoto e collocati in cartoni speciali per un trasporto sicuro. La capacit\u00e0 pu\u00f2 essere erogata in base alle esigenze del cliente.<\/p>\n<p>I granuli di <strong>fluoruro di olmio<\/strong> devono essere sigillati e conservati in un ambiente asciutto per evitare umidit\u00e0 e ossidazione, si consiglia il confezionamento sottovuoto, si prega di confezionare sottovuoto subito dopo l&#8217;uso.<\/p>\n","protected":false},"excerpt":{"rendered":"<p>I granuli di <span style=\"color: #0000ff;\"><a style=\"color: #0000ff;\" href=\"https:\/\/vimaterial.de\/it\/product\/fluoruro-di-olmio-dfm-2\/\"><strong>fluoruro di olmio<\/strong> <\/a><\/span>(DFM) sono un tipo di particelle di fluoruro di terre rare sotto forma di solido giallo, con tipi di cristalli esagonali e ortorombici, alta densit\u00e0, punto di fusione di 1143 \u00b0C, punto di ebollizione di 2200 \u00b0C, insolubili in acqua e acido diluito, stabili a temperatura ambiente e pressione normale e possono essere utilizzati nei campi dei rivestimenti ottici, drogaggio di fibre ottiche, cristalli laser, ecc.<\/p>\n<p>VIMATERIAL accetta la personalizzazione e lo sviluppo del prodotto, <span style=\"color: #0000ff;\"><a style=\"color: #0000ff;\" href=\"https:\/\/vimaterial.de\/it\/contatto\/\">contattaci<\/a><\/span>.<\/p>\n","protected":false},"featured_media":1034398,"comment_status":"open","ping_status":"closed","template":"","meta":{"_acf_changed":false},"product_brand":[],"product_cat":[198],"product_tag":[],"class_list":{"0":"post-1029301","1":"product","2":"type-product","3":"status-publish","4":"has-post-thumbnail","6":"product_cat-materiali-per-levaporazione","8":"first","9":"instock","10":"shipping-taxable","11":"product-type-variable"},"acf":[],"_links":{"self":[{"href":"https:\/\/vimaterial.de\/it\/wp-json\/wp\/v2\/product\/1029301","targetHints":{"allow":["GET"]}}],"collection":[{"href":"https:\/\/vimaterial.de\/it\/wp-json\/wp\/v2\/product"}],"about":[{"href":"https:\/\/vimaterial.de\/it\/wp-json\/wp\/v2\/types\/product"}],"replies":[{"embeddable":true,"href":"https:\/\/vimaterial.de\/it\/wp-json\/wp\/v2\/comments?post=1029301"}],"wp:featuredmedia":[{"embeddable":true,"href":"https:\/\/vimaterial.de\/it\/wp-json\/wp\/v2\/media\/1034398"}],"wp:attachment":[{"href":"https:\/\/vimaterial.de\/it\/wp-json\/wp\/v2\/media?parent=1029301"}],"wp:term":[{"taxonomy":"product_brand","embeddable":true,"href":"https:\/\/vimaterial.de\/it\/wp-json\/wp\/v2\/product_brand?post=1029301"},{"taxonomy":"product_cat","embeddable":true,"href":"https:\/\/vimaterial.de\/it\/wp-json\/wp\/v2\/product_cat?post=1029301"},{"taxonomy":"product_tag","embeddable":true,"href":"https:\/\/vimaterial.de\/it\/wp-json\/wp\/v2\/product_tag?post=1029301"}],"curies":[{"name":"wp","href":"https:\/\/api.w.org\/{rel}","templated":true}]}}