{"id":1029288,"date":"2024-06-17T16:16:13","date_gmt":"2024-06-17T08:16:13","guid":{"rendered":"https:\/\/vimaterial.de\/product\/fosfato-di-olmio\/"},"modified":"2025-06-17T17:31:35","modified_gmt":"2025-06-17T09:31:35","slug":"fosfato-di-olmio","status":"publish","type":"product","link":"https:\/\/vimaterial.de\/it\/product\/fosfato-di-olmio\/","title":{"rendered":"Fosfato di olmio"},"content":{"rendered":"<p>La polvere di <strong>fosfato di olmio<\/strong> \u00e8 un composto di terre rare formato dalla combinazione di olmio e fosfato, solitamente in polvere, con potenziali applicazioni nella scienza dei materiali, nella catalisi e in altri campi.<\/p>\n<p>VIMATERIAL <strong>Holmium Phosphat<\/strong>e Powder ha un&#8217;elevata purezza, basse impurit\u00e0 e rapporti completi di ispezione del prodotto, vieni a <span style=\"color: #0000ff;\"><a style=\"color: #0000ff;\" href=\"https:\/\/vimaterial.de\/it\/contatto\/\">contattarci<\/a><\/span> per ottenere i rapporti pertinenti.<\/p>\n<h2><span style=\"font-size: 14pt;\">Caratteristiche del fosfato di olmio<\/span><\/h2>\n<p>Formula chimica: HoPO\u2084<\/p>\n<p>Peso molecolare: 259,90<\/p>\n<p>Aspetto: polvere cristallina da bianca a biancastra, stabile all&#8217;aria.<\/p>\n<p>Densit\u00e0: circa 5,3 g\/cm\u00b3<\/p>\n<p>Punto di fusione: circa 2070 \u00b0C (decomposizione)<\/p>\n<p>Struttura cristallina: Monoclino, gruppo spaziale P2\u2081\/n<\/p>\n<h2><span style=\"font-size: 14pt;\">Applicazioni del <\/span><span style=\"font-size: 14pt;\">fosfato di olmio<\/span><\/h2>\n<p>Materiali laser: gli ioni olmio hanno importanti applicazioni nel campo dei laser. Pu\u00f2 essere utilizzato come matrice o drogante nei materiali laser per la fabbricazione di laser a stato solido.<\/p>\n<p>Materiali luminescenti: a causa della speciale struttura elettronica degli ioni olmio, possono emettere specifiche lunghezze d&#8217;onda della luce quando eccitati e quindi possono essere utilizzati come materiali luminescenti.<\/p>\n<p>Materiali magnetici: pu\u00f2 essere utilizzato per la preparazione di materiali magnetici. Gli ioni olmio hanno determinate propriet\u00e0 magnetiche a causa dei loro elettroni spaiati. Nella preparazione di alcuni materiali magnetici, il <strong>fosfato di olmio<\/strong> pu\u00f2 essere utilizzato come fonte di ioni magnetici per conferire propriet\u00e0 magnetiche ai materiali, che possono essere utilizzate nella memoria magnetica, nei sensori magnetici e in altri campi.<\/p>\n<h2><span style=\"font-size: 14pt;\">Controllo qualit\u00e0<\/span><\/h2>\n<p><span style=\"color: #0000ff;\"><a style=\"color: #0000ff;\" href=\"https:\/\/vimaterial.de\/it\/controllo-qualita\/\">VIMATERIAL<\/a> <\/span>costruisce una catena di approvvigionamento target socialmente responsabile attraverso l&#8217;intera catena triplo controllo di qualit\u00e0 (R&amp;D\/Produzione\/Consegna), l&#8217;obbligatorio 8D meccanismo di tracciabilit\u00e0 dei problemi e il sistema di doppia certificazione REACH-ASTM per garantire zero variazioni di lotto e tracciabilit\u00e0 dell&#8217;intero ciclo.<\/p>\n<h2><span style=\"font-size: 14pt;\">Imballaggio e stoccaggio<\/span><\/h2>\n<p>La polvere di <strong>fosfuro di olmio<\/strong> in piccola quantit\u00e0 \u00e8 confezionata in bottiglia seguita da un sacchetto sottovuoto e confezionata in cartone esterno. Grandi quantit\u00e0 vengono confezionate sottovuoto in sacchetti di alluminio e poste in apposite botti.<\/p>\n<p>La polvere di <strong>fosfuro di olmio<\/strong> deve essere conservata a una temperatura inferiore a 10-30\u00b0C, con un \u201cumidit\u00e0 \u226430% e confezionata sottovuoto nell\u201d ambiente per evitare la luce.<\/p>\n","protected":false},"excerpt":{"rendered":"<p>La polvere di <strong>fosfato di olmio<\/strong> \u00e8 un composto di terre rare formato dalla combinazione di olmio e fosfato, solitamente in polvere, con potenziali applicazioni nella scienza dei materiali, nella catalisi e in altri campi.<\/p>\n<p>VIMATERIAL <strong>Holmium Phosphat<\/strong>e Powder ha un&#8217;elevata purezza, basse impurit\u00e0 e rapporti completi di ispezione del prodotto, vieni a <span style=\"color: #0000ff;\"><a style=\"color: #0000ff;\" href=\"https:\/\/vimaterial.de\/it\/contatto\/\">contattarci<\/a><\/span> per ottenere i rapporti pertinenti.<\/p>\n","protected":false},"featured_media":1034408,"comment_status":"open","ping_status":"closed","template":"","meta":{"_acf_changed":false},"product_brand":[],"product_cat":[165],"product_tag":[],"class_list":{"0":"post-1029288","1":"product","2":"type-product","3":"status-publish","4":"has-post-thumbnail","6":"product_cat-senza-categoria","8":"first","9":"instock","10":"shipping-taxable","11":"product-type-variable"},"acf":[],"_links":{"self":[{"href":"https:\/\/vimaterial.de\/it\/wp-json\/wp\/v2\/product\/1029288","targetHints":{"allow":["GET"]}}],"collection":[{"href":"https:\/\/vimaterial.de\/it\/wp-json\/wp\/v2\/product"}],"about":[{"href":"https:\/\/vimaterial.de\/it\/wp-json\/wp\/v2\/types\/product"}],"replies":[{"embeddable":true,"href":"https:\/\/vimaterial.de\/it\/wp-json\/wp\/v2\/comments?post=1029288"}],"wp:featuredmedia":[{"embeddable":true,"href":"https:\/\/vimaterial.de\/it\/wp-json\/wp\/v2\/media\/1034408"}],"wp:attachment":[{"href":"https:\/\/vimaterial.de\/it\/wp-json\/wp\/v2\/media?parent=1029288"}],"wp:term":[{"taxonomy":"product_brand","embeddable":true,"href":"https:\/\/vimaterial.de\/it\/wp-json\/wp\/v2\/product_brand?post=1029288"},{"taxonomy":"product_cat","embeddable":true,"href":"https:\/\/vimaterial.de\/it\/wp-json\/wp\/v2\/product_cat?post=1029288"},{"taxonomy":"product_tag","embeddable":true,"href":"https:\/\/vimaterial.de\/it\/wp-json\/wp\/v2\/product_tag?post=1029288"}],"curies":[{"name":"wp","href":"https:\/\/api.w.org\/{rel}","templated":true}]}}