{"id":1029276,"date":"2024-06-17T16:16:13","date_gmt":"2024-06-17T08:16:13","guid":{"rendered":"https:\/\/vimaterial.de\/product\/erbio-metallico-5\/"},"modified":"2025-06-26T17:04:04","modified_gmt":"2025-06-26T09:04:04","slug":"erbio-metallico-5","status":"publish","type":"product","link":"https:\/\/vimaterial.de\/it\/product\/erbio-metallico-5\/","title":{"rendered":"Erbio metallico"},"content":{"rendered":"<p>La polvere di <span style=\"color: #0000ff;\"><a style=\"color: #0000ff;\" href=\"https:\/\/vimaterial.de\/it\/product\/erbio-metallico-4\/\">erbio metallico<\/a> <\/span>\u00e8 un grigio-nero, morbido, chimicamente attivo, facile da ossidare, il componente principale del materiale in polvere di erbio (Er), solitamente vuoto o imballaggio di gas inerte, pu\u00f2 essere trasformato in diverse dimensioni delle particelle, nella metallurgia delle polveri, nei catalizzatori petrolchimici, nell&#8217;ottica e in altre importanti applicazioni.<\/p>\n<p>Le polveri di erbio di VIMATERIAL sono caratterizzate da un&#8217;elevata purezza, da un controllo preciso delle dimensioni delle particelle (micron\/nano regolabile) e da un basso contenuto di impurit\u00e0, che ha portato a un eccellente feedback dei clienti sulla qualit\u00e0 delle polveri in uso.<span style=\"color: #0000ff;\"><a style=\"color: #0000ff;\" href=\"https:\/\/vimaterial.de\/it\/contatto\/\">contattaci.<\/a><\/span><\/p>\n<h2><span style=\"font-size: 14pt;\">Caratteristiche<\/span><\/h2>\n<p>Formula molecolare: Er<\/p>\n<p>Peso molecolare: 167,26<\/p>\n<p>Aspetto: polvere metallica grigio argento, facilmente ossidabile all&#8217;aria per produrre uno strato di ossido rosa chiaro.<\/p>\n<p>Densit\u00e0: 9,07 g\/cm\u00b3 (densit\u00e0 solida a 20\u00b0C).<\/p>\n<p>Punto di fusione: 1529\u00b0C<\/p>\n<p>Punto di ebollizione: 2863\u00b0C<\/p>\n<p>Struttura cristallina: struttura cristallina esagonale compatta (hcp) a temperatura ambiente, gli atomi sono disposti in modo ravvicinato, conferendo al metallo duttilit\u00e0 e una certa resistenza.<\/p>\n<p>Vivibilit\u00e0: la polvere di erbio metallico \u00e8 chimicamente attiva e si ossida facilmente all&#8217;aria, con un film di ossidi che si forma rapidamente sulla superficie, il che comporta la necessit\u00e0 di speciali misure protettive durante lo stoccaggio e l&#8217;uso, come il confezionamento sottovuoto o il confezionamento con gas inerte.<\/p>\n<h2><span style=\"font-size: 14pt;\">Applicazione<\/span><\/h2>\n<p>Materiali laser: la polvere di erbio metallico pu\u00f2 essere utilizzata per produrre materiali laser, ad esempio, in alcuni laser specifici, l&#8217;aggiunta di erbio pu\u00f2 regolare la lunghezza d&#8217;onda e le prestazioni del laser, rendendolo adatto a diversi scenari di applicazione laser.<\/p>\n<p>Comunicazione in fibra ottica: Nella comunicazione in fibra ottica, l&#8217;amplificatore in fibra drogata con erbio \u00e8 un importante dispositivo di amplificazione del segnale ottico. La polvere di erbio metallico pu\u00f2 essere utilizzata per preparare una fibra ottica drogata con erbio, che pu\u00f2 far s\u00ec che il segnale ottico mantenga la sua intensit\u00e0 durante la trasmissione a lunga distanza e ha un ruolo chiave nella moderna comunicazione in fibra ottica a lunga distanza, di grande capacit\u00e0 e ad alta velocit\u00e0.<\/p>\n<p>Lega: la polvere di erbio metallico pu\u00f2 essere aggiunta ad altri metalli come componente di lega.<\/p>\n<h2><span style=\"font-size: 14pt;\">Controllo qualit\u00e0<\/span><\/h2>\n<p><span style=\"color: #0000ff;\"><a style=\"color: #0000ff;\" href=\"https:\/\/vimaterial.de\/it\/controllo-qualita\/\">VI HALBLEITERMATERIAL GmbH<\/a> <\/span>(VIMATERIAL) implementa un rigoroso sistema di garanzia della qualit\u00e0, conducendo severi controlli di qualit\u00e0 lungo l&#8217;intera catena di produzione, rielaborando i prodotti difettosi e rilasciando ogni lotto solo dopo aver superato test dettagliati delle specifiche. L&#8217;azienda aderisce ai pi\u00f9 alti standard in ricerca e sviluppo, produzione, spedizione e servizio clienti, indaga sulle deviazioni tramite l&#8217;8D , \u00e8 conforme agli standard REACH e ASTM, garantisce la coerenza e la tracciabilit\u00e0 dei lotti e si impegna a costruire una catena di approvvigionamento socialmente responsabile per proteggere la salute umana e l&#8217;ambiente.<\/p>\n<h2><span style=\"font-size: 14pt;\">Imballaggio e stoccaggio<\/span><\/h2>\n<p>La polvere di erbio \u00e8 confezionata sottovuoto in flaconi e confezionata in cartoni.<\/p>\n<p>La conservazione della polvere di erbio deve essere collocata in un ambiente asciutto e pulito di 15-30\u00b0C, umidit\u00e0 \u226460%, lontano da sostanze corrosive e la sigillatura sottovuoto deve essere riapplicata dopo l&#8217;apertura per prevenire l&#8217;ossidazione.<\/p>\n","protected":false},"excerpt":{"rendered":"<p>La polvere di <span style=\"color: #0000ff;\"><a style=\"color: #0000ff;\" href=\"https:\/\/vimaterial.de\/it\/product\/erbio-metallico-4\/\">erbio metallico<\/a> <\/span>\u00e8 un grigio-nero, morbido, chimicamente attivo, facile da ossidare, il componente principale del materiale in polvere di erbio (Er), solitamente vuoto o imballaggio di gas inerte, pu\u00f2 essere trasformato in diverse dimensioni delle particelle, nella metallurgia delle polveri, nei catalizzatori petrolchimici, nell&#8217;ottica e in altre importanti applicazioni.<\/p>\n<p>Le polveri di erbio di VIMATERIAL sono caratterizzate da un&#8217;elevata purezza, da un controllo preciso delle dimensioni delle particelle (micron\/nano regolabile) e da un basso contenuto di impurit\u00e0, che ha portato a un eccellente feedback dei clienti sulla qualit\u00e0 delle polveri in uso. <span style=\"color: #0000ff;\"><a style=\"color: #0000ff;\" href=\"https:\/\/vimaterial.de\/it\/contatto\/\">contattaci.<\/a><\/span><\/p>\n","protected":false},"featured_media":1034418,"comment_status":"open","ping_status":"closed","template":"","meta":{"_acf_changed":false},"product_brand":[],"product_cat":[165],"product_tag":[],"class_list":{"0":"post-1029276","1":"product","2":"type-product","3":"status-publish","4":"has-post-thumbnail","6":"product_cat-senza-categoria","8":"first","9":"instock","10":"shipping-taxable","11":"purchasable","12":"product-type-variable"},"acf":[],"_links":{"self":[{"href":"https:\/\/vimaterial.de\/it\/wp-json\/wp\/v2\/product\/1029276","targetHints":{"allow":["GET"]}}],"collection":[{"href":"https:\/\/vimaterial.de\/it\/wp-json\/wp\/v2\/product"}],"about":[{"href":"https:\/\/vimaterial.de\/it\/wp-json\/wp\/v2\/types\/product"}],"replies":[{"embeddable":true,"href":"https:\/\/vimaterial.de\/it\/wp-json\/wp\/v2\/comments?post=1029276"}],"wp:featuredmedia":[{"embeddable":true,"href":"https:\/\/vimaterial.de\/it\/wp-json\/wp\/v2\/media\/1034418"}],"wp:attachment":[{"href":"https:\/\/vimaterial.de\/it\/wp-json\/wp\/v2\/media?parent=1029276"}],"wp:term":[{"taxonomy":"product_brand","embeddable":true,"href":"https:\/\/vimaterial.de\/it\/wp-json\/wp\/v2\/product_brand?post=1029276"},{"taxonomy":"product_cat","embeddable":true,"href":"https:\/\/vimaterial.de\/it\/wp-json\/wp\/v2\/product_cat?post=1029276"},{"taxonomy":"product_tag","embeddable":true,"href":"https:\/\/vimaterial.de\/it\/wp-json\/wp\/v2\/product_tag?post=1029276"}],"curies":[{"name":"wp","href":"https:\/\/api.w.org\/{rel}","templated":true}]}}