{"id":1029273,"date":"2024-06-17T16:16:13","date_gmt":"2024-06-17T08:16:13","guid":{"rendered":"https:\/\/vimaterial.de\/product\/erbio-metallico-4\/"},"modified":"2025-06-17T17:53:10","modified_gmt":"2025-06-17T09:53:10","slug":"erbio-metallico-4","status":"publish","type":"product","link":"https:\/\/vimaterial.de\/it\/product\/erbio-metallico-4\/","title":{"rendered":"Erbio metallico"},"content":{"rendered":"<p>I granuli <span style=\"color: #0000ff;\"><a style=\"color: #0000ff;\" href=\"https:\/\/vimaterial.de\/it\/product\/erbio-metallico-5\/\"><strong>di Erbio metallico <\/strong><\/a><\/span>sono un tipo di materiale metallico che \u00e8 facile da ossidare nell \u201caria e ha una lucentezza metallica bianco-argento alla frattura e pu\u00f2 essere lavorato in diverse specifiche in base alle esigenze, che \u00e8 comunemente usato nei settori dell\u201d industria dell \u201cenergia atomica, dell\u201d industria elettronica, degli additivi per metalli non ferrosi e dei materiali in lega ad alta tecnologia.<\/p>\n<p>I granuli di <strong>erbio<\/strong> di VIMATERIAL hanno un \u201celevata purezza, una granulometria uniforme e un\u201d elevata densit\u00e0 del prodotto Vieni <span style=\"color: #0000ff;\"><a style=\"color: #0000ff;\" href=\"https:\/\/vimaterial.de\/it\/contatto\/\">a contattarci<\/a><\/span> per i campioni.<\/p>\n<h2><span style=\"font-size: 14pt;\">Caratteristica <strong>dell&#8217;erbio metallico<\/strong><\/span><\/h2>\n<p>Formula chimica: Er<\/p>\n<p>Peso molecolare: 167,26<\/p>\n<p>Aspetto: particelle metalliche grigio-argento<\/p>\n<p>Densit\u00e0: circa 9,006 g\/cm\u00b3<\/p>\n<p>Punto di fusione: circa 1529 \u00b0C<\/p>\n<p>Punto di ebollizione: circa 2863 \u00b0C<\/p>\n<p>Struttura cristallina: Esagonale Close Packed (HCP)<\/p>\n<h2><span style=\"font-size: 14pt;\">Applicazioni<\/span><\/h2>\n<p>Comunicazione in fibra ottica: utilizzata nella produzione di amplificatori in fibra ottica drogati con erbio, che \u00e8 un importante amplificatore di segnale ottico nella comunicazione in fibra ottica, in grado di far s\u00ec che il segnale ottico mantenga la sua intensit\u00e0 durante la trasmissione a lunga distanza e svolge un ruolo chiave nella moderna comunicazione in fibra ottica a lunga distanza, di grande capacit\u00e0 e ad alta velocit\u00e0.<\/p>\n<p>Materiali laser: possono essere utilizzati come materiali laser, come il granato di ittrio e alluminio erbio (Er: YAG) il laser nel trattamento clinico \u00e8 ampiamente utilizzato nella pelle, nella cavit\u00e0 orale e nella ginecologia e in altri campi di trattamento, come il trattamento dei tumori del dotto sudoripare, la prevenzione della carie secondaria e l&#8217;esecuzione di alcuni interventi chirurgici minimamente invasivi.<\/p>\n<p>Lega: i granuli <strong>di erbio metallico<\/strong> possono formare leghe con vanadio e altri metalli per migliorare la lavorabilit\u00e0 e la duttilit\u00e0 del metallo bersaglio.<\/p>\n<p>Ceramica e vetro: gli ossidi di erbio possono essere aggiunti al vetro e alla ceramica per conferire loro un colore rosato, che pu\u00f2 essere utilizzato per realizzare smalti per ceramiche, occhiali da sole e gioielli economici.<\/p>\n<div class=\"elementor-element elementor-element-72e7750 animated-slow elementor-widget elementor-widget-heading animated fadeIn\" data-id=\"72e7750\" data-element_type=\"widget\" data-settings=\"{\" data-widget_type=\"heading.default\">\n<div class=\"elementor-widget-container\">\n<h2 class=\"elementor-heading-title elementor-size-default\"><span style=\"font-size: 14pt;\">Controllo qualit\u00e0<\/span><\/h2>\n<\/div>\n<\/div>\n<p class=\"ds-markdown-paragraph\"><span style=\"color: #0000ff;\"><a style=\"color: #0000ff;\" href=\"https:\/\/vimaterial.de\/it\/controllo-qualita\/\">I nostri prodotti<\/a> <\/span>sono conformi a tutti gli standard ASTM e specifici del settore. VIMATERIAL si impegna a garantire il massimo controllo della qualit\u00e0 e la coerenza tra i lotti.<\/p>\n<h2><span style=\"font-size: 14pt;\">Imballaggio e stoccaggio<\/span><\/h2>\n<p>I granuli <strong>metallici di erbio<\/strong> vengono imbottigliati dopo essere stati confezionati in doppi sacchetti sottovuoto e inseriti in appositi cartoni per garantire un trasporto sicuro.<\/p>\n<p>I granuli di erbio vengono mantenuti nell \u201cambiente con temperatura ambiente 15-25\u00b0C e umidit\u00e0 \u226445%, viene utilizzato il confezionamento sottovuoto per evitare il contatto con l\u201d aria.<\/p>\n","protected":false},"excerpt":{"rendered":"<p>I granuli <span style=\"color: #0000ff;\"><a style=\"color: #0000ff;\" href=\"https:\/\/vimaterial.de\/it\/product\/erbio-metallico-5\/\"><strong>di Erbio metallico <\/strong><\/a><\/span>sono un tipo di materiale metallico che \u00e8 facile da ossidare nell \u201caria e ha una lucentezza metallica bianco-argento alla frattura e pu\u00f2 essere lavorato in diverse specifiche in base alle esigenze, che \u00e8 comunemente usato nei settori dell\u201d industria dell \u201cenergia atomica, dell\u201d industria elettronica, degli additivi per metalli non ferrosi e dei materiali in lega ad alta tecnologia.<\/p>\n<p>I granuli di <strong>erbio<\/strong> di VIMATERIAL hanno un \u201celevata purezza, una granulometria uniforme e un\u201d elevata densit\u00e0 del prodotto Vieni <span style=\"color: #0000ff;\"><a style=\"color: #0000ff;\" href=\"https:\/\/vimaterial.de\/it\/contatto\/\">a contattarci<\/a><\/span> per i campioni.<\/p>\n","protected":false},"featured_media":1034413,"comment_status":"open","ping_status":"closed","template":"","meta":{"_acf_changed":false},"product_brand":[],"product_cat":[198],"product_tag":[],"class_list":{"0":"post-1029273","1":"product","2":"type-product","3":"status-publish","4":"has-post-thumbnail","6":"product_cat-materiali-per-levaporazione","8":"first","9":"instock","10":"shipping-taxable","11":"purchasable","12":"product-type-variable"},"acf":[],"_links":{"self":[{"href":"https:\/\/vimaterial.de\/it\/wp-json\/wp\/v2\/product\/1029273","targetHints":{"allow":["GET"]}}],"collection":[{"href":"https:\/\/vimaterial.de\/it\/wp-json\/wp\/v2\/product"}],"about":[{"href":"https:\/\/vimaterial.de\/it\/wp-json\/wp\/v2\/types\/product"}],"replies":[{"embeddable":true,"href":"https:\/\/vimaterial.de\/it\/wp-json\/wp\/v2\/comments?post=1029273"}],"wp:featuredmedia":[{"embeddable":true,"href":"https:\/\/vimaterial.de\/it\/wp-json\/wp\/v2\/media\/1034413"}],"wp:attachment":[{"href":"https:\/\/vimaterial.de\/it\/wp-json\/wp\/v2\/media?parent=1029273"}],"wp:term":[{"taxonomy":"product_brand","embeddable":true,"href":"https:\/\/vimaterial.de\/it\/wp-json\/wp\/v2\/product_brand?post=1029273"},{"taxonomy":"product_cat","embeddable":true,"href":"https:\/\/vimaterial.de\/it\/wp-json\/wp\/v2\/product_cat?post=1029273"},{"taxonomy":"product_tag","embeddable":true,"href":"https:\/\/vimaterial.de\/it\/wp-json\/wp\/v2\/product_tag?post=1029273"}],"curies":[{"name":"wp","href":"https:\/\/api.w.org\/{rel}","templated":true}]}}