{"id":1029264,"date":"2024-06-17T16:16:13","date_gmt":"2024-06-17T08:16:13","guid":{"rendered":"https:\/\/vimaterial.de\/product\/erbio-metallico-3\/"},"modified":"2025-07-03T16:29:24","modified_gmt":"2025-07-03T08:29:24","slug":"erbio-metallico-3","status":"publish","type":"product","link":"https:\/\/vimaterial.de\/it\/product\/erbio-metallico-3\/","title":{"rendered":"Erbio metallico"},"content":{"rendered":"<p><span style=\"color: #0000ff;\"><a style=\"color: #0000ff;\" href=\"https:\/\/vimaterial.de\/it\/product\/erbio-metallico-4\/\"><strong>L&#8217;asta metallica di erbio<\/strong><\/a><\/span> \u00e8 un materiale di terre rare costituito da ossido di erbio di elevata purezza, che ha buone propriet\u00e0 ottiche e stabilit\u00e0 termica. Viene spesso utilizzato per produrre materiali droganti nei cristalli laser ed \u00e8 ampiamente utilizzato in campo medico, industriale e di ricerca scientifica.<\/p>\n<p>VIMTERIAL supporta la personalizzazione e lo sviluppo del prodotto, non esitate<span style=\"color: #0000ff;\"><a style=\"color: #0000ff;\" href=\"https:\/\/vimaterial.de\/it\/contatto\/\"> a contattarci.<\/a><\/span><\/p>\n<h2><span style=\"font-size: 14pt;\">Caratteristiche dell&#8217;asta metallica in erbio<\/span><\/h2>\n<p>Formula molecolare: Er<\/p>\n<p>Peso molecolare: 167,26 g\/mol<\/p>\n<p>Aspetto: lucentezza metallica bianco argenteo, consistenza morbida<\/p>\n<p>Densit\u00e0: 9,066 g\/cm\u00b3<\/p>\n<p>Punto di fusione: 1529\u00b0C<\/p>\n<p>Punto di ebollizione: 2868\u00b0C<\/p>\n<p>Struttura cristallina: esagonale compatta (hcp)<\/p>\n<p>Reattivit\u00e0: pu\u00f2 reagire ferocemente con l&#8217;acqua calda e rilasciare idrogeno e, allo stesso tempo, pu\u00f2 reagire con molti composti non metallici per formare ossidi, cloruri, solfati, nitrati, ossalati e cos\u00ec via.<\/p>\n<h2><span style=\"font-size: 14pt;\">Applicazioni <\/span><span style=\"font-size: 14pt;\">dell&#8217;asta metallica in erbio<\/span><\/h2>\n<p>Materiali laser: possono essere utilizzati per produrre materiali laser, ad esempio, in alcuni laser specifici, <strong>le barre metalliche di erbio<\/strong> possono essere utilizzate come fonte di elementi droganti per la preparazione di materiali laser con lunghezze d&#8217;onda e propriet\u00e0 specifiche.<\/p>\n<p>Amplificatori ottici: utilizzati per preparare componenti chiave in amplificatori in fibra drogata con erbio. Gli amplificatori in fibra drogata con erbio migliorano i segnali ottici e svolgono un ruolo importante nell&#8217;amplificazione del segnale nei sistemi di comunicazione in fibra ottica, consentendo ai segnali ottici di mantenere la loro forza durante la trasmissione a lunga distanza.<\/p>\n<p>Aggiunta di lega: aggiunto ad altri metalli come componente di lega, pu\u00f2 migliorare le prestazioni delle leghe, come migliorare la duttilit\u00e0, la resistenza e la resistenza alla corrosione delle leghe, ecc. Pu\u00f2 essere utilizzato per produrre materiali in lega ad alte prestazioni necessari nel settore aerospaziale, nella produzione di macchinari e in altri campi.<\/p>\n<h2><span style=\"font-size: 14pt;\">Controllo qualit\u00e0<\/span><\/h2>\n<p><span style=\"color: #0000ff;\"><a style=\"color: #0000ff;\" href=\"https:\/\/vimaterial.de\/it\/controllo-qualita\/\">Ogni lotto<\/a><\/span> di prodotti implementa rigorosamente il sistema di controllo della qualit\u00e0 dell&#8217;intero processo, implementa rigorosamente il sistema di controllo della qualit\u00e0 dell&#8217;intero processo per garantire l&#8217;affidabilit\u00e0 del prodotto e la coerenza dei lotti e rispetta pienamente le normative e gli standard del settore. Ogni lotto di prodotti viene sottoposto a rigorosi controlli di fabbrica e test delle prestazioni prima di lasciare la fabbrica per garantire la coerenza del prodotto. Allo stesso tempo, i prodotti dell&#8217;azienda possono essere ispezionati da terzi in base alle esigenze del cliente.<\/p>\n<h2><span style=\"font-size: 14pt;\">Imballaggio e stoccaggio <\/span><span style=\"font-size: 14pt;\">dell&#8217;asta metallica in erbio<\/span><\/h2>\n<p><strong>Le barre di erbio metallico<\/strong> sono confezionate sottovuoto e collocate in scatole di legno personalizzate o cartoni riempiti con materiali protettivi.<\/p>\n<p><strong>Le barre di erbio metallico<\/strong> devono essere sigillate e conservate in un ambiente di gas asciutto, fresco e non corrosivo per prevenire l&#8217;ossidazione e l&#8217;assorbimento di umidit\u00e0.<\/p>\n","protected":false},"excerpt":{"rendered":"<p><span style=\"color: #0000ff;\"><a style=\"color: #0000ff;\" href=\"https:\/\/vimaterial.de\/it\/product\/erbio-metallico-4\/\"><strong>L&#8217;asta metallica di erbio<\/strong><\/a><\/span> \u00e8 un materiale di terre rare costituito da ossido di erbio di elevata purezza, che ha buone propriet\u00e0 ottiche e stabilit\u00e0 termica. Viene spesso utilizzato per produrre materiali droganti nei cristalli laser ed \u00e8 ampiamente utilizzato in campo medico, industriale e di ricerca scientifica.<\/p>\n<p>VIMTERIAL supporta la personalizzazione e lo sviluppo del prodotto, non esitate<span style=\"color: #0000ff;\"><a style=\"color: #0000ff;\" href=\"https:\/\/vimaterial.de\/it\/contatto\/\"> a contattarci.<\/a><\/span><\/p>\n","protected":false},"featured_media":1034428,"comment_status":"open","ping_status":"closed","template":"","meta":{"_acf_changed":false},"product_brand":[],"product_cat":[207],"product_tag":[],"class_list":{"0":"post-1029264","1":"product","2":"type-product","3":"status-publish","4":"has-post-thumbnail","6":"product_cat-profilo","8":"first","9":"instock","10":"shipping-taxable","11":"purchasable","12":"product-type-variable"},"acf":[],"_links":{"self":[{"href":"https:\/\/vimaterial.de\/it\/wp-json\/wp\/v2\/product\/1029264","targetHints":{"allow":["GET"]}}],"collection":[{"href":"https:\/\/vimaterial.de\/it\/wp-json\/wp\/v2\/product"}],"about":[{"href":"https:\/\/vimaterial.de\/it\/wp-json\/wp\/v2\/types\/product"}],"replies":[{"embeddable":true,"href":"https:\/\/vimaterial.de\/it\/wp-json\/wp\/v2\/comments?post=1029264"}],"wp:featuredmedia":[{"embeddable":true,"href":"https:\/\/vimaterial.de\/it\/wp-json\/wp\/v2\/media\/1034428"}],"wp:attachment":[{"href":"https:\/\/vimaterial.de\/it\/wp-json\/wp\/v2\/media?parent=1029264"}],"wp:term":[{"taxonomy":"product_brand","embeddable":true,"href":"https:\/\/vimaterial.de\/it\/wp-json\/wp\/v2\/product_brand?post=1029264"},{"taxonomy":"product_cat","embeddable":true,"href":"https:\/\/vimaterial.de\/it\/wp-json\/wp\/v2\/product_cat?post=1029264"},{"taxonomy":"product_tag","embeddable":true,"href":"https:\/\/vimaterial.de\/it\/wp-json\/wp\/v2\/product_tag?post=1029264"}],"curies":[{"name":"wp","href":"https:\/\/api.w.org\/{rel}","templated":true}]}}