{"id":1029202,"date":"2024-06-17T16:16:14","date_gmt":"2024-06-17T08:16:14","guid":{"rendered":"https:\/\/vimaterial.de\/product\/ossalato-di-erbio-idrato\/"},"modified":"2025-06-10T14:11:13","modified_gmt":"2025-06-10T06:11:13","slug":"ossalato-di-erbio-idrato","status":"publish","type":"product","link":"https:\/\/vimaterial.de\/it\/product\/ossalato-di-erbio-idrato\/","title":{"rendered":"Erbio Ossalato Idrato"},"content":{"rendered":"<p><span style=\"color: #0000ff;\"><a style=\"color: #0000ff;\" href=\"https:\/\/vimaterial.de\/it\/product\/solfato-di-erbio-ottaidrato\/\"><strong>Erbio Ossalato Idrato<\/strong><\/a>,<\/span> con la formula chimica Er\u2082(C\u2082O\u2084)\u2083\u00b7xH\u2082O, \u00e8 una polvere di ossalato di terre rare dal rosa al viola chiaro e un importante intermedio per la preparazione di ossido di erbio (Er\u2082O\u2083) ad alta purezza. Il prodotto \u00e8 formato dalla reazione e dalla precipitazione di sale di erbio di elevata purezza e acido ossalico. Ha buone caratteristiche di decomposizione termica e pu\u00f2 essere convertito in polvere di ossido uniforme e fine ad alta temperatura. \u00c8 ampiamente utilizzato in materiali ceramici, dispositivi optoelettronici, materiali magnetici e altri campi.<\/p>\n<p>Il prodotto Er\u2082(C\u2082O\u2084)\u2083\u00b7xH\u2082O fornito da VIMATERIAL ha un \u201cidratazione controllabile, un\u201d elevata purezza, una buona stabilit\u00e0 termica ed \u00e8 adatto per una variet\u00e0 di occasioni.<span style=\"color: #0000ff;\"><a style=\"color: #0000ff;\" href=\"https:\/\/vimaterial.de\/it\/contatto\/\">Contattaci.<\/a><\/span><\/p>\n<h2><span style=\"font-size: 14pt;\">Caratteristiche<\/span><\/h2>\n<p>Formula chimica: Er\u2082(C\u2082O\u2084)\u2083\u00b7xH\u2082O<\/p>\n<p>Aspetto: polvere dal rosa chiaro al viola<\/p>\n<p>Grado di idratazione (x): x = 10 ~12 (personalizzabile)<\/p>\n<p>Struttura cristallina: sistema monoclino, la sua struttura di coordinazione \u00e8 che ogni Er\u00b3\u207a forma un poliedro di coordinazione complesso coordinando molecole di ossalato e acqua, formando un legame idrogeno e un legame di coordinazione per stabilizzare la struttura.<\/p>\n<h2><span style=\"font-size: 14pt;\">Applicazione<\/span><\/h2>\n<p>Precursore dell \u201cossido di erbio ad alta purezza: <strong>l\u201d idrato di ossalato di erbio<\/strong> viene pirolizzato per generare una polvere di Er\u2082O\u2083 uniforme con granulometria controllabile<\/p>\n<p>Materie prime ceramiche di terre rare: <strong>l&#8217;idrato di ossalato di erbio<\/strong> viene utilizzato per produrre materiali ad alte prestazioni come ceramiche drogate e cristalli laser<\/p>\n<p>Materiali magnetici e materiali luminescenti: <strong>l&#8217;ossalato di erbio idrato<\/strong> \u00e8 adatto per la preparazione di nanomateriali magnetici e luminofori drogati con erbio<\/p>\n<h2><span style=\"font-size: 14pt;\">Controllo qualit\u00e0<\/span><\/h2>\n<p><span style=\"color: #0000ff;\"><a style=\"color: #0000ff;\" href=\"https:\/\/vimaterial.de\/it\/controllo-qualita\/\">I nostri prodotti<\/a> <\/span>seguono rigorose procedure di controllo della qualit\u00e0 e metodi di test scientifici, tra cui ICP-MS, XRD, SEM, ecc. per condurre un \u201canalisi completa dei prodotti. I nostri prodotti sono dotati di registri completi e tracciabilit\u00e0 dall\u201d approvvigionamento delle materie prime, alla produzione fino alla spedizione, garantendo la coerenza degli ingredienti e le prestazioni tra i lotti. Ogni lotto di prodotti \u00e8 accompagnato da dati completi di ispezione della qualit\u00e0.<\/p>\n<h2><span style=\"font-size: 14pt;\">Imballaggio e stoccaggio<\/span><\/h2>\n<p><strong>L&#8217;ossalato di erbio idrato<\/strong> in polvere \u00e8 confezionato in flaconi sottovuoto, con diverse specifiche di imballaggio come 50 g\/100 g\/500 g\/1 kg\/5 kg, che possono essere personalizzati in base alle esigenze del cliente. Grandi quantit\u00e0 sono confezionate in fusti da 25 kg e fissate con pallet standard.<\/p>\n<p><strong>L&#8217;ossalato di erbio idrato<\/strong> in polvere deve essere conservato in un luogo asciutto e fresco per evitare l&#8217;umidit\u00e0. Si consiglia di conservarlo in un flacone sigillato a temperatura ambiente (10-30\u00b0C) e di chiuderlo immediatamente dopo l&#8217;uso.<\/p>\n","protected":false},"excerpt":{"rendered":"<p class=\"serp-title\">Erbio Ossalato Idrato, con la formula chimica Er\u2082(C\u2082O\u2084)\u2083\u00b7xH\u2082O, \u00e8 una polvere di ossalato di terre rare dal rosa al viola chiaro e un importante intermedio per la preparazione di ossido di erbio (Er\u2082O\u2083) ad alta purezza. Il prodotto \u00e8 formato dalla reazione e dalla precipitazione di sale di erbio di elevata purezza e acido ossalico. Ha buone caratteristiche di decomposizione termica e pu\u00f2 essere convertito in polvere di ossido uniforme e fine ad alta temperatura. \u00c8 ampiamente utilizzato in materiali ceramici, dispositivi optoelettronici, materiali magnetici e altri campi.<\/p>\n<p>Il prodotto Er\u2082(C\u2082O\u2084)\u2083\u00b7xH\u2082O fornito da VIMATERIAL ha un \u201cidratazione controllabile, un\u201d elevata purezza, una buona stabilit\u00e0 termica ed \u00e8 adatto per una variet\u00e0 di occasioni.<span style=\"color: #0000ff;\"><a style=\"color: #0000ff;\" href=\"https:\/\/vimaterial.de\/it\/contatto\/\">Contattaci.<\/a><\/span><\/p>\n<p>&nbsp;<\/p>\n<p>&nbsp;<\/p>\n","protected":false},"featured_media":1034443,"comment_status":"open","ping_status":"closed","template":"","meta":{"_acf_changed":false},"product_brand":[],"product_cat":[203],"product_tag":[],"class_list":{"0":"post-1029202","1":"product","2":"type-product","3":"status-publish","4":"has-post-thumbnail","6":"product_cat-materiali-per-terre-rare","8":"first","9":"instock","10":"shipping-taxable","11":"purchasable","12":"product-type-variable"},"acf":[],"_links":{"self":[{"href":"https:\/\/vimaterial.de\/it\/wp-json\/wp\/v2\/product\/1029202","targetHints":{"allow":["GET"]}}],"collection":[{"href":"https:\/\/vimaterial.de\/it\/wp-json\/wp\/v2\/product"}],"about":[{"href":"https:\/\/vimaterial.de\/it\/wp-json\/wp\/v2\/types\/product"}],"replies":[{"embeddable":true,"href":"https:\/\/vimaterial.de\/it\/wp-json\/wp\/v2\/comments?post=1029202"}],"wp:featuredmedia":[{"embeddable":true,"href":"https:\/\/vimaterial.de\/it\/wp-json\/wp\/v2\/media\/1034443"}],"wp:attachment":[{"href":"https:\/\/vimaterial.de\/it\/wp-json\/wp\/v2\/media?parent=1029202"}],"wp:term":[{"taxonomy":"product_brand","embeddable":true,"href":"https:\/\/vimaterial.de\/it\/wp-json\/wp\/v2\/product_brand?post=1029202"},{"taxonomy":"product_cat","embeddable":true,"href":"https:\/\/vimaterial.de\/it\/wp-json\/wp\/v2\/product_cat?post=1029202"},{"taxonomy":"product_tag","embeddable":true,"href":"https:\/\/vimaterial.de\/it\/wp-json\/wp\/v2\/product_tag?post=1029202"}],"curies":[{"name":"wp","href":"https:\/\/api.w.org\/{rel}","templated":true}]}}