{"id":1029197,"date":"2024-06-17T16:16:14","date_gmt":"2024-06-17T08:16:14","guid":{"rendered":"https:\/\/vimaterial.de\/product\/erbioiii-nitrato-pentaidrato\/"},"modified":"2025-06-10T13:20:29","modified_gmt":"2025-06-10T05:20:29","slug":"erbioiii-nitrato-pentaidrato","status":"publish","type":"product","link":"https:\/\/vimaterial.de\/it\/product\/erbioiii-nitrato-pentaidrato\/","title":{"rendered":"Nitrato di erbio (III) pentaidrato"},"content":{"rendered":"<p><span style=\"color: #0000ff;\"><a style=\"color: #0000ff;\" href=\"https:\/\/vimaterial.de\/it\/product\/carbonato-di-erbio-idrato\/\"><strong>Nitrato di erbio pentaidrato<\/strong><\/a><\/span>, formula chimica: Er(NO\u2083)\u2083\u00b75H\u2082O, \u00e8 un solido cristallino di colore rosa chiaro con buona solubilit\u00e0 in acqua e reattivit\u00e0. \u00c8 un importante composto di origine di erbio. Ha una vasta gamma di usi nei materiali laser, nei dispositivi optoelettronici, nei modificatori ceramici e nella sintesi chimica.<\/p>\n<p><strong>Il nitrato di erbio pentaidrato<\/strong> fornito da VIMATERIAL \u00e8 composto da materie prime di terre rare di elevata purezza e raffinato attraverso processi avanzati. Ha le caratteristiche di elevata purezza e basso contenuto di impurit\u00e0. Pu\u00f2 essere la tua fonte ideale di materiali. <span style=\"color: #0000ff;\"><a style=\"color: #0000ff;\" href=\"https:\/\/vimaterial.de\/it\/contatto\/\">Contattaci rapidamente.<\/a><\/span><\/p>\n<h2><span style=\"font-size: 14pt;\">Caratteristiche<\/span><\/h2>\n<p>Formula molecolare: Er(NO\u2083)\u2083\u00b75H\u2082O<\/p>\n<p>Peso molecolare: 434,37 g\/mol<\/p>\n<p>Aspetto: polvere cristallina da rosa chiaro a rosa porpora<\/p>\n<p>Punto di fusione: circa 60\u201365\u00b0C (disidratazione)<\/p>\n<p>Struttura cristallina: A temperatura ambiente, il nitrato di erbio pentaidrato cristallizza nel sistema monoclino. Nella sua struttura cristallina, gli ioni Er\u00b3\u207a sono multi-coordinati e stabilizzati da ioni nitrato e molecole d&#8217;acqua per formare una complessa rete di coordinazione. Questa struttura ha una buona solubilit\u00e0 e stabilit\u00e0 termica ed \u00e8 adatta per la sintesi, la decomposizione, il drogaggio ionico e altri scopi.<\/p>\n<h2><span style=\"font-size: 14pt;\">Applicazione<\/span><\/h2>\n<p>Materiali di comunicazione laser e fibra ottica: le caratteristiche di emissione degli ioni Er\u00b3\u207a nell&#8217;intervallo di 1,5 \u03bcm sono utilizzate per produrre amplificatori in fibra drogata con erbio (EDFA) e vetro laser.<\/p>\n<p>Reagenti di sintesi chimica: <strong>il nitrato di erbio pentaidrato<\/strong> viene utilizzato per preparare complessi organici di erbio, sali di erbio di elevata purezza e precursori di catalizzatori.<\/p>\n<p>Modifica della ceramica e del vetro: <strong>il nitrato di erbio pentaidrato<\/strong> pu\u00f2 essere utilizzato come regolatore del colore e potenziatore della stabilit\u00e0 termica.<\/p>\n<h2><span style=\"font-size: 14pt;\">Controllo qualit\u00e0<\/span><\/h2>\n<p><span style=\"color: #0000ff;\"><a style=\"color: #0000ff;\" href=\"https:\/\/vimaterial.de\/it\/controllo-qualita\/\">I nostri prodotti<\/a><\/span> hanno un rigoroso processo di controllo della qualit\u00e0 per garantire il principio di qualit\u00e0 di &#8220;controllo dei lotti e tracciabilit\u00e0 della fonte&#8221;. Le nostre materie prime sono verificate da ICP-MS, GDMS e altri processi di produzione standardizzati, controllo completo della qualit\u00e0 del processo e integrit\u00e0 dell&#8217;ispezione finale.<\/p>\n<h2><span style=\"font-size: 14pt;\">Imballaggio<\/span><\/h2>\n<p><strong>Il nitrato di erbio pentaidrato<\/strong> \u00e8 confezionato in flaconi sottovuoto con diverse specifiche di imballaggio come 50 g\/100 g\/500 g\/1 kg\/5 kg, che possono essere personalizzati in base alle esigenze del cliente. Grandi quantit\u00e0 vengono confezionate in fusti da 25kg e fissate con pallet esterni.<\/p>\n<h2><span style=\"font-size: 14pt;\">Immagazzinamento<\/span><\/h2>\n<p><strong>Il nitrato di erbio pentaidrato<\/strong> deve essere conservato in un ambiente asciutto e sigillato per evitare l&#8217;umidit\u00e0. La temperatura di conservazione consigliata \u00e8 di 5~30\u00b0C. Evitare l&#8217;esposizione a lungo termine all&#8217;aria ed evitare forti vibrazioni e luce solare diretta durante il trasporto.<\/p>\n","protected":false},"excerpt":{"rendered":"<p><span style=\"color: #0000ff;\"><a style=\"color: #0000ff;\" href=\"https:\/\/vimaterial.de\/it\/product\/carbonato-di-erbio-idrato\/\"><strong>Nitrato di erbio pentaidrato<\/strong><\/a><\/span>, formula chimica: Er(NO\u2083)\u2083\u00b75H\u2082O, \u00e8 un solido cristallino di colore rosa chiaro con buona solubilit\u00e0 in acqua e reattivit\u00e0. \u00c8 un importante composto di origine di erbio. Ha una vasta gamma di usi nei materiali laser, nei dispositivi optoelettronici, nei modificatori ceramici e nella sintesi chimica.<\/p>\n<p><strong>Il nitrato di erbio pentaidrato<\/strong> fornito da VIMATERIAL \u00e8 composto da materie prime di terre rare di elevata purezza e raffinato attraverso processi avanzati. Ha le caratteristiche di elevata purezza e basso contenuto di impurit\u00e0. Pu\u00f2 essere la tua fonte ideale di materiali. <span style=\"color: #0000ff;\"><a style=\"color: #0000ff;\" href=\"https:\/\/vimaterial.de\/it\/contatto\/\">Contattaci rapidamente.<\/a><\/span><\/p>\n<p>&nbsp;<\/p>\n","protected":false},"featured_media":1034438,"comment_status":"open","ping_status":"closed","template":"","meta":{"_acf_changed":false},"product_brand":[],"product_cat":[203],"product_tag":[],"class_list":{"0":"post-1029197","1":"product","2":"type-product","3":"status-publish","4":"has-post-thumbnail","6":"product_cat-materiali-per-terre-rare","8":"first","9":"instock","10":"shipping-taxable","11":"purchasable","12":"product-type-variable"},"acf":[],"_links":{"self":[{"href":"https:\/\/vimaterial.de\/it\/wp-json\/wp\/v2\/product\/1029197","targetHints":{"allow":["GET"]}}],"collection":[{"href":"https:\/\/vimaterial.de\/it\/wp-json\/wp\/v2\/product"}],"about":[{"href":"https:\/\/vimaterial.de\/it\/wp-json\/wp\/v2\/types\/product"}],"replies":[{"embeddable":true,"href":"https:\/\/vimaterial.de\/it\/wp-json\/wp\/v2\/comments?post=1029197"}],"wp:featuredmedia":[{"embeddable":true,"href":"https:\/\/vimaterial.de\/it\/wp-json\/wp\/v2\/media\/1034438"}],"wp:attachment":[{"href":"https:\/\/vimaterial.de\/it\/wp-json\/wp\/v2\/media?parent=1029197"}],"wp:term":[{"taxonomy":"product_brand","embeddable":true,"href":"https:\/\/vimaterial.de\/it\/wp-json\/wp\/v2\/product_brand?post=1029197"},{"taxonomy":"product_cat","embeddable":true,"href":"https:\/\/vimaterial.de\/it\/wp-json\/wp\/v2\/product_cat?post=1029197"},{"taxonomy":"product_tag","embeddable":true,"href":"https:\/\/vimaterial.de\/it\/wp-json\/wp\/v2\/product_tag?post=1029197"}],"curies":[{"name":"wp","href":"https:\/\/api.w.org\/{rel}","templated":true}]}}