{"id":1029188,"date":"2024-06-17T16:16:15","date_gmt":"2024-06-17T08:16:15","guid":{"rendered":"https:\/\/vimaterial.de\/product\/solfato-di-erbio-ottaidrato\/"},"modified":"2025-03-24T17:56:16","modified_gmt":"2025-03-24T09:56:16","slug":"solfato-di-erbio-ottaidrato","status":"publish","type":"product","link":"https:\/\/vimaterial.de\/it\/product\/solfato-di-erbio-ottaidrato\/","title":{"rendered":"Solfato di erbio ottaidrato"},"content":{"rendered":"<p>L&#8217;Erbium Sulfate Octahydrate \u00e8 un cristallo monoclino rosa, solubile in acqua, si decompone quando riscaldato ed \u00e8 comunemente usato come colorante nella produzione del vetro e degli smalti ceramici e come drogante nella produzione di fibre ottiche.<\/p>\n<p>VIMATERIAL fornisce l&#8217;ottaidrato di solfato di erbio in varie specifiche e supporta il servizio di legatura del bersaglio. Accettiamo la personalizzazione dei prodotti,<span style=\"color: #0000ff;\"><a style=\"color: #0000ff;\" href=\"https:\/\/vimaterial.de\/it\/contatto\/\"> contattaci.<\/a><\/span><\/p>\n<h2><span style=\"font-size: 14pt;\">Propriet\u00e0<\/span><\/h2>\n<p>Formula molecolare: Er2(SO4)3\u00b7 8H2O<\/p>\n<p>Peso molecolare: circa 766,83<\/p>\n<p>Aspetto: polvere di cristallo rosa<\/p>\n<p>Densit\u00e0: circa 3,20 g\/cm\u00b3.<\/p>\n<p>Punto di fusione: 200\u00b0C (decomposizione)<\/p>\n<p>Struttura cristallina: sistema cristallino monoclino.<\/p>\n<h2><span style=\"font-size: 14pt;\">Applicazioni<\/span><\/h2>\n<p><span style=\"font-size: 12pt;\">Campo ottico: viene utilizzato nella produzione di vetro ottico e fibra ottica, che possono migliorare le propriet\u00e0 ottiche del materiale, come l&#8217;indice di rifrazione, la trasmittanza, ecc., e svolge un ruolo nella comunicazione ottica e nella tecnologia laser.<\/span><\/p>\n<p>Industria elettronica: pu\u00f2 essere utilizzato come drogante nella produzione di componenti elettronici, che aiuta a regolare le propriet\u00e0 elettriche dei materiali e migliorare le prestazioni e la stabilit\u00e0 dei dispositivi elettronici.<\/p>\n<p>Colorazione della ceramica e del vetro: aggiunta alla ceramica e al vetro come colorante per conferire loro colori unici e aumentare l&#8217;estetica e la decorativit\u00e0 dei prodotti.<\/p>\n<h2><span style=\"font-size: 14pt;\">Controllo qualit\u00e0<\/span><\/h2>\n<p><span style=\"color: #0000ff;\"><a style=\"color: #0000ff;\" href=\"https:\/\/vimaterial.de\/it\/controllo-qualita\/\">Ogni lotto<\/a> <\/span>di prodotti protegge rigorosamente la qualit\u00e0, dalla selezione dei fornitori di materie prime, all&#8217;uso di apparecchiature di collaudo avanzate per monitorare accuratamente l&#8217;intero processo di produzione, al prodotto finito attraverso molti cicli di campionamento severo e certificazione autorevole di terze parti, al sistema di controllo della qualit\u00e0 a tutto tondo e a tolleranza zero per garantire che ogni lotto di prodotti soddisfi e superi gli elevati standard del settore, per fornire ai nostri clienti la migliore qualit\u00e0 e i prodotti pi\u00f9 stabili.<\/p>\n<h2><span style=\"font-size: 14pt;\">Imballaggio e stoccaggio<\/span><\/h2>\n<p><span style=\"font-size: 14pt;\"><span style=\"font-size: 12pt;\">La polvere di solfato di erbio ottaidrato \u00e8 confezionata in un sacchetto sottovuoto o in una bottiglia sottovuoto in cartone per garantire un trasporto sicuro.<\/span><br \/>\n<\/span><\/p>\n<p>La polvere di Erbio Solfato Ottaidrato deve essere conservata in un&#8217;area fresca, asciutta e ben ventilata, lontana dall&#8217;umidit\u00e0 e da altre sostanze chimiche per evitare il deterioramento dovuto all&#8217;assorbimento di umidit\u00e0 o alla reazione chimica.<\/p>\n","protected":false},"excerpt":{"rendered":"<p>L&#8217;Erbium Sulfate Octahydrate \u00e8 un cristallo monoclino rosa, solubile in acqua, si decompone quando riscaldato ed \u00e8 comunemente usato come colorante nella produzione del vetro e degli smalti ceramici e come drogante nella produzione di fibre ottiche.<\/p>\n<p>VIMATERIAL fornisce l&#8217;ottaidrato di solfato di erbio in varie specifiche e supporta il servizio di legatura del bersaglio. Accettiamo la personalizzazione dei prodotti,<span style=\"color: #0000ff;\"><a style=\"color: #0000ff;\" href=\"https:\/\/vimaterial.de\/it\/contatto\/\"> contattaci.<\/a><\/span><\/p>\n<p>&nbsp;<\/p>\n","protected":false},"featured_media":1034453,"comment_status":"open","ping_status":"closed","template":"","meta":{"_acf_changed":false},"product_brand":[],"product_cat":[203],"product_tag":[],"class_list":{"0":"post-1029188","1":"product","2":"type-product","3":"status-publish","4":"has-post-thumbnail","6":"product_cat-materiali-per-terre-rare","8":"first","9":"instock","10":"shipping-taxable","11":"purchasable","12":"product-type-variable"},"acf":[],"_links":{"self":[{"href":"https:\/\/vimaterial.de\/it\/wp-json\/wp\/v2\/product\/1029188","targetHints":{"allow":["GET"]}}],"collection":[{"href":"https:\/\/vimaterial.de\/it\/wp-json\/wp\/v2\/product"}],"about":[{"href":"https:\/\/vimaterial.de\/it\/wp-json\/wp\/v2\/types\/product"}],"replies":[{"embeddable":true,"href":"https:\/\/vimaterial.de\/it\/wp-json\/wp\/v2\/comments?post=1029188"}],"wp:featuredmedia":[{"embeddable":true,"href":"https:\/\/vimaterial.de\/it\/wp-json\/wp\/v2\/media\/1034453"}],"wp:attachment":[{"href":"https:\/\/vimaterial.de\/it\/wp-json\/wp\/v2\/media?parent=1029188"}],"wp:term":[{"taxonomy":"product_brand","embeddable":true,"href":"https:\/\/vimaterial.de\/it\/wp-json\/wp\/v2\/product_brand?post=1029188"},{"taxonomy":"product_cat","embeddable":true,"href":"https:\/\/vimaterial.de\/it\/wp-json\/wp\/v2\/product_cat?post=1029188"},{"taxonomy":"product_tag","embeddable":true,"href":"https:\/\/vimaterial.de\/it\/wp-json\/wp\/v2\/product_tag?post=1029188"}],"curies":[{"name":"wp","href":"https:\/\/api.w.org\/{rel}","templated":true}]}}