{"id":1029178,"date":"2024-06-17T16:16:14","date_gmt":"2024-06-17T08:16:14","guid":{"rendered":"https:\/\/vimaterial.de\/product\/carbonato-di-erbio-idrato\/"},"modified":"2025-06-10T14:57:07","modified_gmt":"2025-06-10T06:57:07","slug":"carbonato-di-erbio-idrato","status":"publish","type":"product","link":"https:\/\/vimaterial.de\/it\/product\/carbonato-di-erbio-idrato\/","title":{"rendered":"Erbio Carbonato Idrato"},"content":{"rendered":"<p><span style=\"color: #0000ff;\"><a style=\"color: #0000ff;\" href=\"https:\/\/vimaterial.de\/it\/product\/erbioiii-nitrato-pentaidrato\/\"><strong>L&#8217;Erbio Carbonato Idrato<\/strong>\u00a0<\/a><\/span>(Er\u2082(CO\u2083)\u2083\u00b7xH\u2082O) \u00e8 un composto di terre rare in polvere dalla lavanda al rosa e uno dei precursori importanti per la sintesi di una variet\u00e0 di materiali funzionali delle terre rare. Questo prodotto ha le caratteristiche di elevata purezza, decomposizione termica controllabile e idratazione moderata. Pu\u00f2 essere utilizzato per preparare Er\u2082O\u2083 (ossido di erbio) di alta qualit\u00e0 mediante decomposizione termica ed \u00e8 ampiamente utilizzato in optoelettronica, ceramica, deposizione chimica da vapore (CVD) e altri campi.<\/p>\n<p>Il prodotto Er\u2082(CO\u2083)\u2083\u00b7xH\u2082O fornito da VIMATERIAL ha un \u201cidratazione controllabile, un\u201d elevata purezza, una buona stabilit\u00e0 termica ed \u00e8 adatto per una variet\u00e0 di occasioni.<span style=\"color: #0000ff;\"><a style=\"color: #0000ff;\" href=\"https:\/\/vimaterial.de\/it\/contatto\/\">Contattaci.<\/a><\/span><\/p>\n<h2><span style=\"font-size: 14pt;\">Caratteristiche<\/span><\/h2>\n<p>Formula chimica: Er\u2082(CO\u2083)\u2083\u00b7xH\u2082O<\/p>\n<p>Aspetto: polvere cristallina da lavanda a rosa<\/p>\n<p>Punto di fusione: &gt;400\u00b0C Decomposizione termica in ossido di erbio (Er\u2082O\u2083)<\/p>\n<p>Struttura cristallina: monoclina o triclina (a seconda del grado di idratazione e del metodo di essiccazione)<\/p>\n<h2><span style=\"font-size: 14pt;\">Applicazione<\/span><\/h2>\n<p>Er\u2082O\u2083 puro Preparazione: <strong>L&#8217;idrato di carbonato di erbio<\/strong> viene decomposto termicamente per ottenere una polvere di ossido di erbio ultrafine di elevata purezza<\/p>\n<p>Ricerca scientifica sui materiali: <strong>l&#8217;idrato di carbonato di erbio<\/strong> viene utilizzato come precursore per esplorare ceramiche di terre rare, film sottili e materiali magnetici<\/p>\n<p>Materiali funzionali optoelettronici: l \u201cerbio ha forti caratteristiche di assorbimento\/emissione nella regione dell\u201d infrarosso ed \u00e8 adatto per materiali fluorescenti a infrarossi<\/p>\n<p>Reagente per precipitazione\/separazione di terre rare: <strong>l&#8217;idrato di carbonato di erbio<\/strong> viene utilizzato per il controllo delle precipitazioni carbonatiche nella ricerca sulla separazione e il recupero delle terre rare<\/p>\n<h2><span style=\"font-size: 14pt;\">Controllo qualit\u00e0<\/span><\/h2>\n<p><span style=\"color: #0000ff;\"><a style=\"color: #0000ff;\" href=\"https:\/\/vimaterial.de\/it\/controllo-qualita\/\">I nostri prodotti<\/a><\/span> seguono rigorose procedure di controllo della qualit\u00e0 e metodi di test scientifici, tra cui ICP-MS, XRD, SEM, ecc. per condurre un \u201canalisi completa dei prodotti. I nostri prodotti sono dotati di registri completi e tracciabilit\u00e0 dall\u201d approvvigionamento delle materie prime, alla produzione fino alla spedizione, garantendo la coerenza degli ingredienti e le prestazioni tra i lotti. Ogni lotto di prodotti \u00e8 accompagnato da dati completi di ispezione della qualit\u00e0.<\/p>\n<h2><span style=\"font-size: 14pt;\">Imballaggio e stoccaggio<\/span><\/h2>\n<p><strong>La polvere di idrato di carbonato di erbio<\/strong> \u00e8 confezionata in flaconi sottovuoto e sono disponibili diverse specifiche di imballaggio come 50 g\/100 g\/500 g\/1 kg\/5 kg, che possono essere personalizzate in base alle esigenze del cliente. Grandi quantit\u00e0 sono confezionate in fusti da 25 kg e fissate con pallet standard.<\/p>\n<p>La polvere di <strong>idrato di carbonato di erbio<\/strong> viene generalmente conservata in un ambiente asciutto sigillato a temperatura ambiente per evitare il contatto con l \u201caria umida e prevenire l\u201d assorbimento e l \u201cagglomerazione dell\u201d umidit\u00e0.<\/p>\n","protected":false},"excerpt":{"rendered":"<p><span style=\"color: #0000ff;\"><a style=\"color: #0000ff;\" href=\"https:\/\/vimaterial.de\/it\/product\/erbioiii-nitrato-pentaidrato\/\"><strong>L&#8217;Erbio Carbonato Idrato<\/strong>\u00a0<\/a><\/span>(Er\u2082(CO\u2083)\u2083\u00b7xH\u2082O) \u00e8 un composto di terre rare in polvere dalla lavanda al rosa e uno dei precursori importanti per la sintesi di una variet\u00e0 di materiali funzionali delle terre rare. Questo prodotto ha le caratteristiche di elevata purezza, decomposizione termica controllabile e idratazione moderata. Pu\u00f2 essere utilizzato per preparare Er\u2082O\u2083 (ossido di erbio) di alta qualit\u00e0 mediante decomposizione termica ed \u00e8 ampiamente utilizzato in optoelettronica, ceramica, deposizione chimica da vapore (CVD) e altri campi.<\/p>\n<p>Il prodotto Er\u2082(CO\u2083)\u2083\u00b7xH\u2082O fornito da VIMATERIAL ha un \u201cidratazione controllabile, un\u201d elevata purezza, una buona stabilit\u00e0 termica ed \u00e8 adatto per una variet\u00e0 di occasioni.<span style=\"color: #0000ff;\"><a style=\"color: #0000ff;\" href=\"https:\/\/vimaterial.de\/it\/contatto\/\">Contattaci.<\/a><\/span><\/p>\n<p>&nbsp;<\/p>\n<p>&nbsp;<\/p>\n","protected":false},"featured_media":1034448,"comment_status":"open","ping_status":"closed","template":"","meta":{"_acf_changed":false},"product_brand":[],"product_cat":[203],"product_tag":[],"class_list":{"0":"post-1029178","1":"product","2":"type-product","3":"status-publish","4":"has-post-thumbnail","6":"product_cat-materiali-per-terre-rare","8":"first","9":"instock","10":"shipping-taxable","11":"purchasable","12":"product-type-variable"},"acf":[],"_links":{"self":[{"href":"https:\/\/vimaterial.de\/it\/wp-json\/wp\/v2\/product\/1029178","targetHints":{"allow":["GET"]}}],"collection":[{"href":"https:\/\/vimaterial.de\/it\/wp-json\/wp\/v2\/product"}],"about":[{"href":"https:\/\/vimaterial.de\/it\/wp-json\/wp\/v2\/types\/product"}],"replies":[{"embeddable":true,"href":"https:\/\/vimaterial.de\/it\/wp-json\/wp\/v2\/comments?post=1029178"}],"wp:featuredmedia":[{"embeddable":true,"href":"https:\/\/vimaterial.de\/it\/wp-json\/wp\/v2\/media\/1034448"}],"wp:attachment":[{"href":"https:\/\/vimaterial.de\/it\/wp-json\/wp\/v2\/media?parent=1029178"}],"wp:term":[{"taxonomy":"product_brand","embeddable":true,"href":"https:\/\/vimaterial.de\/it\/wp-json\/wp\/v2\/product_brand?post=1029178"},{"taxonomy":"product_cat","embeddable":true,"href":"https:\/\/vimaterial.de\/it\/wp-json\/wp\/v2\/product_cat?post=1029178"},{"taxonomy":"product_tag","embeddable":true,"href":"https:\/\/vimaterial.de\/it\/wp-json\/wp\/v2\/product_tag?post=1029178"}],"curies":[{"name":"wp","href":"https:\/\/api.w.org\/{rel}","templated":true}]}}