{"id":1029128,"date":"2024-06-17T16:16:16","date_gmt":"2024-06-17T08:16:16","guid":{"rendered":"https:\/\/vimaterial.de\/product\/ossido-di-erbio-2\/"},"modified":"2025-03-24T15:57:27","modified_gmt":"2025-03-24T07:57:27","slug":"ossido-di-erbio-2","status":"publish","type":"product","link":"https:\/\/vimaterial.de\/it\/product\/ossido-di-erbio-2\/","title":{"rendered":"Ossido di erbio"},"content":{"rendered":"<p>I bersagli sputtering di <span style=\"color: #0000ff;\"><a style=\"color: #0000ff;\" href=\"https:\/\/vimaterial.de\/it\/product\/ossido-di-erbio-3\/\">ossido di erbio<\/a> <\/span>hanno le caratteristiche di alto punto di fusione, elevata durezza, buona stabilit\u00e0 chimica e propriet\u00e0 ottiche. Sono spesso utilizzati nel rivestimento ottico, nella produzione di semiconduttori, nei display a schermo piatto e in altri campi per preparare materiali a film sottile ad alte prestazioni.<\/p>\n<p>VIMATERIAL fornisce il bersaglio sputtering all&#8217;ossido di erbio in varie specifiche e supporta il servizio di legatura del bersaglio. Accettiamo la personalizzazione dei prodotti, <span style=\"color: #0000ff;\"><a style=\"color: #0000ff;\" href=\"https:\/\/vimaterial.de\/it\/contatto\/\">contattaci<\/a><\/span>.<\/p>\n<h2><span style=\"font-size: 14pt;\">Propriet\u00e0<\/span><\/h2>\n<p>Formula molecolare: Er2O3<\/p>\n<p>Peso molecolare: circa 382,52<\/p>\n<p>Aspetto: polvere rosa<\/p>\n<p>Densit\u00e0: 8,64 g\/cm\u00b3<\/p>\n<p>Punto di fusione: 2344\u00b0C<\/p>\n<p>Punto di ebollizione: circa 3000\u00b0C<\/p>\n<p>Struttura cristallina: sistema esagonale, il gruppo spaziale \u00e8 P63\/mmc, gli ioni ossigeno formano un impacchettamento esagonale ravvicinato, gli ioni erbio si trovano nella lacuna ottaedrica<\/p>\n<h2><span style=\"font-size: 14pt;\">Applicazioni<\/span><\/h2>\n<p>Campo ottico: Er2O3 pu\u00f2 essere utilizzato per realizzare vetri ottici, che possono migliorare l&#8217;indice di rifrazione e le prestazioni di assorbimento degli infrarossi del vetro, migliorando cos\u00ec la qualit\u00e0 dell&#8217;imaging degli strumenti ottici.<\/p>\n<p>Industria elettronica: nell&#8217;industria elettronica, Er2O3 viene spesso utilizzato come additivo per condensatori e materiali ferroelettrici, il che aiuta a migliorare le propriet\u00e0 dielettriche e la stabilit\u00e0 dei materiali.<\/p>\n<p>Campo ceramico: l&#8217;aggiunta di Er2O3 alla ceramica pu\u00f2 ridurre la temperatura di sinterizzazione della ceramica, migliorare la densit\u00e0 e le propriet\u00e0 meccaniche della ceramica e renderla pi\u00f9 adatta per prodotti ceramici di fascia alta.<\/p>\n<h2><span style=\"font-size: 14pt;\">Controllo qualit\u00e0<\/span><\/h2>\n<p><span style=\"color: #0000ff;\"><a style=\"color: #0000ff;\" href=\"https:\/\/vimaterial.de\/it\/controllo-qualita\/\">Ogni lotto<\/a><\/span> di prodotti protegge rigorosamente la qualit\u00e0, dalla selezione dei fornitori di materie prime, all&#8217;uso di apparecchiature di collaudo avanzate per monitorare accuratamente l&#8217;intero processo di produzione, al prodotto finito attraverso molti cicli di campionamento severo e certificazione autorevole di terze parti, al sistema di controllo della qualit\u00e0 a tutto tondo e a tolleranza zero per garantire che ogni lotto di prodotti soddisfi e superi gli elevati standard del settore, per fornire ai nostri clienti la migliore qualit\u00e0 e i prodotti pi\u00f9 stabili.<\/p>\n<h2><span style=\"font-size: 14pt;\">Imballaggio e stoccaggio<\/span><\/h2>\n<p>L&#8217;obiettivo di sputtering dell&#8217;ossido di erbio viene inscatolato dopo il doppio sacco a vuoto e imballato in cartone esterno per garantire la sicurezza del trasporto.<\/p>\n<p>I bersagli sputtering di ossido di erbio devono essere conservati in un ambiente asciutto e pulito per evitare umidit\u00e0, ossidazione e danni meccanici per garantirne le prestazioni e la purezza.<\/p>\n","protected":false},"excerpt":{"rendered":"<p>I bersagli sputtering di <span style=\"color: #0000ff;\"><a style=\"color: #0000ff;\" href=\"https:\/\/vimaterial.de\/it\/product\/ossido-di-erbio-3\/\">ossido di erbio<\/a> <\/span>hanno le caratteristiche di alto punto di fusione, elevata durezza, buona stabilit\u00e0 chimica e propriet\u00e0 ottiche. Sono spesso utilizzati nel rivestimento ottico, nella produzione di semiconduttori, nei display a schermo piatto e in altri campi per preparare materiali a film sottile ad alte prestazioni.<\/p>\n<p>VIMATERIAL fornisce il bersaglio sputtering all&#8217;ossido di erbio in varie specifiche e supporta il servizio di legatura del bersaglio. Accettiamo la personalizzazione dei prodotti, <span style=\"color: #0000ff;\"><a style=\"color: #0000ff;\" href=\"https:\/\/vimaterial.de\/it\/contatto\/\">contattaci<\/a><\/span>.<\/p>\n","protected":false},"featured_media":1034468,"comment_status":"open","ping_status":"closed","template":"","meta":{"_acf_changed":false},"product_brand":[],"product_cat":[197],"product_tag":[],"class_list":{"0":"post-1029128","1":"product","2":"type-product","3":"status-publish","4":"has-post-thumbnail","6":"product_cat-obiettivi-di-sputtering-planari","8":"first","9":"instock","10":"shipping-taxable","11":"product-type-variable"},"acf":[],"_links":{"self":[{"href":"https:\/\/vimaterial.de\/it\/wp-json\/wp\/v2\/product\/1029128","targetHints":{"allow":["GET"]}}],"collection":[{"href":"https:\/\/vimaterial.de\/it\/wp-json\/wp\/v2\/product"}],"about":[{"href":"https:\/\/vimaterial.de\/it\/wp-json\/wp\/v2\/types\/product"}],"replies":[{"embeddable":true,"href":"https:\/\/vimaterial.de\/it\/wp-json\/wp\/v2\/comments?post=1029128"}],"wp:featuredmedia":[{"embeddable":true,"href":"https:\/\/vimaterial.de\/it\/wp-json\/wp\/v2\/media\/1034468"}],"wp:attachment":[{"href":"https:\/\/vimaterial.de\/it\/wp-json\/wp\/v2\/media?parent=1029128"}],"wp:term":[{"taxonomy":"product_brand","embeddable":true,"href":"https:\/\/vimaterial.de\/it\/wp-json\/wp\/v2\/product_brand?post=1029128"},{"taxonomy":"product_cat","embeddable":true,"href":"https:\/\/vimaterial.de\/it\/wp-json\/wp\/v2\/product_cat?post=1029128"},{"taxonomy":"product_tag","embeddable":true,"href":"https:\/\/vimaterial.de\/it\/wp-json\/wp\/v2\/product_tag?post=1029128"}],"curies":[{"name":"wp","href":"https:\/\/api.w.org\/{rel}","templated":true}]}}