{"id":1029116,"date":"2024-06-17T16:16:15","date_gmt":"2024-06-17T08:16:15","guid":{"rendered":"https:\/\/vimaterial.de\/product\/ossido-di-erbio\/"},"modified":"2025-06-10T10:05:32","modified_gmt":"2025-06-10T02:05:32","slug":"ossido-di-erbio","status":"publish","type":"product","link":"https:\/\/vimaterial.de\/it\/product\/ossido-di-erbio\/","title":{"rendered":"Ossido di erbio"},"content":{"rendered":"<p><span style=\"color: #0000ff;\"><a style=\"color: #0000ff;\" href=\"https:\/\/vimaterial.de\/it\/product\/ossido-di-erbio-2\/\"><strong>La polvere di ossido di erbio<\/strong><\/a><\/span> \u00e8 una polvere di ossido di terre rare dal rosa chiaro al viola con eccellenti propriet\u00e0 ottiche, elettriche e catalitiche. \u00c8 ampiamente utilizzato in settori high-tech come la colorazione del vetro, i materiali laser, gli additivi ceramici, i materiali magnetici ad alte prestazioni e l&#8217;industria nucleare.<\/p>\n<p>La <strong>polvere di ossido di erbio<\/strong> di VIMATERIAL \u00e8 preparata mediante processi avanzati di purificazione e trattamento delle polveri. Ha un&#8217;elevata purezza, una distribuzione granulometrica uniforme e un rigoroso controllo delle impurit\u00e0. Se ne hai bisogno, <span style=\"color: #0000ff;\"><a style=\"color: #0000ff;\" href=\"https:\/\/vimaterial.de\/it\/su-di-noi\/\">contattaci<\/a><\/span>.<\/p>\n<h2><span style=\"font-size: 14pt;\">Caratteristiche<\/span><\/h2>\n<p>Formulo molecolare: Er\u2082O\u2083<\/p>\n<p>Aspetto: polvere rosa chiaro o viola chiaro<\/p>\n<p>Punto di fusione: 2340\u00b0C<\/p>\n<p>Densit\u00e0: 8,64 g\/cm\u00b3<\/p>\n<p>Struttura cristallina: sistema cubico, gruppo spaziale Ia-3.<\/p>\n<h2><span style=\"font-size: 14pt;\">Applicazione<\/span><\/h2>\n<p>Additivi per vetro e ceramica: la <strong>polvere di ossido di erbio<\/strong> viene utilizzata per produrre vetro ad assorbimento anti-infrarosso, vetro colorato, ceramiche speciali, ecc., conferendo al materiale un&#8217;eccellente stabilit\u00e0 cromatica e termica.<\/p>\n<p>Materiali laser e ottici: le caratteristiche del livello di energia di eccitazione degli ioni Er\u00b3\u207a lo rendono un elemento drogante ideale per materiali laser come il granato ittrio e alluminio (YAG) e il vetro fosfato.<\/p>\n<p>Catalizzatore ad alte prestazioni: la <strong>polvere di ossido di erbio<\/strong> pu\u00f2 essere utilizzata come catalizzatore di cracking o coadiuvante del catalizzatore per migliorare l&#8217;efficienza e la selettivit\u00e0 della reazione.<\/p>\n<h2><span style=\"font-size: 14pt;\">Controllo qualit\u00e0<\/span><\/h2>\n<p><span style=\"color: #0000ff;\"><a style=\"color: #0000ff;\" href=\"https:\/\/vimaterial.de\/it\/controllo-qualita\/\">I nostri prodotti<\/a> <\/span>seguono rigorose procedure di controllo della qualit\u00e0 e metodi di test scientifici, tra cui ICP-MS, XRD, SEM, ecc. per condurre un \u201canalisi completa dei prodotti. I nostri prodotti hanno registrazioni complete e tracciabilit\u00e0 dall\u201d approvvigionamento delle materie prime, alla produzione alla spedizione per garantire la coerenza della composizione e delle prestazioni tra i lotti e ogni lotto di prodotti \u00e8 accompagnato da dati completi di ispezione della qualit\u00e0.<\/p>\n<h2><span style=\"font-size: 14pt;\">Imballaggio<\/span><\/h2>\n<p><strong>La polvere di ossido di erbio<\/strong> \u00e8 sigillata sottovuoto e ha diverse specifiche di imballaggio come 50 g \/ 100 g \/ 500 g \/ 1 kg \/ 5 kg, che possono essere personalizzate in base alle esigenze del cliente. Grandi quantit\u00e0 sono confezionate in fusti da 25 kg e fissate con pallet standard.<\/p>\n<h2><span style=\"font-size: 14pt;\">Immagazzinamento<\/span><\/h2>\n<p><strong>La polvere di ossido di erbio<\/strong> deve essere conservata in un luogo asciutto e ben ventilato per evitare l&#8217;umidit\u00e0. Si consiglia di conservarli nella confezione originale sigillata per evitare reazioni con l&#8217;umidit\u00e0 nell&#8217;aria ed evitare di mescolarli con sostanze acide o volatili.<\/p>\n<h2><span style=\"font-size: 14pt;\">Servizio e Personalizzazione<\/span><\/h2>\n<p>Non forniamo solo prodotti di modello standard, ma supportiamo anche i seguenti servizi personalizzati:<\/p>\n<p>1. Personalizzazione del controllo della dimensione delle particelle \/ purezza \/ impurit\u00e0;<\/p>\n<p>2. Consulenza applicativa e supporto alla selezione dei materiali;<\/p>\n<p>3. Consegna rapida, soluzioni di personalizzazione dell \u201cimballaggio per l\u201d esportazione.<\/p>\n","protected":false},"excerpt":{"rendered":"<p><span style=\"color: #0000ff;\"><a style=\"color: #0000ff;\" href=\"https:\/\/vimaterial.de\/it\/product\/ossido-di-erbio-2\/\"><strong>La polvere di ossido di erbio<\/strong><\/a><\/span> \u00e8 una polvere di ossido di terre rare dal rosa chiaro al viola con eccellenti propriet\u00e0 ottiche, elettriche e catalitiche. \u00c8 ampiamente utilizzato in settori high-tech come la colorazione del vetro, i materiali laser, gli additivi ceramici, i materiali magnetici ad alte prestazioni e l&#8217;industria nucleare.<\/p>\n<p>La <strong>polvere di ossido di erbio<\/strong> di VIMATERIAL \u00e8 preparata mediante processi avanzati di purificazione e trattamento delle polveri. Ha un&#8217;elevata purezza, una distribuzione granulometrica uniforme e un rigoroso controllo delle impurit\u00e0. Se ne hai bisogno, <span style=\"color: #0000ff;\"><a style=\"color: #0000ff;\" href=\"https:\/\/vimaterial.de\/it\/su-di-noi\/\">contattaci<\/a><\/span>.<\/p>\n","protected":false},"featured_media":1034463,"comment_status":"open","ping_status":"closed","template":"","meta":{"_acf_changed":false},"product_brand":[],"product_cat":[205,203],"product_tag":[],"class_list":{"0":"post-1029116","1":"product","2":"type-product","3":"status-publish","4":"has-post-thumbnail","6":"product_cat-materiali-ossidi-idrossidi","7":"product_cat-materiali-per-terre-rare","9":"first","10":"instock","11":"shipping-taxable","12":"purchasable","13":"product-type-variable"},"acf":[],"_links":{"self":[{"href":"https:\/\/vimaterial.de\/it\/wp-json\/wp\/v2\/product\/1029116","targetHints":{"allow":["GET"]}}],"collection":[{"href":"https:\/\/vimaterial.de\/it\/wp-json\/wp\/v2\/product"}],"about":[{"href":"https:\/\/vimaterial.de\/it\/wp-json\/wp\/v2\/types\/product"}],"replies":[{"embeddable":true,"href":"https:\/\/vimaterial.de\/it\/wp-json\/wp\/v2\/comments?post=1029116"}],"wp:featuredmedia":[{"embeddable":true,"href":"https:\/\/vimaterial.de\/it\/wp-json\/wp\/v2\/media\/1034463"}],"wp:attachment":[{"href":"https:\/\/vimaterial.de\/it\/wp-json\/wp\/v2\/media?parent=1029116"}],"wp:term":[{"taxonomy":"product_brand","embeddable":true,"href":"https:\/\/vimaterial.de\/it\/wp-json\/wp\/v2\/product_brand?post=1029116"},{"taxonomy":"product_cat","embeddable":true,"href":"https:\/\/vimaterial.de\/it\/wp-json\/wp\/v2\/product_cat?post=1029116"},{"taxonomy":"product_tag","embeddable":true,"href":"https:\/\/vimaterial.de\/it\/wp-json\/wp\/v2\/product_tag?post=1029116"}],"curies":[{"name":"wp","href":"https:\/\/api.w.org\/{rel}","templated":true}]}}