{"id":1029108,"date":"2024-06-17T16:16:16","date_gmt":"2024-06-17T08:16:16","guid":{"rendered":"https:\/\/vimaterial.de\/product\/cloruro-di-erbio\/"},"modified":"2025-03-24T16:43:20","modified_gmt":"2025-03-24T08:43:20","slug":"cloruro-di-erbio","status":"publish","type":"product","link":"https:\/\/vimaterial.de\/it\/product\/cloruro-di-erbio\/","title":{"rendered":"Cloruro di erbio"},"content":{"rendered":"<p><span style=\"color: #0000ff;\"><a style=\"color: #0000ff;\" href=\"https:\/\/vimaterial.de\/it\/product\/cloruro-di-erbio-esaidrato\/\">Cloruro di erbio<\/a> <\/span>La polvere \u00e8 un cristallo rosa, solubile in acqua e alcol, deliquescente, cloruro di terre rare utilizzato nella produzione di intermedi composti di erbio, vetro ottico, reagenti chimici e altre industrie.<\/p>\n<p>VIMATERIAL fornisce polvere di EuCl3 in varie specifiche e supporta il servizio di legatura del bersaglio. Accettiamo la personalizzazione dei prodotti, <span style=\"color: #0000ff;\"><a style=\"color: #0000ff;\" href=\"https:\/\/vimaterial.de\/it\/contatto\/\">contattaci.<\/a><\/span><\/p>\n<h2><span style=\"font-size: 14pt;\">Propriet\u00e0<\/span><\/h2>\n<p>Formula molecolare: EuCl\u2083<\/p>\n<p>Peso molecolare: circa 258,33<\/p>\n<p>Aspetto: polvere bianca o leggermente gialla<\/p>\n<p>Densit\u00e0: circa 4,89 g\/cm\u00b3<\/p>\n<p>Punto di fusione: circa 850\u00b0C<\/p>\n<p>Punto di ebollizione: circa 1527\u00b0C<\/p>\n<p>Struttura cristallina: sistema esagonale, il gruppo spaziale \u00e8 P6\u2083\/mmc.<\/p>\n<h2><span style=\"font-size: 14pt;\">Applicazioni<\/span><\/h2>\n<p>Industria elettronica: Nell&#8217;industria elettronica, EuCl\u2083 pu\u00f2 essere utilizzato per preparare materiali semiconduttori, che aiutano a migliorare le propriet\u00e0 optoelettroniche dei semiconduttori, migliorando cos\u00ec le prestazioni e la stabilit\u00e0 dei dispositivi elettronici.<\/p>\n<p>Campo del catalizzatore: EuCl\u2083 pu\u00f2 essere utilizzato come catalizzatore o coadiuvante del catalizzatore per alcune reazioni chimiche, che possono ridurre l&#8217;energia di attivazione della reazione, aumentare la velocit\u00e0 di reazione e la selettivit\u00e0 e ha importanti applicazioni nella sintesi organica e in altri campi.<\/p>\n<p>Materiali magnetici: i materiali magnetici preparati con EuCl\u2083 hanno propriet\u00e0 magnetiche uniche e possono essere utilizzati per produrre dispositivi magnetici ad alte prestazioni, come l&#8217;archiviazione dei dati nel campo dell&#8217;archiviazione dei dati, che dovrebbe raggiungere una maggiore densit\u00e0 di archiviazione dei dati.<\/p>\n<p>Vetro ottico: l&#8217;EuCl\u2083 aggiunto al vetro ottico pu\u00f2 modificare le propriet\u00e0 ottiche del vetro, come l&#8217;indice di rifrazione e le caratteristiche di dispersione, in modo che possa essere utilizzato per produrre lenti ottiche ad alte prestazioni e componenti di strumenti ottici.<\/p>\n<h2><span style=\"font-size: 14pt;\">Controllo qualit\u00e0<\/span><\/h2>\n<p><span style=\"color: #0000ff;\"><a style=\"color: #0000ff;\" href=\"https:\/\/vimaterial.de\/en\/quality-control\/\">Ogni lotto<\/a> <\/span>di prodotti protegge rigorosamente la qualit\u00e0, dalla selezione dei fornitori di materie prime, all&#8217;uso di apparecchiature di collaudo avanzate per monitorare accuratamente l&#8217;intero processo di produzione, al prodotto finito attraverso molti cicli di campionamento severo e certificazione autorevole di terze parti, al sistema di controllo della qualit\u00e0 a tutto tondo e a tolleranza zero per garantire che ogni lotto di prodotti soddisfi e superi gli elevati standard del settore, per fornire ai nostri clienti la migliore qualit\u00e0 e i prodotti pi\u00f9 stabili.<\/p>\n<h2><span style=\"font-size: 14pt;\">Imballaggio e stoccaggio<\/span><\/h2>\n<p>La polvere di cloruro di erbio \u00e8 confezionata in un sacchetto sottovuoto o in una bottiglia sottovuoto in cartone per garantire un trasporto sicuro.<\/p>\n<p>La polvere di cloruro di erbio deve essere conservata in contenitori sigillati e asciutti in un ambiente fresco e ben ventilato, lontano da umidit\u00e0, ossigeno e altre sostanze reattive per prevenire la deliquescenza e il deterioramento.<\/p>\n","protected":false},"excerpt":{"rendered":"<p><span style=\"color: #0000ff;\"><a style=\"color: #0000ff;\" href=\"https:\/\/vimaterial.de\/it\/product\/cloruro-di-erbio-esaidrato\/\">Cloruro di erbio<\/a> <\/span>La polvere \u00e8 un cristallo rosa, solubile in acqua e alcol, deliquescente, cloruro di terre rare utilizzato nella produzione di intermedi composti di erbio, vetro ottico, reagenti chimici e altre industrie.<\/p>\n<p>VIMATERIAL fornisce polvere di EuCl3 in varie specifiche e supporta il servizio di legatura del bersaglio. Accettiamo la personalizzazione dei prodotti, <span style=\"color: #0000ff;\"><a style=\"color: #0000ff;\" href=\"https:\/\/vimaterial.de\/it\/contatto\/\">contattaci.<\/a><\/span><\/p>\n","protected":false},"featured_media":1034478,"comment_status":"open","ping_status":"closed","template":"","meta":{"_acf_changed":false},"product_brand":[],"product_cat":[203],"product_tag":[],"class_list":{"0":"post-1029108","1":"product","2":"type-product","3":"status-publish","4":"has-post-thumbnail","6":"product_cat-materiali-per-terre-rare","8":"first","9":"instock","10":"shipping-taxable","11":"purchasable","12":"product-type-variable"},"acf":[],"_links":{"self":[{"href":"https:\/\/vimaterial.de\/it\/wp-json\/wp\/v2\/product\/1029108","targetHints":{"allow":["GET"]}}],"collection":[{"href":"https:\/\/vimaterial.de\/it\/wp-json\/wp\/v2\/product"}],"about":[{"href":"https:\/\/vimaterial.de\/it\/wp-json\/wp\/v2\/types\/product"}],"replies":[{"embeddable":true,"href":"https:\/\/vimaterial.de\/it\/wp-json\/wp\/v2\/comments?post=1029108"}],"wp:featuredmedia":[{"embeddable":true,"href":"https:\/\/vimaterial.de\/it\/wp-json\/wp\/v2\/media\/1034478"}],"wp:attachment":[{"href":"https:\/\/vimaterial.de\/it\/wp-json\/wp\/v2\/media?parent=1029108"}],"wp:term":[{"taxonomy":"product_brand","embeddable":true,"href":"https:\/\/vimaterial.de\/it\/wp-json\/wp\/v2\/product_brand?post=1029108"},{"taxonomy":"product_cat","embeddable":true,"href":"https:\/\/vimaterial.de\/it\/wp-json\/wp\/v2\/product_cat?post=1029108"},{"taxonomy":"product_tag","embeddable":true,"href":"https:\/\/vimaterial.de\/it\/wp-json\/wp\/v2\/product_tag?post=1029108"}],"curies":[{"name":"wp","href":"https:\/\/api.w.org\/{rel}","templated":true}]}}