{"id":1029104,"date":"2024-06-17T16:16:16","date_gmt":"2024-06-17T08:16:16","guid":{"rendered":"https:\/\/vimaterial.de\/product\/lega-di-nichel-erbio\/"},"modified":"2025-03-24T16:19:56","modified_gmt":"2025-03-24T08:19:56","slug":"lega-di-nichel-erbio","status":"publish","type":"product","link":"https:\/\/vimaterial.de\/it\/product\/lega-di-nichel-erbio\/","title":{"rendered":"Lega di nichel erbio"},"content":{"rendered":"<p>I granuli di lega di nichel erbio sono materiali particellari in lega composti da due elementi, erbio e nichel, che hanno un&#8217;elevata capacit\u00e0 termica specifica a basse temperature e sono comunemente usati in apparecchiature di refrigerazione a bassa temperatura come criorefrigeratori, nonch\u00e9 materiali per filtri fotografici.<\/p>\n<p>VIMATERIAL fornisce granuli Er3Ni in varie specifiche e supporta il servizio di legatura del bersaglio. Accettiamo la personalizzazione dei prodotti, <span style=\"color: #0000ff;\"><a style=\"color: #0000ff;\" href=\"https:\/\/vimaterial.de\/it\/contatto\/\">contattaci<\/a><\/span>.<\/p>\n<h2><span style=\"font-size: 14pt;\">Caratteristiche<\/span><\/h2>\n<p>Formula molecolare: Er3Ni<\/p>\n<p>Peso molecolare: circa 588,74<\/p>\n<p>Aspetto: particelle di lucentezza metallica grigio-argento<\/p>\n<p>Densit\u00e0: circa 9,11 g\/cm\u00b3<\/p>\n<p>Punto di fusione: 1525\u00b0C<\/p>\n<p>Struttura cristallina: Ha una struttura cristallina esagonale, il gruppo spaziale \u00e8 P6\u2083\/mmc e gli atomi di Er e Ni sono disposti in un certo schema nel reticolo.<\/p>\n<h2><span style=\"font-size: 14pt;\">Applicazioni<\/span><\/h2>\n<p>Campo dei dispositivi elettronici: Nei dispositivi elettronici, Er\u2083Ni, come potenziale materiale funzionale, aiuta a migliorare le prestazioni dei componenti elettronici, come il miglioramento della risposta a specifiche grandezze fisiche in alcuni sensori.<\/p>\n<p>Campo di accumulo di energia: Er\u2083Ni pu\u00f2 essere utilizzato come additivo per i materiali degli elettrodi per migliorare la conduttivit\u00e0 e la stabilit\u00e0 degli elettrodi, migliorando cos\u00ec le prestazioni di carica e scarica dei dispositivi di accumulo di energia come le batterie.<\/p>\n<p>Campo di catalisi: Er\u2083Ni mostra attivit\u00e0 catalitica in alcune reazioni chimiche e pu\u00f2 essere utilizzato per catalizzare specifiche reazioni organiche per migliorare l&#8217;efficienza e la selettivit\u00e0 della reazione.<\/p>\n<p>Campo delle leghe: l&#8217;aggiunta di Er\u2083Ni alle leghe pu\u00f2 affinare i grani, migliorare le propriet\u00e0 meccaniche delle leghe e migliorarne la resistenza e la resistenza all&#8217;usura, rendendolo adatto per la produzione di parti meccaniche di fascia alta.<\/p>\n<h2><span style=\"font-size: 14pt;\">Controllo qualit\u00e0<\/span><\/h2>\n<p><span style=\"color: #0000ff;\"><a style=\"color: #0000ff;\" href=\"https:\/\/vimaterial.de\/it\/controllo-qualita\/\">Ogni lotto<\/a><\/span> di prodotti protegge rigorosamente la qualit\u00e0, dalla selezione dei fornitori di materie prime, all&#8217;uso di apparecchiature di collaudo avanzate per monitorare accuratamente l&#8217;intero processo di produzione, al prodotto finito attraverso molti cicli di campionamento severo e certificazione autorevole di terze parti, al sistema di controllo della qualit\u00e0 a tutto tondo e a tolleranza zero per garantire che ogni lotto di prodotti soddisfi e superi gli elevati standard del settore, per fornire ai nostri clienti la migliore qualit\u00e0 e i prodotti pi\u00f9 stabili.<\/p>\n<h2><span style=\"font-size: 14pt;\">Imballaggio e stoccaggio<\/span><\/h2>\n<p>I granuli di lega di nichel erbio sono confezionati in sacchetto sottovuoto o bottiglia sottovuoto in cartone per garantire un trasporto sicuro.<\/p>\n<p>I granuli di lega di nichel erbio devono essere conservati in un ambiente sigillato, asciutto e a bassa temperatura, evitando il contatto con aria e umidit\u00e0 e prevenendo l&#8217;ossidazione e altre reazioni chimiche per mantenerne le prestazioni stabili.<\/p>\n","protected":false},"excerpt":{"rendered":"<p>I granuli di lega di nichel erbio sono materiali particellari in lega composti da due elementi, erbio e nichel, che hanno un&#8217;elevata capacit\u00e0 termica specifica a basse temperature e sono comunemente usati in apparecchiature di refrigerazione a bassa temperatura come criorefrigeratori, nonch\u00e9 materiali per filtri fotografici.<\/p>\n<p>VIMATERIAL fornisce granuli Er3Ni in varie specifiche e supporta il servizio di legatura del bersaglio. Accettiamo la personalizzazione dei prodotti, <span style=\"color: #0000ff;\"><a style=\"color: #0000ff;\" href=\"https:\/\/vimaterial.de\/it\/contatto\/\">contattaci<\/a><\/span>.<\/p>\n","protected":false},"featured_media":1034473,"comment_status":"open","ping_status":"closed","template":"","meta":{"_acf_changed":false},"product_brand":[],"product_cat":[198],"product_tag":[],"class_list":{"0":"post-1029104","1":"product","2":"type-product","3":"status-publish","4":"has-post-thumbnail","6":"product_cat-materiali-per-levaporazione","8":"first","9":"instock","10":"shipping-taxable","11":"product-type-variable"},"acf":[],"_links":{"self":[{"href":"https:\/\/vimaterial.de\/it\/wp-json\/wp\/v2\/product\/1029104","targetHints":{"allow":["GET"]}}],"collection":[{"href":"https:\/\/vimaterial.de\/it\/wp-json\/wp\/v2\/product"}],"about":[{"href":"https:\/\/vimaterial.de\/it\/wp-json\/wp\/v2\/types\/product"}],"replies":[{"embeddable":true,"href":"https:\/\/vimaterial.de\/it\/wp-json\/wp\/v2\/comments?post=1029104"}],"wp:featuredmedia":[{"embeddable":true,"href":"https:\/\/vimaterial.de\/it\/wp-json\/wp\/v2\/media\/1034473"}],"wp:attachment":[{"href":"https:\/\/vimaterial.de\/it\/wp-json\/wp\/v2\/media?parent=1029104"}],"wp:term":[{"taxonomy":"product_brand","embeddable":true,"href":"https:\/\/vimaterial.de\/it\/wp-json\/wp\/v2\/product_brand?post=1029104"},{"taxonomy":"product_cat","embeddable":true,"href":"https:\/\/vimaterial.de\/it\/wp-json\/wp\/v2\/product_cat?post=1029104"},{"taxonomy":"product_tag","embeddable":true,"href":"https:\/\/vimaterial.de\/it\/wp-json\/wp\/v2\/product_tag?post=1029104"}],"curies":[{"name":"wp","href":"https:\/\/api.w.org\/{rel}","templated":true}]}}