{"id":1029059,"date":"2024-06-17T16:16:17","date_gmt":"2024-06-17T08:16:17","guid":{"rendered":"https:\/\/vimaterial.de\/product\/fosfato-di-erbio\/"},"modified":"2025-03-20T18:14:14","modified_gmt":"2025-03-20T10:14:14","slug":"fosfato-di-erbio","status":"publish","type":"product","link":"https:\/\/vimaterial.de\/it\/product\/fosfato-di-erbio\/","title":{"rendered":"Fosfato di erbio"},"content":{"rendered":"<p>La polvere di fosfato di erbio \u00e8 una polvere composta da un composto di terre rare composta dagli elementi fosforo ed erbio, con propriet\u00e0 fisiche e chimiche uniche e potenziali applicazioni nei campi dell&#8217;ottica e dell&#8217;elettronica.<\/p>\n<p>VIMATERIAL fornisce polvere ErPO4 in varie specifiche e supporta il servizio di legatura del bersaglio. Accettiamo la personalizzazione dei prodotti, <span style=\"color: #0000ff;\"><a style=\"color: #0000ff;\" href=\"https:\/\/vimaterial.de\/it\/contatto\/\">contattaci<\/a><\/span>.<\/p>\n<h2><span style=\"font-size: 14pt;\">Propriet\u00e0<\/span><\/h2>\n<p>Formula molecolare: ErPO4<\/p>\n<p>Peso molecolare: circa 262,23 g\/mol<\/p>\n<p>Aspetto: polvere biancastra<\/p>\n<p>Densit\u00e0: circa 6,164 mg\/m\u00b3.<\/p>\n<p>Punto di fusione: circa 158 \u00b0C a 760 mmHg<\/p>\n<p>Struttura cristallina: Tetragonale, zircone, gruppo spaziale I4\u2081\/amd<\/p>\n<h2><span style=\"font-size: 14pt;\">Applicazioni<\/span><\/h2>\n<p>Materiale laser: pu\u00f2 essere utilizzato per realizzare cristalli laser e svolge un ruolo importante nella tecnologia laser. La sua speciale struttura elettronica e le sue propriet\u00e0 ottiche gli consentono di fornire un guadagno ottico stabile durante l&#8217;emissione laser, generando cos\u00ec un raggio laser di alta qualit\u00e0.<\/p>\n<p>Additivi per vetro ottico: Aggiunti al vetro ottico per migliorare le propriet\u00e0 ottiche del vetro.<\/p>\n<p>Materiali semiconduttori: come materiale semiconduttore, l&#8217;erbio fosfato pu\u00f2 essere utilizzato nella produzione di dispositivi semiconduttori come transistor e circuiti integrati. Le sue propriet\u00e0 dei semiconduttori possono realizzare il controllo e la regolazione della corrente e della tensione nelle apparecchiature elettroniche, migliorando cos\u00ec le prestazioni e l&#8217;affidabilit\u00e0 delle apparecchiature elettroniche.<\/p>\n<p>Materiali ceramici elettronici: utilizzati per preparare materiali ceramici elettronici come ceramiche per condensatori e ceramiche termiche.<\/p>\n<h2><span style=\"font-size: 14pt;\">Controllo qualit\u00e0<\/span><\/h2>\n<p><span style=\"color: #0000ff;\"><a style=\"color: #0000ff;\" href=\"https:\/\/vimaterial.de\/it\/controllo-qualita\/\">Ogni lotto<\/a><\/span> di prodotti protegge rigorosamente la qualit\u00e0, dalla selezione dei fornitori di materie prime, all&#8217;uso di apparecchiature di collaudo avanzate per monitorare accuratamente l&#8217;intero processo di produzione, al prodotto finito attraverso molti cicli di campionamento severo e certificazione autorevole di terze parti, al sistema di controllo della qualit\u00e0 a tutto tondo e a tolleranza zero per garantire che ogni lotto di prodotti soddisfi e superi gli elevati standard del settore, per fornire ai nostri clienti la migliore qualit\u00e0 e i prodotti pi\u00f9 stabili.<\/p>\n<h2><span style=\"font-size: 14pt;\">Imballaggio e stoccaggio<\/span><\/h2>\n<p>La polvere di fosfato di erbio \u00e8 confezionata in un sacchetto sottovuoto o in una bottiglia sottovuoto in cartone per garantire un trasporto sicuro.<\/p>\n<p>L&#8217;erbio fosfato deve essere conservato in un ambiente asciutto e fresco, lontano dall&#8217;umidit\u00e0 e da acidi o basi forti per prevenirne il deterioramento e garantirne la stabilit\u00e0.<\/p>\n","protected":false},"excerpt":{"rendered":"<p>La polvere di fosfato di erbio \u00e8 una polvere composta da un composto di terre rare composta dagli elementi fosforo ed erbio, con propriet\u00e0 fisiche e chimiche uniche e potenziali applicazioni nei campi dell&#8217;ottica e dell&#8217;elettronica.<\/p>\n<p>VIMATERIAL fornisce polvere ErPO4 in varie specifiche e supporta il servizio di legatura del bersaglio. Accettiamo la personalizzazione dei prodotti, <span style=\"color: #0000ff;\"><a style=\"color: #0000ff;\" href=\"https:\/\/vimaterial.de\/it\/contatto\/\">contattaci<\/a><\/span>.<\/p>\n","protected":false},"featured_media":1034503,"comment_status":"open","ping_status":"closed","template":"","meta":{"_acf_changed":false},"product_brand":[],"product_cat":[165],"product_tag":[],"class_list":{"0":"post-1029059","1":"product","2":"type-product","3":"status-publish","4":"has-post-thumbnail","6":"product_cat-senza-categoria","8":"first","9":"instock","10":"shipping-taxable","11":"product-type-variable"},"acf":[],"_links":{"self":[{"href":"https:\/\/vimaterial.de\/it\/wp-json\/wp\/v2\/product\/1029059","targetHints":{"allow":["GET"]}}],"collection":[{"href":"https:\/\/vimaterial.de\/it\/wp-json\/wp\/v2\/product"}],"about":[{"href":"https:\/\/vimaterial.de\/it\/wp-json\/wp\/v2\/types\/product"}],"replies":[{"embeddable":true,"href":"https:\/\/vimaterial.de\/it\/wp-json\/wp\/v2\/comments?post=1029059"}],"wp:featuredmedia":[{"embeddable":true,"href":"https:\/\/vimaterial.de\/it\/wp-json\/wp\/v2\/media\/1034503"}],"wp:attachment":[{"href":"https:\/\/vimaterial.de\/it\/wp-json\/wp\/v2\/media?parent=1029059"}],"wp:term":[{"taxonomy":"product_brand","embeddable":true,"href":"https:\/\/vimaterial.de\/it\/wp-json\/wp\/v2\/product_brand?post=1029059"},{"taxonomy":"product_cat","embeddable":true,"href":"https:\/\/vimaterial.de\/it\/wp-json\/wp\/v2\/product_cat?post=1029059"},{"taxonomy":"product_tag","embeddable":true,"href":"https:\/\/vimaterial.de\/it\/wp-json\/wp\/v2\/product_tag?post=1029059"}],"curies":[{"name":"wp","href":"https:\/\/api.w.org\/{rel}","templated":true}]}}