{"id":1029053,"date":"2024-06-17T16:16:17","date_gmt":"2024-06-17T08:16:17","guid":{"rendered":"https:\/\/vimaterial.de\/product\/fluoruro-di-erbio\/"},"modified":"2025-03-20T17:55:20","modified_gmt":"2025-03-20T09:55:20","slug":"fluoruro-di-erbio","status":"publish","type":"product","link":"https:\/\/vimaterial.de\/it\/product\/fluoruro-di-erbio\/","title":{"rendered":"Fluoruro di erbio"},"content":{"rendered":"<p>Il bersaglio sputtering del <span style=\"color: #0000ff;\"><a style=\"color: #0000ff;\" href=\"https:\/\/vimaterial.de\/it\/product\/fluoruro-di-erbio-2\/\">fluoruro di erbio<\/a><\/span> \u00e8 un materiale funzionale realizzato con fluoruro di erbio come materia prima e utilizzato nella tecnologia di rivestimento sputtering per depositare il film sottile di fluoruro di erbio sul substrato, che ha importanti applicazioni in molti campi come l&#8217;ottica e l&#8217;elettronica.<\/p>\n<p>VIMATERIAL fornisce il bersaglio per sputtering al fluoruro di erbio in varie specifiche e supporta il servizio di legatura del bersaglio. Accettiamo la personalizzazione dei prodotti, <span style=\"color: #0000ff;\"><a style=\"color: #0000ff;\" href=\"https:\/\/vimaterial.de\/it\/contatto\/\">contattaci.<\/a><\/span><\/p>\n<h2><span style=\"font-size: 14pt;\">Propriet\u00e0<\/span><\/h2>\n<p>Formula molecolare: ErF3<\/p>\n<p>Peso molecolare: circa 224,25<\/p>\n<p>Aspetto: bersaglio rosa<\/p>\n<p>Densit\u00e0: circa 7,814<\/p>\n<p>Punto di ebollizione: 2200 \u00baC<\/p>\n<h2><span style=\"font-size: 14pt;\">Applicazioni<\/span><\/h2>\n<p>Rivestimento ottico: pu\u00f2 essere utilizzato per preparare vari tipi di pellicole ottiche, in lenti ottiche, lenti, strumenti ottici e altri prodotti, attraverso lo sputtering del film sottile di fluoruro di erbio pu\u00f2 migliorare la trasmittanza, la riflettivit\u00e0 e altre propriet\u00e0 dei componenti ottici, migliorare la qualit\u00e0 dell&#8217;imaging e le prestazioni ottiche dei sistemi ottici.<\/p>\n<p>Produzione di semiconduttori: nel processo di produzione di chip semiconduttori, i target di sputtering del fluoruro di erbio possono essere utilizzati per preparare strati isolanti e materiali per elettrodi per transistor a film sottile (TFT) e circuiti integrati (IC).<\/p>\n<p>Incapsulamento elettronico: rivestimento superficiale per materiali di incapsulamento elettronico per migliorare la resistenza alla corrosione, l&#8217;isolamento e le propriet\u00e0 di dissipazione del calore dei materiali di incapsulamento, in modo da proteggere le apparecchiature elettroniche dall&#8217;influenza dell&#8217;ambiente esterno e migliorare l&#8217;affidabilit\u00e0 e la durata delle apparecchiature elettroniche.<\/p>\n<h2><span style=\"font-size: 14pt;\">Controllo qualit\u00e0<\/span><\/h2>\n<p><span style=\"color: #0000ff;\"><a style=\"color: #0000ff;\" href=\"https:\/\/vimaterial.de\/it\/controllo-qualita\/\">Ogni lotto<\/a><\/span> di prodotti protegge rigorosamente la qualit\u00e0, dalla selezione dei fornitori di materie prime, all&#8217;uso di apparecchiature di collaudo avanzate per monitorare accuratamente l&#8217;intero processo di produzione, al prodotto finito attraverso molti cicli di campionamento severo e certificazione autorevole di terze parti, al sistema di controllo della qualit\u00e0 a tutto tondo e a tolleranza zero per garantire che ogni lotto di prodotti soddisfi e superi gli elevati standard del settore, per fornire ai nostri clienti la migliore qualit\u00e0 e i prodotti pi\u00f9 stabili.<\/p>\n<h2><span style=\"font-size: 14pt;\">Imballaggio e stoccaggio<\/span><\/h2>\n<p>L&#8217;obiettivo di sputtering del fluoruro di erbio viene inscatolato dopo il doppio sacco a vuoto e imballato in cartone esterno per garantire la sicurezza del trasporto.<\/p>\n<p>I bersagli per sputtering al fluoruro di erbio devono essere conservati in un ambiente asciutto, fresco e ventilato, evitando il contatto con umidit\u00e0, luce forte e sostanze corrosive, e imballati in imballaggi sigillati a prova di umidit\u00e0 per prevenire la contaminazione e l&#8217;ossidazione.<\/p>\n","protected":false},"excerpt":{"rendered":"<p>Il bersaglio sputtering del <span style=\"color: #0000ff;\"><a style=\"color: #0000ff;\" href=\"https:\/\/vimaterial.de\/it\/product\/fluoruro-di-erbio-2\/\">fluoruro di erbio<\/a><\/span> \u00e8 un materiale funzionale realizzato con fluoruro di erbio come materia prima e utilizzato nella tecnologia di rivestimento sputtering per depositare il film sottile di fluoruro di erbio sul substrato, che ha importanti applicazioni in molti campi come l&#8217;ottica e l&#8217;elettronica.<\/p>\n<p>VIMATERIAL fornisce il bersaglio per sputtering al fluoruro di erbio in varie specifiche e supporta il servizio di legatura del bersaglio. Accettiamo la personalizzazione dei prodotti, <span style=\"color: #0000ff;\"><a style=\"color: #0000ff;\" href=\"https:\/\/vimaterial.de\/it\/contatto\/\">contattaci.<\/a><\/span><\/p>\n<p>&nbsp;<\/p>\n","protected":false},"featured_media":1034498,"comment_status":"open","ping_status":"closed","template":"","meta":{"_acf_changed":false},"product_brand":[],"product_cat":[197],"product_tag":[],"class_list":{"0":"post-1029053","1":"product","2":"type-product","3":"status-publish","4":"has-post-thumbnail","6":"product_cat-obiettivi-di-sputtering-planari","8":"first","9":"outofstock","10":"shipping-taxable","11":"product-type-variable"},"acf":[],"_links":{"self":[{"href":"https:\/\/vimaterial.de\/it\/wp-json\/wp\/v2\/product\/1029053","targetHints":{"allow":["GET"]}}],"collection":[{"href":"https:\/\/vimaterial.de\/it\/wp-json\/wp\/v2\/product"}],"about":[{"href":"https:\/\/vimaterial.de\/it\/wp-json\/wp\/v2\/types\/product"}],"replies":[{"embeddable":true,"href":"https:\/\/vimaterial.de\/it\/wp-json\/wp\/v2\/comments?post=1029053"}],"wp:featuredmedia":[{"embeddable":true,"href":"https:\/\/vimaterial.de\/it\/wp-json\/wp\/v2\/media\/1034498"}],"wp:attachment":[{"href":"https:\/\/vimaterial.de\/it\/wp-json\/wp\/v2\/media?parent=1029053"}],"wp:term":[{"taxonomy":"product_brand","embeddable":true,"href":"https:\/\/vimaterial.de\/it\/wp-json\/wp\/v2\/product_brand?post=1029053"},{"taxonomy":"product_cat","embeddable":true,"href":"https:\/\/vimaterial.de\/it\/wp-json\/wp\/v2\/product_cat?post=1029053"},{"taxonomy":"product_tag","embeddable":true,"href":"https:\/\/vimaterial.de\/it\/wp-json\/wp\/v2\/product_tag?post=1029053"}],"curies":[{"name":"wp","href":"https:\/\/api.w.org\/{rel}","templated":true}]}}